{"id":4354,"date":"2025-11-01T03:51:22","date_gmt":"2025-11-01T03:51:22","guid":{"rendered":"https:\/\/www.gdjiexun.cn\/?post_type=product&#038;p=4354"},"modified":"2025-11-01T03:51:59","modified_gmt":"2025-11-01T03:51:59","slug":"home-and-commercial-stainless-steel-cutlery-set-food-grade-fork-and-spoon-cutlery-for-restaurant-kitchens","status":"publish","type":"product","link":"https:\/\/www.cutlery.net.cn\/pt\/produto\/home-and-commercial-stainless-steel-cutlery-set-food-grade-fork-and-spoon-cutlery-for-restaurant-kitchens\/","title":{"rendered":"Conjunto de talheres de a\u00e7o inoxid\u00e1vel para uso dom\u00e9stico e comercial Talheres de garfo e colher de qualidade alimentar para cozinhas de restaurantes"},"content":{"rendered":"<p><img fetchpriority=\"high\" decoding=\"async\" class=\"aligncenter size-full wp-image-4355\" src=\"https:\/\/www.gdjiexun.cn\/wp-content\/uploads\/2025\/11\/H249.webp\" alt=\"\" width=\"700\" height=\"700\" srcset=\"https:\/\/www.cutlery.net.cn\/wp-content\/uploads\/2025\/11\/H249.webp 700w, https:\/\/www.cutlery.net.cn\/wp-content\/uploads\/2025\/11\/H249-300x300.webp 300w, https:\/\/www.cutlery.net.cn\/wp-content\/uploads\/2025\/11\/H249-150x150.webp 150w, https:\/\/www.cutlery.net.cn\/wp-content\/uploads\/2025\/11\/H249-600x600.webp 600w, https:\/\/www.cutlery.net.cn\/wp-content\/uploads\/2025\/11\/H249-100x100.webp 100w\" sizes=\"(max-width: 700px) 100vw, 700px\" \/><\/p>\n<p>&nbsp;<\/p>\n<p>&nbsp;<\/p>","protected":false},"excerpt":{"rendered":"<p>&nbsp; &nbsp;<\/p>","protected":false},"featured_media":4355,"comment_status":"open","ping_status":"closed","template":"","meta":{"_seopress_robots_primary_cat":"","_seopress_titles_title":"","_seopress_titles_desc":"","_seopress_robots_index":""},"product_brand":[],"product_cat":[74],"product_tag":[],"class_list":{"0":"post-4354","1":"product","2":"type-product","3":"status-publish","4":"has-post-thumbnail","6":"product_cat-hrange","8":"first","9":"instock","10":"virtual","11":"purchasable","12":"product-type-simple"},"_links":{"self":[{"href":"https:\/\/www.cutlery.net.cn\/pt\/wp-json\/wp\/v2\/product\/4354","targetHints":{"allow":["GET"]}}],"collection":[{"href":"https:\/\/www.cutlery.net.cn\/pt\/wp-json\/wp\/v2\/product"}],"about":[{"href":"https:\/\/www.cutlery.net.cn\/pt\/wp-json\/wp\/v2\/types\/product"}],"replies":[{"embeddable":true,"href":"https:\/\/www.cutlery.net.cn\/pt\/wp-json\/wp\/v2\/comments?post=4354"}],"wp:featuredmedia":[{"embeddable":true,"href":"https:\/\/www.cutlery.net.cn\/pt\/wp-json\/wp\/v2\/media\/4355"}],"wp:attachment":[{"href":"https:\/\/www.cutlery.net.cn\/pt\/wp-json\/wp\/v2\/media?parent=4354"}],"wp:term":[{"taxonomy":"product_brand","embeddable":true,"href":"https:\/\/www.cutlery.net.cn\/pt\/wp-json\/wp\/v2\/product_brand?post=4354"},{"taxonomy":"product_cat","embeddable":true,"href":"https:\/\/www.cutlery.net.cn\/pt\/wp-json\/wp\/v2\/product_cat?post=4354"},{"taxonomy":"product_tag","embeddable":true,"href":"https:\/\/www.cutlery.net.cn\/pt\/wp-json\/wp\/v2\/product_tag?post=4354"}],"curies":[{"name":"wp","href":"https:\/\/api.w.org\/{rel}","templated":true}]}}