{"id":4290,"date":"2025-10-31T08:05:09","date_gmt":"2025-10-31T08:05:09","guid":{"rendered":"https:\/\/www.gdjiexun.cn\/?post_type=product&#038;p=4290"},"modified":"2025-10-31T08:05:47","modified_gmt":"2025-10-31T08:05:47","slug":"conjunto-de-talheres-de-cabo-longo-em-aco-inoxidavel-com-um-equilibrio-perfeito-entre-funcionalidade-elegancia-e-conforto","status":"publish","type":"product","link":"https:\/\/www.cutlery.net.cn\/pt\/produto\/conjunto-de-talheres-de-cabo-longo-em-aco-inoxidavel-com-um-equilibrio-perfeito-entre-funcionalidade-elegancia-e-conforto\/","title":{"rendered":"Conjunto de talheres de cabo longo em a\u00e7o inoxid\u00e1vel com um equil\u00edbrio perfeito entre funcionalidade, eleg\u00e2ncia e conforto"},"content":{"rendered":"<p><img fetchpriority=\"high\" decoding=\"async\" class=\"aligncenter size-full wp-image-4291\" src=\"https:\/\/www.gdjiexun.cn\/wp-content\/uploads\/2025\/10\/H217.webp\" alt=\"\" width=\"700\" height=\"700\" srcset=\"https:\/\/www.cutlery.net.cn\/wp-content\/uploads\/2025\/10\/H217.webp 700w, https:\/\/www.cutlery.net.cn\/wp-content\/uploads\/2025\/10\/H217-300x300.webp 300w, https:\/\/www.cutlery.net.cn\/wp-content\/uploads\/2025\/10\/H217-150x150.webp 150w, https:\/\/www.cutlery.net.cn\/wp-content\/uploads\/2025\/10\/H217-600x600.webp 600w, https:\/\/www.cutlery.net.cn\/wp-content\/uploads\/2025\/10\/H217-100x100.webp 100w\" sizes=\"(max-width: 700px) 100vw, 700px\" \/><\/p>\n<p>&nbsp;<\/p>\n<p>&nbsp;<\/p>","protected":false},"excerpt":{"rendered":"<p>&nbsp; &nbsp;<\/p>","protected":false},"featured_media":4291,"comment_status":"open","ping_status":"closed","template":"","meta":{"_seopress_robots_primary_cat":"","_seopress_titles_title":"","_seopress_titles_desc":"","_seopress_robots_index":""},"product_brand":[],"product_cat":[74],"product_tag":[],"class_list":{"0":"post-4290","1":"product","2":"type-product","3":"status-publish","4":"has-post-thumbnail","6":"product_cat-hrange","8":"first","9":"instock","10":"virtual","11":"purchasable","12":"product-type-simple"},"_links":{"self":[{"href":"https:\/\/www.cutlery.net.cn\/pt\/wp-json\/wp\/v2\/product\/4290","targetHints":{"allow":["GET"]}}],"collection":[{"href":"https:\/\/www.cutlery.net.cn\/pt\/wp-json\/wp\/v2\/product"}],"about":[{"href":"https:\/\/www.cutlery.net.cn\/pt\/wp-json\/wp\/v2\/types\/product"}],"replies":[{"embeddable":true,"href":"https:\/\/www.cutlery.net.cn\/pt\/wp-json\/wp\/v2\/comments?post=4290"}],"wp:featuredmedia":[{"embeddable":true,"href":"https:\/\/www.cutlery.net.cn\/pt\/wp-json\/wp\/v2\/media\/4291"}],"wp:attachment":[{"href":"https:\/\/www.cutlery.net.cn\/pt\/wp-json\/wp\/v2\/media?parent=4290"}],"wp:term":[{"taxonomy":"product_brand","embeddable":true,"href":"https:\/\/www.cutlery.net.cn\/pt\/wp-json\/wp\/v2\/product_brand?post=4290"},{"taxonomy":"product_cat","embeddable":true,"href":"https:\/\/www.cutlery.net.cn\/pt\/wp-json\/wp\/v2\/product_cat?post=4290"},{"taxonomy":"product_tag","embeddable":true,"href":"https:\/\/www.cutlery.net.cn\/pt\/wp-json\/wp\/v2\/product_tag?post=4290"}],"curies":[{"name":"wp","href":"https:\/\/api.w.org\/{rel}","templated":true}]}}