{"id":4159,"date":"2025-10-30T02:53:27","date_gmt":"2025-10-30T02:53:27","guid":{"rendered":"https:\/\/www.gdjiexun.cn\/?post_type=product&#038;p=4159"},"modified":"2025-10-30T02:55:43","modified_gmt":"2025-10-30T02:55:43","slug":"talheres-de-cozinha-ecologicos-em-aco-inoxidavel-polido-brilhante-talheres-de-cozinha-de-luxo-artesanais-decorativos-para-cozinha-talheres-de-mesa","status":"publish","type":"product","link":"https:\/\/www.cutlery.net.cn\/pt\/produto\/talheres-de-cozinha-ecologicos-em-aco-inoxidavel-polido-brilhante-talheres-de-cozinha-de-luxo-artesanais-decorativos-para-cozinha-talheres-de-mesa\/","title":{"rendered":"Talheres de cozinha polidos brilhantes em a\u00e7o inoxid\u00e1vel ecol\u00f3gico Talheres de cozinha decorativos de luxo feitos \u00e0 m\u00e3o Artigos de mesa"},"content":{"rendered":"<p><img fetchpriority=\"high\" decoding=\"async\" class=\"aligncenter size-full wp-image-4160\" src=\"https:\/\/www.gdjiexun.cn\/wp-content\/uploads\/2025\/10\/H125.webp\" alt=\"\" width=\"700\" height=\"700\" srcset=\"https:\/\/www.cutlery.net.cn\/wp-content\/uploads\/2025\/10\/H125.webp 700w, https:\/\/www.cutlery.net.cn\/wp-content\/uploads\/2025\/10\/H125-300x300.webp 300w, https:\/\/www.cutlery.net.cn\/wp-content\/uploads\/2025\/10\/H125-150x150.webp 150w, https:\/\/www.cutlery.net.cn\/wp-content\/uploads\/2025\/10\/H125-600x600.webp 600w, https:\/\/www.cutlery.net.cn\/wp-content\/uploads\/2025\/10\/H125-100x100.webp 100w\" sizes=\"(max-width: 700px) 100vw, 700px\" \/><\/p>\n<p>&nbsp;<\/p>\n<p>&nbsp;<\/p>","protected":false},"excerpt":{"rendered":"<p>&nbsp; &nbsp;<\/p>","protected":false},"featured_media":4160,"comment_status":"open","ping_status":"closed","template":"","meta":{"_seopress_robots_primary_cat":"","_seopress_titles_title":"","_seopress_titles_desc":"","_seopress_robots_index":""},"product_brand":[],"product_cat":[74],"product_tag":[],"class_list":{"0":"post-4159","1":"product","2":"type-product","3":"status-publish","4":"has-post-thumbnail","6":"product_cat-hrange","8":"first","9":"instock","10":"virtual","11":"purchasable","12":"product-type-simple"},"_links":{"self":[{"href":"https:\/\/www.cutlery.net.cn\/pt\/wp-json\/wp\/v2\/product\/4159","targetHints":{"allow":["GET"]}}],"collection":[{"href":"https:\/\/www.cutlery.net.cn\/pt\/wp-json\/wp\/v2\/product"}],"about":[{"href":"https:\/\/www.cutlery.net.cn\/pt\/wp-json\/wp\/v2\/types\/product"}],"replies":[{"embeddable":true,"href":"https:\/\/www.cutlery.net.cn\/pt\/wp-json\/wp\/v2\/comments?post=4159"}],"wp:featuredmedia":[{"embeddable":true,"href":"https:\/\/www.cutlery.net.cn\/pt\/wp-json\/wp\/v2\/media\/4160"}],"wp:attachment":[{"href":"https:\/\/www.cutlery.net.cn\/pt\/wp-json\/wp\/v2\/media?parent=4159"}],"wp:term":[{"taxonomy":"product_brand","embeddable":true,"href":"https:\/\/www.cutlery.net.cn\/pt\/wp-json\/wp\/v2\/product_brand?post=4159"},{"taxonomy":"product_cat","embeddable":true,"href":"https:\/\/www.cutlery.net.cn\/pt\/wp-json\/wp\/v2\/product_cat?post=4159"},{"taxonomy":"product_tag","embeddable":true,"href":"https:\/\/www.cutlery.net.cn\/pt\/wp-json\/wp\/v2\/product_tag?post=4159"}],"curies":[{"name":"wp","href":"https:\/\/api.w.org\/{rel}","templated":true}]}}