{"id":4081,"date":"2025-10-28T03:14:36","date_gmt":"2025-10-28T03:14:36","guid":{"rendered":"https:\/\/www.gdjiexun.cn\/?post_type=product&#038;p=4081"},"modified":"2025-11-04T06:52:02","modified_gmt":"2025-11-04T06:52:02","slug":"talheres-de-jantar-por-atacado-talheres-de-aco-inoxidavel-de-alta-qualidade-talheres-de-prata-com-alca-de-niquel-conjunto-de-talheres-para-casamento","status":"publish","type":"product","link":"https:\/\/www.cutlery.net.cn\/pt\/produto\/talheres-de-jantar-por-atacado-talheres-de-aco-inoxidavel-de-alta-qualidade-talheres-de-prata-com-alca-de-niquel-conjunto-de-talheres-para-casamento\/","title":{"rendered":"Talheres de jantar por grosso Conjunto de talheres de casamento de a\u00e7o inoxid\u00e1vel de alta qualidade com cabo de n\u00edquel prateado de luxo"},"content":{"rendered":"<p><img alt=\"\" fetchpriority=\"high\" decoding=\"async\" class=\"aligncenter size-full wp-image-4082\" src=\"https:\/\/www.gdjiexun.cn\/wp-content\/uploads\/2025\/10\/H082.webp\" width=\"700\" height=\"700\" srcset=\"https:\/\/www.cutlery.net.cn\/wp-content\/uploads\/2025\/10\/H082.webp 700w, https:\/\/www.cutlery.net.cn\/wp-content\/uploads\/2025\/10\/H082-300x300.webp 300w, https:\/\/www.cutlery.net.cn\/wp-content\/uploads\/2025\/10\/H082-150x150.webp 150w, https:\/\/www.cutlery.net.cn\/wp-content\/uploads\/2025\/10\/H082-600x600.webp 600w, https:\/\/www.cutlery.net.cn\/wp-content\/uploads\/2025\/10\/H082-100x100.webp 100w\" sizes=\"(max-width: 700px) 100vw, 700px\" \/><\/p>\n<p>&nbsp;<\/p>\n<h2 style=\"color: #eb9363;\"><span style=\"font-size: 16pt;\">\u25b8 PAR\u00c2METROS DO PRODUTO<\/span><\/h2>\n<table style=\"height: 121px; width: 100%; border-collapse: collapse; border-style: solid; border-color: #dddddd;\" border=\"1\">\n<tbody>\n<tr style=\"height: 24px;\">\n<td style=\"width: 11.1439%; height: 24px; border: 1px solid #dddddd; background-color: #f2f2f2;\">Item No:<\/td>\n<td style=\"width: 13.6163%; height: 24px; border: 1px solid #dddddd; background-color: #f2f2f2;\">Nome<\/td>\n<td style=\"width: 13.3949%; border: 1px solid #dddddd; background-color: #f2f2f2;\">Espessura (mm)<\/td>\n<td style=\"width: 14.5197%; height: 24px; border: 1px solid #dddddd; background-color: #f2f2f2;\">Polimento<\/td>\n<td style=\"width: 14.4459%; border: 1px solid #dddddd; background-color: #f2f2f2;\">Dimens\u00f5es (mm)<\/td>\n<td style=\"width: 15.241%; height: 24px; border: 1px solid #dddddd; background-color: #f2f2f2;\">Peso (g)<\/td>\n<\/tr>\n<tr style=\"height: 24px;\">\n<td style=\"width: 11.1439%; height: 97px; border: 1px solid #dddddd; vertical-align: middle;\" rowspan=\"9\"><span style=\"font-size: 14pt;\"><strong>H082<\/strong><\/span><\/td>\n<td style=\"width: 13.6163%; height: 24px; border: 1px solid #dddddd;\">Colher de jantar<\/td>\n<td style=\"width: 13.3949%; border: 1px solid #dddddd;\">3.0<\/td>\n<td style=\"width: 14.5197%; height: 24px; border: 1px solid #dddddd;\">espelho<\/td>\n<td style=\"width: 14.4459%; border: 1px solid #dddddd;\">198*40<\/td>\n<td style=\"width: 15.241%; height: 24px; border: 1px solid #dddddd;\">46<\/td>\n<\/tr>\n<tr style=\"height: 18.00pt;\">\n<td style=\"width: 13.6163%; height: 25px; border: 1px solid #dddddd;\">Garfo de jantar<\/td>\n<td style=\"width: 13.3949%; border: 1px solid #dddddd;\">3.0<\/td>\n<td style=\"width: 14.5197%; height: 25px; border: 1px solid #dddddd;\">espelho<\/td>\n<td style=\"width: 14.4459%; border: 1px solid #dddddd;\">195*28<\/td>\n<td style=\"width: 15.241%; height: 25px; border: 1px solid #dddddd;\">32<\/td>\n<\/tr>\n<tr style=\"height: 18.00pt;\">\n<td style=\"width: 13.6163%; height: 24px; border: 1px solid #dddddd;\">Colher de ch\u00e1<\/td>\n<td style=\"width: 13.3949%; border: 1px solid #dddddd;\">3.0<\/td>\n<td style=\"width: 14.5197%; height: 24px; border: 1px solid #dddddd;\">espelho<\/td>\n<td style=\"width: 14.4459%; border: 1px solid #dddddd;\">136*30<\/td>\n<td style=\"width: 15.241%; height: 24px; border: 1px solid #dddddd;\">22<\/td>\n<\/tr>\n<tr style=\"height: 18.00pt;\">\n<td style=\"width: 13.6163%; border: 1px solid #dddddd;\">Garfo para bolo<\/td>\n<td style=\"width: 13.3949%; border: 1px solid #dddddd;\">3.0<\/td>\n<td style=\"width: 14.5197%; border: 1px solid #dddddd;\">espelho<\/td>\n<td style=\"width: 14.4459%; border: 1px solid #dddddd;\">137*19<\/td>\n<td style=\"width: 15.241%; border: 1px solid #dddddd;\">18<\/td>\n<\/tr>\n<tr style=\"height: 18.00pt;\">\n<td style=\"width: 13.6163%; border: 1px solid #dddddd;\">Faca de jantar<\/td>\n<td style=\"width: 13.3949%; border: 1px solid #dddddd;\">3.0<\/td>\n<td style=\"width: 14.5197%; border: 1px solid #dddddd;\">espelho<\/td>\n<td style=\"width: 14.4459%; border: 1px solid #dddddd;\">211*32<\/td>\n<td style=\"width: 15.241%; border: 1px solid #dddddd;\">38<\/td>\n<\/tr>\n<\/tbody>\n<\/table>","protected":false},"excerpt":{"rendered":"<p>&nbsp; \u25b8 PAR\u00c2METROS DO PRODUTO N\u00ba do artigo: Nome Espessura (mm) Polimento Dimens\u00f5es (mm) Peso (g) H082 Colher de jantar 3.0 espelho 198*40 46 Garfo de jantar 3.0 espelho 195*28 32 Colher de ch\u00e1 3.0 espelho 136*30 22 Garfo de bolo 3.0 espelho 137*19 18 Faca de jantar 3.0 espelho 211*32 38<\/p>","protected":false},"featured_media":4082,"comment_status":"open","ping_status":"closed","template":"","meta":{"_seopress_robots_primary_cat":"","_seopress_titles_title":"","_seopress_titles_desc":"","_seopress_robots_index":""},"product_brand":[],"product_cat":[74],"product_tag":[],"class_list":{"0":"post-4081","1":"product","2":"type-product","3":"status-publish","4":"has-post-thumbnail","6":"product_cat-hrange","8":"first","9":"instock","10":"virtual","11":"purchasable","12":"product-type-simple"},"_links":{"self":[{"href":"https:\/\/www.cutlery.net.cn\/pt\/wp-json\/wp\/v2\/product\/4081","targetHints":{"allow":["GET"]}}],"collection":[{"href":"https:\/\/www.cutlery.net.cn\/pt\/wp-json\/wp\/v2\/product"}],"about":[{"href":"https:\/\/www.cutlery.net.cn\/pt\/wp-json\/wp\/v2\/types\/product"}],"replies":[{"embeddable":true,"href":"https:\/\/www.cutlery.net.cn\/pt\/wp-json\/wp\/v2\/comments?post=4081"}],"wp:featuredmedia":[{"embeddable":true,"href":"https:\/\/www.cutlery.net.cn\/pt\/wp-json\/wp\/v2\/media\/4082"}],"wp:attachment":[{"href":"https:\/\/www.cutlery.net.cn\/pt\/wp-json\/wp\/v2\/media?parent=4081"}],"wp:term":[{"taxonomy":"product_brand","embeddable":true,"href":"https:\/\/www.cutlery.net.cn\/pt\/wp-json\/wp\/v2\/product_brand?post=4081"},{"taxonomy":"product_cat","embeddable":true,"href":"https:\/\/www.cutlery.net.cn\/pt\/wp-json\/wp\/v2\/product_cat?post=4081"},{"taxonomy":"product_tag","embeddable":true,"href":"https:\/\/www.cutlery.net.cn\/pt\/wp-json\/wp\/v2\/product_tag?post=4081"}],"curies":[{"name":"wp","href":"https:\/\/api.w.org\/{rel}","templated":true}]}}