{"id":3937,"date":"2025-10-27T08:51:02","date_gmt":"2025-10-27T08:51:02","guid":{"rendered":"https:\/\/www.gdjiexun.cn\/?post_type=product&#038;p=3937"},"modified":"2025-11-04T07:56:50","modified_gmt":"2025-11-04T07:56:50","slug":"conjunto-de-utensilios-de-mesa-em-aco-inoxidavel-304-com-padrao-vintage-e-brilho-espelhado","status":"publish","type":"product","link":"https:\/\/www.cutlery.net.cn\/pt\/produto\/conjunto-de-utensilios-de-mesa-em-aco-inoxidavel-304-com-padrao-vintage-e-brilho-espelhado\/","title":{"rendered":"Conjunto de utens\u00edlios de mesa em a\u00e7o inoxid\u00e1vel 304 com padr\u00e3o vintage Brilho espelhado"},"content":{"rendered":"<p><img fetchpriority=\"high\" decoding=\"async\" class=\"aligncenter size-full wp-image-3938\" src=\"https:\/\/www.gdjiexun.cn\/wp-content\/uploads\/2025\/10\/H008.webp\" alt=\"\" width=\"700\" height=\"700\" srcset=\"https:\/\/www.cutlery.net.cn\/wp-content\/uploads\/2025\/10\/H008.webp 700w, https:\/\/www.cutlery.net.cn\/wp-content\/uploads\/2025\/10\/H008-300x300.webp 300w, https:\/\/www.cutlery.net.cn\/wp-content\/uploads\/2025\/10\/H008-150x150.webp 150w, https:\/\/www.cutlery.net.cn\/wp-content\/uploads\/2025\/10\/H008-600x600.webp 600w, https:\/\/www.cutlery.net.cn\/wp-content\/uploads\/2025\/10\/H008-100x100.webp 100w\" sizes=\"(max-width: 700px) 100vw, 700px\" \/><\/p>\n<p>&nbsp;<\/p>\n<h2 style=\"color: #eb9363;\"><span style=\"font-size: 16pt;\">\u25b8 PAR\u00c2METROS DO PRODUTO<\/span><\/h2>\n<table style=\"height: 121px; width: 100%; border-collapse: collapse; border-style: solid; border-color: #dddddd;\" border=\"1\">\n<tbody>\n<tr style=\"height: 24px;\">\n<td style=\"width: 11.1439%; height: 24px; border: 1px solid #dddddd; background-color: #f2f2f2;\">Item No:<\/td>\n<td style=\"width: 13.6163%; height: 24px; border: 1px solid #dddddd; background-color: #f2f2f2;\">Nome<\/td>\n<td style=\"width: 13.3949%; border: 1px solid #dddddd; background-color: #f2f2f2;\">Espessura (mm)<\/td>\n<td style=\"width: 14.5197%; height: 24px; border: 1px solid #dddddd; background-color: #f2f2f2;\">Polimento<\/td>\n<td style=\"width: 14.4459%; border: 1px solid #dddddd; background-color: #f2f2f2;\">Dimens\u00f5es (mm)<\/td>\n<td style=\"width: 15.241%; height: 24px; border: 1px solid #dddddd; background-color: #f2f2f2;\">Peso (g)<\/td>\n<\/tr>\n<tr style=\"height: 24px;\">\n<td style=\"width: 11.1439%; height: 97px; border: 1px solid #dddddd; vertical-align: middle;\" rowspan=\"9\"><span style=\"font-size: 14pt;\"><strong>H008<\/strong><\/span><\/td>\n<td style=\"width: 13.6163%; height: 24px; border: 1px solid #dddddd;\">Colher de jantar<\/td>\n<td style=\"width: 13.3949%; border: 1px solid #dddddd;\">1.2<\/td>\n<td style=\"width: 14.5197%; height: 24px; border: 1px solid #dddddd;\">tombar<\/td>\n<td style=\"width: 14.4459%; border: 1px solid #dddddd;\">40*177<\/td>\n<td style=\"width: 15.241%; height: 24px; border: 1px solid #dddddd;\">21.0<\/td>\n<\/tr>\n<tr style=\"height: 18.00pt;\">\n<td style=\"width: 13.6163%; height: 25px; border: 1px solid #dddddd;\">Garfo de jantar<\/td>\n<td style=\"width: 13.3949%; border: 1px solid #dddddd;\">1.2<\/td>\n<td style=\"width: 14.5197%; height: 25px; border: 1px solid #dddddd;\">tombar<\/td>\n<td style=\"width: 14.4459%; border: 1px solid #dddddd;\">24*178<\/td>\n<td style=\"width: 15.241%; height: 25px; border: 1px solid #dddddd;\">21.0<\/td>\n<\/tr>\n<tr style=\"height: 18.00pt;\">\n<td style=\"width: 13.6163%; height: 24px; border: 1px solid #dddddd;\">Colher de ch\u00e1<\/td>\n<td style=\"width: 13.3949%; border: 1px solid #dddddd;\">1.2<\/td>\n<td style=\"width: 14.5197%; height: 24px; border: 1px solid #dddddd;\">tombar<\/td>\n<td style=\"width: 14.4459%; border: 1px solid #dddddd;\">29*132<\/td>\n<td style=\"width: 15.241%; height: 24px; border: 1px solid #dddddd;\">12.0<\/td>\n<\/tr>\n<tr style=\"height: 18.00pt;\">\n<td style=\"width: 13.6163%; border: 1px solid #dddddd;\">Garfo para bolo<\/td>\n<td style=\"width: 13.3949%; border: 1px solid #dddddd;\">1.2<\/td>\n<td style=\"width: 14.5197%; border: 1px solid #dddddd;\">tombar<\/td>\n<td style=\"width: 14.4459%; border: 1px solid #dddddd;\">21*140<\/td>\n<td style=\"width: 15.241%; border: 1px solid #dddddd;\">13.0<\/td>\n<\/tr>\n<tr style=\"height: 18.00pt;\">\n<td style=\"width: 13.6163%; border: 1px solid #dddddd;\">Faca de jantar<\/td>\n<td style=\"width: 13.3949%; border: 1px solid #dddddd;\">2.5<\/td>\n<td style=\"width: 14.5197%; border: 1px solid #dddddd;\">m\u00e3o<\/td>\n<td style=\"width: 14.4459%; border: 1px solid #dddddd;\">14*207<\/td>\n<td style=\"width: 15.241%; border: 1px solid #dddddd;\">33.0<\/td>\n<\/tr>\n<\/tbody>\n<\/table>","protected":false},"excerpt":{"rendered":"<p>&nbsp; \u25b8 PAR\u00c2METROS DO PRODUTO N\u00ba do artigo: Nome Espessura (mm) Polimento Dimens\u00f5es (mm) Peso (g) H008 Colher de jantar 1,2 de mesa 40*177 21,0 Garfo de jantar 1,2 de mesa 24*178 21,0 Colher de ch\u00e1 1,2 de mesa 29*132 12,0 Garfo para bolos 1,2 de mesa 21*140 13,0 Faca de jantar 2,5 de m\u00e3o 14*207 33,0<\/p>","protected":false},"featured_media":3938,"comment_status":"open","ping_status":"closed","template":"","meta":{"_seopress_robots_primary_cat":"","_seopress_titles_title":"","_seopress_titles_desc":"","_seopress_robots_index":""},"product_brand":[],"product_cat":[74],"product_tag":[],"class_list":{"0":"post-3937","1":"product","2":"type-product","3":"status-publish","4":"has-post-thumbnail","6":"product_cat-hrange","8":"first","9":"instock","10":"virtual","11":"purchasable","12":"product-type-simple"},"_links":{"self":[{"href":"https:\/\/www.cutlery.net.cn\/pt\/wp-json\/wp\/v2\/product\/3937","targetHints":{"allow":["GET"]}}],"collection":[{"href":"https:\/\/www.cutlery.net.cn\/pt\/wp-json\/wp\/v2\/product"}],"about":[{"href":"https:\/\/www.cutlery.net.cn\/pt\/wp-json\/wp\/v2\/types\/product"}],"replies":[{"embeddable":true,"href":"https:\/\/www.cutlery.net.cn\/pt\/wp-json\/wp\/v2\/comments?post=3937"}],"wp:featuredmedia":[{"embeddable":true,"href":"https:\/\/www.cutlery.net.cn\/pt\/wp-json\/wp\/v2\/media\/3938"}],"wp:attachment":[{"href":"https:\/\/www.cutlery.net.cn\/pt\/wp-json\/wp\/v2\/media?parent=3937"}],"wp:term":[{"taxonomy":"product_brand","embeddable":true,"href":"https:\/\/www.cutlery.net.cn\/pt\/wp-json\/wp\/v2\/product_brand?post=3937"},{"taxonomy":"product_cat","embeddable":true,"href":"https:\/\/www.cutlery.net.cn\/pt\/wp-json\/wp\/v2\/product_cat?post=3937"},{"taxonomy":"product_tag","embeddable":true,"href":"https:\/\/www.cutlery.net.cn\/pt\/wp-json\/wp\/v2\/product_tag?post=3937"}],"curies":[{"name":"wp","href":"https:\/\/api.w.org\/{rel}","templated":true}]}}