{"id":3899,"date":"2025-10-27T07:22:36","date_gmt":"2025-10-27T07:22:36","guid":{"rendered":"https:\/\/www.gdjiexun.cn\/?post_type=product&#038;p=3899"},"modified":"2025-10-27T07:23:16","modified_gmt":"2025-10-27T07:23:16","slug":"classic-eco-friendly-stainless-steel-cutlery-set-for-restaurants-hotels-flatware-steak-knife-fork-spoon-tea-spoon-fork-tableware","status":"publish","type":"product","link":"https:\/\/www.cutlery.net.cn\/pt\/produto\/classic-eco-friendly-stainless-steel-cutlery-set-for-restaurants-hotels-flatware-steak-knife-fork-spoon-tea-spoon-fork-tableware\/","title":{"rendered":"Conjunto de talheres de a\u00e7o inoxid\u00e1vel cl\u00e1ssico e ecol\u00f3gico para restaurantes, hot\u00e9is, talheres de mesa Faca para bife Garfo Colher Colher de ch\u00e1 Garfo Talheres de mesa"},"content":{"rendered":"<p><img fetchpriority=\"high\" decoding=\"async\" class=\"aligncenter size-full wp-image-3900\" src=\"https:\/\/www.gdjiexun.cn\/wp-content\/uploads\/2025\/10\/D017.webp\" alt=\"\" width=\"700\" height=\"700\" srcset=\"https:\/\/www.cutlery.net.cn\/wp-content\/uploads\/2025\/10\/D017.webp 700w, https:\/\/www.cutlery.net.cn\/wp-content\/uploads\/2025\/10\/D017-300x300.webp 300w, https:\/\/www.cutlery.net.cn\/wp-content\/uploads\/2025\/10\/D017-150x150.webp 150w, https:\/\/www.cutlery.net.cn\/wp-content\/uploads\/2025\/10\/D017-600x600.webp 600w, https:\/\/www.cutlery.net.cn\/wp-content\/uploads\/2025\/10\/D017-100x100.webp 100w\" sizes=\"(max-width: 700px) 100vw, 700px\" \/><\/p>\n<p>&nbsp;<\/p>","protected":false},"excerpt":{"rendered":"<p>&nbsp;<\/p>","protected":false},"featured_media":3900,"comment_status":"open","ping_status":"closed","template":"","meta":{"_seopress_robots_primary_cat":"","_seopress_titles_title":"","_seopress_titles_desc":"","_seopress_robots_index":""},"product_brand":[],"product_cat":[76],"product_tag":[],"class_list":{"0":"post-3899","1":"product","2":"type-product","3":"status-publish","4":"has-post-thumbnail","6":"product_cat-drange","8":"first","9":"instock","10":"virtual","11":"purchasable","12":"product-type-simple"},"_links":{"self":[{"href":"https:\/\/www.cutlery.net.cn\/pt\/wp-json\/wp\/v2\/product\/3899","targetHints":{"allow":["GET"]}}],"collection":[{"href":"https:\/\/www.cutlery.net.cn\/pt\/wp-json\/wp\/v2\/product"}],"about":[{"href":"https:\/\/www.cutlery.net.cn\/pt\/wp-json\/wp\/v2\/types\/product"}],"replies":[{"embeddable":true,"href":"https:\/\/www.cutlery.net.cn\/pt\/wp-json\/wp\/v2\/comments?post=3899"}],"wp:featuredmedia":[{"embeddable":true,"href":"https:\/\/www.cutlery.net.cn\/pt\/wp-json\/wp\/v2\/media\/3900"}],"wp:attachment":[{"href":"https:\/\/www.cutlery.net.cn\/pt\/wp-json\/wp\/v2\/media?parent=3899"}],"wp:term":[{"taxonomy":"product_brand","embeddable":true,"href":"https:\/\/www.cutlery.net.cn\/pt\/wp-json\/wp\/v2\/product_brand?post=3899"},{"taxonomy":"product_cat","embeddable":true,"href":"https:\/\/www.cutlery.net.cn\/pt\/wp-json\/wp\/v2\/product_cat?post=3899"},{"taxonomy":"product_tag","embeddable":true,"href":"https:\/\/www.cutlery.net.cn\/pt\/wp-json\/wp\/v2\/product_tag?post=3899"}],"curies":[{"name":"wp","href":"https:\/\/api.w.org\/{rel}","templated":true}]}}