{"id":3867,"date":"2025-10-25T03:28:09","date_gmt":"2025-10-25T03:28:09","guid":{"rendered":"https:\/\/www.gdjiexun.cn\/?post_type=product&#038;p=3867"},"modified":"2025-11-06T08:13:24","modified_gmt":"2025-11-06T08:13:24","slug":"reusable-stainless-steel-golden-cutlery-set-fork-and-spoon-knife-silverware-flatware-sets","status":"publish","type":"product","link":"https:\/\/www.cutlery.net.cn\/pt\/produto\/reusable-stainless-steel-golden-cutlery-set-fork-and-spoon-knife-silverware-flatware-sets\/","title":{"rendered":"Conjunto de talheres dourados em a\u00e7o inoxid\u00e1vel reutiliz\u00e1vel Garfo e colher Faca Conjunto de talheres de prata"},"content":{"rendered":"<p><img fetchpriority=\"high\" decoding=\"async\" class=\"aligncenter size-full wp-image-3869\" src=\"https:\/\/www.gdjiexun.cn\/wp-content\/uploads\/2025\/10\/S105.webp\" alt=\"\" width=\"700\" height=\"700\" srcset=\"https:\/\/www.cutlery.net.cn\/wp-content\/uploads\/2025\/10\/S105.webp 700w, https:\/\/www.cutlery.net.cn\/wp-content\/uploads\/2025\/10\/S105-300x300.webp 300w, https:\/\/www.cutlery.net.cn\/wp-content\/uploads\/2025\/10\/S105-150x150.webp 150w, https:\/\/www.cutlery.net.cn\/wp-content\/uploads\/2025\/10\/S105-600x600.webp 600w, https:\/\/www.cutlery.net.cn\/wp-content\/uploads\/2025\/10\/S105-100x100.webp 100w\" sizes=\"(max-width: 700px) 100vw, 700px\" \/><\/p>\n<p>&nbsp;<\/p>\n<h3 style=\"color: #eb9363;\">\u25b8 PAR\u00c2METROS DO PRODUTO<\/h3>\n<table style=\"height: 121px; width: 100%; border-collapse: collapse; border-style: solid; border-color: #dddddd;\" border=\"1\">\n<tbody>\n<tr style=\"height: 24px;\">\n<td style=\"width: 11.1439%; height: 24px; border: 1px solid #dddddd; background-color: #f2f2f2;\">Item No:<\/td>\n<td style=\"width: 13.6163%; height: 24px; border: 1px solid #dddddd; background-color: #f2f2f2;\">Nome<\/td>\n<td style=\"width: 13.3949%; border: 1px solid #dddddd; background-color: #f2f2f2;\">Espessura (mm)<\/td>\n<td style=\"width: 14.5197%; height: 24px; border: 1px solid #dddddd; background-color: #f2f2f2;\">Polimento<\/td>\n<td style=\"width: 14.4459%; border: 1px solid #dddddd; background-color: #f2f2f2;\">Dimens\u00f5es (mm)<\/td>\n<td style=\"width: 15.241%; height: 24px; border: 1px solid #dddddd; background-color: #f2f2f2;\">Peso (g)<\/td>\n<\/tr>\n<tr style=\"height: 24px;\">\n<td style=\"width: 11.1439%; height: 97px; border: 1px solid #dddddd; vertical-align: middle;\" rowspan=\"7\"><span style=\"font-size: 14pt;\"><strong>S105<\/strong><\/span><\/td>\n<td style=\"width: 13.6163%; height: 24px; border: 1px solid #dddddd;\">Colher de jantar<\/td>\n<td style=\"width: 13.3949%; border: 1px solid #dddddd;\">3.0<\/td>\n<td style=\"width: 14.5197%; height: 24px; border: 1px solid #dddddd;\">espelho<\/td>\n<td style=\"width: 14.4459%; border: 1px solid #dddddd;\">42*198<\/td>\n<td style=\"width: 15.241%; height: 24px; border: 1px solid #dddddd;\">60.0<\/td>\n<\/tr>\n<tr style=\"height: 18.00pt;\">\n<td style=\"width: 13.6163%; height: 25px; border: 1px solid #dddddd;\">Garfo de jantar<\/td>\n<td style=\"width: 13.3949%; border: 1px solid #dddddd;\">3.0<\/td>\n<td style=\"width: 14.5197%; height: 25px; border: 1px solid #dddddd;\">espelho<\/td>\n<td style=\"width: 14.4459%; border: 1px solid #dddddd;\">26*198<\/td>\n<td style=\"width: 15.241%; height: 25px; border: 1px solid #dddddd;\">51.0<\/td>\n<\/tr>\n<tr style=\"height: 18.00pt;\">\n<td style=\"width: 13.6163%; height: 24px; border: 1px solid #dddddd;\">Colher de ch\u00e1<\/td>\n<td style=\"width: 13.3949%; border: 1px solid #dddddd;\">2.0<\/td>\n<td style=\"width: 14.5197%; height: 24px; border: 1px solid #dddddd;\">espelho<\/td>\n<td style=\"width: 14.4459%; border: 1px solid #dddddd;\">28*134<\/td>\n<td style=\"width: 15.241%; height: 24px; border: 1px solid #dddddd;\">21.0<\/td>\n<\/tr>\n<tr style=\"height: 18.00pt;\">\n<td style=\"width: 13.6163%; border: 1px solid #dddddd;\">Faca de jantar<\/td>\n<td style=\"width: 13.3949%; border: 1px solid #dddddd;\">7.5\/6.0<\/td>\n<td style=\"width: 14.5197%; border: 1px solid #dddddd;\">espelho<\/td>\n<td style=\"width: 14.4459%; border: 1px solid #dddddd;\">19*225<\/td>\n<td style=\"width: 15.241%; border: 1px solid #dddddd;\">88.0<\/td>\n<\/tr>\n<tr style=\"height: 18.00pt;\">\n<td style=\"width: 13.6163%; border: 1px solid #dddddd;\">Colher de caf\u00e9<\/td>\n<td style=\"width: 13.3949%; border: 1px solid #dddddd;\">2.0<\/td>\n<td style=\"width: 14.5197%; border: 1px solid #dddddd;\">espelho<\/td>\n<td style=\"width: 14.4459%; border: 1px solid #dddddd;\">23*102<\/td>\n<td style=\"width: 15.241%; border: 1px solid #dddddd;\">13.0<\/td>\n<\/tr>\n<tr style=\"height: 18.00pt;\">\n<td style=\"width: 13.6163%; border: 1px solid #dddddd;\">Garfo de sobremesa<\/td>\n<td style=\"width: 13.3949%; border: 1px solid #dddddd;\">2.5<\/td>\n<td style=\"width: 14.5197%; border: 1px solid #dddddd;\">espelho<\/td>\n<td style=\"width: 14.4459%; border: 1px solid #dddddd;\">22*181<\/td>\n<td style=\"width: 15.241%; border: 1px solid #dddddd;\">37.0<\/td>\n<\/tr>\n<tr style=\"height: 18.00pt;\">\n<td style=\"width: 13.6163%; height: 24px; border: 1px solid #dddddd;\">Faca de sobremesa<\/td>\n<td style=\"width: 13.3949%; border: 1px solid #dddddd;\">7.0\/6.0<\/td>\n<td style=\"width: 14.5197%; height: 24px; border: 1px solid #dddddd;\">espelho<\/td>\n<td style=\"width: 14.4459%; border: 1px solid #dddddd;\">17*202<\/td>\n<td style=\"width: 15.241%; height: 24px; border: 1px solid #dddddd;\">70.0<\/td>\n<\/tr>\n<\/tbody>\n<\/table>","protected":false},"excerpt":{"rendered":"<p>&nbsp; \u25b8 PRODUCT PARAMETERS Item No: Name Thickness(mm) Polishing Dimensions(mm) Weight(g) S105 Dinner spoon 3.0 mirror 42*198 60.0 Dinner fork 3.0 mirror 26*198 51.0 Tea spoon 2.0 mirror 28*134 21.0 Dinner knife 7.5\/6.0 mirror 19*225 88.0 Coffee spoon 2.0 mirror 23*102 13.0 Dessert fork 2.5 mirror 22*181 37.0 Dessert knife 7.0\/6.0 mirror 17*202 70.0<\/p>","protected":false},"featured_media":3869,"comment_status":"open","ping_status":"closed","template":"","meta":{"_seopress_robots_primary_cat":"","_seopress_titles_title":"","_seopress_titles_desc":"","_seopress_robots_index":""},"product_brand":[],"product_cat":[75],"product_tag":[],"class_list":{"0":"post-3867","1":"product","2":"type-product","3":"status-publish","4":"has-post-thumbnail","6":"product_cat-srange","8":"first","9":"instock","10":"virtual","11":"purchasable","12":"product-type-simple"},"_links":{"self":[{"href":"https:\/\/www.cutlery.net.cn\/pt\/wp-json\/wp\/v2\/product\/3867","targetHints":{"allow":["GET"]}}],"collection":[{"href":"https:\/\/www.cutlery.net.cn\/pt\/wp-json\/wp\/v2\/product"}],"about":[{"href":"https:\/\/www.cutlery.net.cn\/pt\/wp-json\/wp\/v2\/types\/product"}],"replies":[{"embeddable":true,"href":"https:\/\/www.cutlery.net.cn\/pt\/wp-json\/wp\/v2\/comments?post=3867"}],"wp:featuredmedia":[{"embeddable":true,"href":"https:\/\/www.cutlery.net.cn\/pt\/wp-json\/wp\/v2\/media\/3869"}],"wp:attachment":[{"href":"https:\/\/www.cutlery.net.cn\/pt\/wp-json\/wp\/v2\/media?parent=3867"}],"wp:term":[{"taxonomy":"product_brand","embeddable":true,"href":"https:\/\/www.cutlery.net.cn\/pt\/wp-json\/wp\/v2\/product_brand?post=3867"},{"taxonomy":"product_cat","embeddable":true,"href":"https:\/\/www.cutlery.net.cn\/pt\/wp-json\/wp\/v2\/product_cat?post=3867"},{"taxonomy":"product_tag","embeddable":true,"href":"https:\/\/www.cutlery.net.cn\/pt\/wp-json\/wp\/v2\/product_tag?post=3867"}],"curies":[{"name":"wp","href":"https:\/\/api.w.org\/{rel}","templated":true}]}}