{"id":3856,"date":"2025-10-25T03:16:31","date_gmt":"2025-10-25T03:16:31","guid":{"rendered":"https:\/\/www.gdjiexun.cn\/?post_type=product&#038;p=3856"},"modified":"2025-11-06T07:37:37","modified_gmt":"2025-11-06T07:37:37","slug":"stainless-steel-cutlery-set-for-restaurants-hotels-flatware-steak-knife-fork-spoon-tea-spoon-fork-tableware","status":"publish","type":"product","link":"https:\/\/www.cutlery.net.cn\/pt\/produto\/stainless-steel-cutlery-set-for-restaurants-hotels-flatware-steak-knife-fork-spoon-tea-spoon-fork-tableware\/","title":{"rendered":"Conjunto de Talheres de A\u00e7o Inoxid\u00e1vel para Restaurantes Hot\u00e9is Talheres Faca de Bife Garfo Colher Colher de Ch\u00e1 Garfo Talheres de Mesa"},"content":{"rendered":"<p><img alt=\"\" fetchpriority=\"high\" decoding=\"async\" class=\"aligncenter size-full wp-image-3857\" src=\"https:\/\/www.gdjiexun.cn\/wp-content\/uploads\/2025\/10\/S092.webp\" width=\"700\" height=\"700\" srcset=\"https:\/\/www.cutlery.net.cn\/wp-content\/uploads\/2025\/10\/S092.webp 700w, https:\/\/www.cutlery.net.cn\/wp-content\/uploads\/2025\/10\/S092-300x300.webp 300w, https:\/\/www.cutlery.net.cn\/wp-content\/uploads\/2025\/10\/S092-150x150.webp 150w, https:\/\/www.cutlery.net.cn\/wp-content\/uploads\/2025\/10\/S092-600x600.webp 600w, https:\/\/www.cutlery.net.cn\/wp-content\/uploads\/2025\/10\/S092-100x100.webp 100w\" sizes=\"(max-width: 700px) 100vw, 700px\" \/><\/p>\n<p>&nbsp;<\/p>\n<h3 style=\"color: #eb9363;\">\u25b8 PAR\u00c2METROS DO PRODUTO<\/h3>\n<table style=\"height: 121px; width: 100%; border-collapse: collapse; border-style: solid; border-color: #dddddd;\" border=\"1\">\n<tbody>\n<tr style=\"height: 24px;\">\n<td style=\"width: 11.1439%; height: 24px; border: 1px solid #dddddd; background-color: #f2f2f2;\">Item No:<\/td>\n<td style=\"width: 13.6163%; height: 24px; border: 1px solid #dddddd; background-color: #f2f2f2;\">Nome<\/td>\n<td style=\"width: 13.3949%; border: 1px solid #dddddd; background-color: #f2f2f2;\">Espessura (mm)<\/td>\n<td style=\"width: 14.5197%; height: 24px; border: 1px solid #dddddd; background-color: #f2f2f2;\">Polimento<\/td>\n<td style=\"width: 14.4459%; border: 1px solid #dddddd; background-color: #f2f2f2;\">Dimens\u00f5es (mm)<\/td>\n<td style=\"width: 15.241%; height: 24px; border: 1px solid #dddddd; background-color: #f2f2f2;\">Peso (g)<\/td>\n<\/tr>\n<tr style=\"height: 24px;\">\n<td style=\"width: 11.1439%; height: 97px; border: 1px solid #dddddd; vertical-align: middle;\" rowspan=\"14\"><span style=\"font-size: 14pt;\"><strong>S092<\/strong><\/span><\/td>\n<td style=\"width: 13.6163%; height: 24px; border: 1px solid #dddddd;\">Colher de jantar<\/td>\n<td style=\"width: 13.3949%; border: 1px solid #dddddd;\">2.5<\/td>\n<td style=\"width: 14.5197%; height: 24px; border: 1px solid #dddddd;\">espelho<\/td>\n<td style=\"width: 14.4459%; border: 1px solid #dddddd;\">44*202<\/td>\n<td style=\"width: 15.241%; height: 24px; border: 1px solid #dddddd;\">44.0<\/td>\n<\/tr>\n<tr style=\"height: 18.00pt;\">\n<td style=\"width: 13.6163%; height: 25px; border: 1px solid #dddddd;\">Garfo de jantar<\/td>\n<td style=\"width: 13.3949%; border: 1px solid #dddddd;\">2.5<\/td>\n<td style=\"width: 14.5197%; height: 25px; border: 1px solid #dddddd;\">espelho<\/td>\n<td style=\"width: 14.4459%; border: 1px solid #dddddd;\">28*195<\/td>\n<td style=\"width: 15.241%; height: 25px; border: 1px solid #dddddd;\">40.0<\/td>\n<\/tr>\n<tr style=\"height: 18.00pt;\">\n<td style=\"width: 13.6163%; height: 24px; border: 1px solid #dddddd;\">Colher de ch\u00e1<\/td>\n<td style=\"width: 13.3949%; border: 1px solid #dddddd;\">2.0<\/td>\n<td style=\"width: 14.5197%; height: 24px; border: 1px solid #dddddd;\">espelho<\/td>\n<td style=\"width: 14.4459%; border: 1px solid #dddddd;\">29*141<\/td>\n<td style=\"width: 15.241%; height: 24px; border: 1px solid #dddddd;\">20.0<\/td>\n<\/tr>\n<tr>\n<td style=\"width: 13.6163%; border: 1px solid #dddddd;\">Garfo para bolo<\/td>\n<td style=\"width: 13.3949%; border: 1px solid #dddddd;\">2.0<\/td>\n<td style=\"width: 14.5197%; border: 1px solid #dddddd;\">espelho<\/td>\n<td style=\"width: 14.4459%; border: 1px solid #dddddd;\">21*144<\/td>\n<td style=\"width: 15.241%; border: 1px solid #dddddd;\">18.0<\/td>\n<\/tr>\n<tr style=\"height: 18.00pt;\">\n<td style=\"width: 13.6163%; border: 1px solid #dddddd;\">Faca de jantar<\/td>\n<td style=\"width: 13.3949%; border: 1px solid #dddddd;\">6.0, Dente de a\u00e7o<\/td>\n<td style=\"width: 14.5197%; border: 1px solid #dddddd;\">espelho<\/td>\n<td style=\"width: 14.4459%; border: 1px solid #dddddd;\">19*215<\/td>\n<td style=\"width: 15.241%; border: 1px solid #dddddd;\">72.0<\/td>\n<\/tr>\n<tr style=\"height: 18.00pt;\">\n<td style=\"width: 13.6163%; border: 1px solid #dddddd;\">Colher de caf\u00e9<\/td>\n<td style=\"width: 13.3949%; border: 1px solid #dddddd;\">1.5<\/td>\n<td style=\"width: 14.5197%; border: 1px solid #dddddd;\">espelho<\/td>\n<td style=\"width: 14.4459%; border: 1px solid #dddddd;\">24*114<\/td>\n<td style=\"width: 15.241%; border: 1px solid #dddddd;\">11.0<\/td>\n<\/tr>\n<tr style=\"height: 18.00pt;\">\n<td style=\"width: 13.6163%; border: 1px solid #dddddd;\">Colher de gelo<\/td>\n<td style=\"width: 13.3949%; border: 1px solid #dddddd;\">2.0<\/td>\n<td style=\"width: 14.5197%; border: 1px solid #dddddd;\">espelho<\/td>\n<td style=\"width: 14.4459%; border: 1px solid #dddddd;\">30*221<\/td>\n<td style=\"width: 15.241%; border: 1px solid #dddddd;\">32.0<\/td>\n<\/tr>\n<tr style=\"height: 18.00pt;\">\n<td style=\"width: 13.6163%; border: 1px solid #dddddd;\">Colher de servir<\/td>\n<td style=\"width: 13.3949%; border: 1px solid #dddddd;\">2.5<\/td>\n<td style=\"width: 14.5197%; border: 1px solid #dddddd;\">espelho<\/td>\n<td style=\"width: 14.4459%; border: 1px solid #dddddd;\">50*209<\/td>\n<td style=\"width: 15.241%; border: 1px solid #dddddd;\">49.0<\/td>\n<\/tr>\n<tr>\n<td style=\"width: 13.6163%; border: 1px solid #dddddd;\">Colher de salada<\/td>\n<td style=\"width: 13.3949%; border: 1px solid #dddddd;\">2.5<\/td>\n<td style=\"width: 14.5197%; border: 1px solid #dddddd;\">espelho<\/td>\n<td style=\"width: 14.4459%; border: 1px solid #dddddd;\">48*249<\/td>\n<td style=\"width: 15.241%; border: 1px solid #dddddd;\">56.0<\/td>\n<\/tr>\n<tr>\n<td style=\"width: 13.6163%; border: 1px solid #dddddd;\">Garfo para salada<\/td>\n<td style=\"width: 13.3949%; border: 1px solid #dddddd;\">2.5<\/td>\n<td style=\"width: 14.5197%; border: 1px solid #dddddd;\">espelho<\/td>\n<td style=\"width: 14.4459%; border: 1px solid #dddddd;\">48*249<\/td>\n<td style=\"width: 15.241%; border: 1px solid #dddddd;\">52.0<\/td>\n<\/tr>\n<tr>\n<td style=\"width: 13.6163%; border: 1px solid #dddddd;\">Servir bolos<\/td>\n<td style=\"width: 13.3949%; border: 1px solid #dddddd;\">2.5<\/td>\n<td style=\"width: 14.5197%; border: 1px solid #dddddd;\">espelho<\/td>\n<td style=\"width: 14.4459%; border: 1px solid #dddddd;\">49*226<\/td>\n<td style=\"width: 15.241%; border: 1px solid #dddddd;\">53.0<\/td>\n<\/tr>\n<tr>\n<td style=\"width: 13.6163%; border: 1px solid #dddddd;\">Colher de sopa<\/td>\n<td style=\"width: 13.3949%; border: 1px solid #dddddd;\">2.5<\/td>\n<td style=\"width: 14.5197%; border: 1px solid #dddddd;\">espelho<\/td>\n<td style=\"width: 14.4459%; border: 1px solid #dddddd;\">68*173<\/td>\n<td style=\"width: 15.241%; border: 1px solid #dddddd;\">50.0<\/td>\n<\/tr>\n<tr>\n<td style=\"width: 13.6163%; border: 1px solid #dddddd;\">Garfo de fruta<\/td>\n<td style=\"width: 13.3949%; border: 1px solid #dddddd;\">2.0<\/td>\n<td style=\"width: 14.5197%; border: 1px solid #dddddd;\">espelho<\/td>\n<td style=\"width: 14.4459%; border: 1px solid #dddddd;\">24*228<\/td>\n<td style=\"width: 15.241%; border: 1px solid #dddddd;\">31.0<\/td>\n<\/tr>\n<tr style=\"height: 18.00pt;\">\n<td style=\"width: 13.6163%; height: 24px; border: 1px solid #dddddd;\">Faca para manteiga<\/td>\n<td style=\"width: 13.3949%; border: 1px solid #dddddd;\">2.0<\/td>\n<td style=\"width: 14.5197%; height: 24px; border: 1px solid #dddddd;\">espelho<\/td>\n<td style=\"width: 14.4459%; border: 1px solid #dddddd;\">23*177<\/td>\n<td style=\"width: 15.241%; height: 24px; border: 1px solid #dddddd;\">27.0<\/td>\n<\/tr>\n<\/tbody>\n<\/table>","protected":false},"excerpt":{"rendered":"<p>&nbsp; \u25b8 PRODUCT PARAMETERS Item No: Name Thickness(mm) Polishing Dimensions(mm) Weight(g) S092 Dinner spoon 2.5 mirror 44*202 44.0 Dinner fork 2.5 mirror 28*195 40.0 Tea spoon 2.0 mirror 29*141 20.0 Cake fork 2.0 mirror 21*144 18.0 Dinner knife 6.0, Steel tooth mirror 19*215 72.0 Coffee spoon 1.5 mirror 24*114 11.0 Ice spoon 2.0 mirror 30*221 [&hellip;]<\/p>","protected":false},"featured_media":3857,"comment_status":"open","ping_status":"closed","template":"","meta":{"_seopress_robots_primary_cat":"","_seopress_titles_title":"","_seopress_titles_desc":"","_seopress_robots_index":""},"product_brand":[],"product_cat":[75],"product_tag":[],"class_list":{"0":"post-3856","1":"product","2":"type-product","3":"status-publish","4":"has-post-thumbnail","6":"product_cat-srange","8":"first","9":"instock","10":"virtual","11":"purchasable","12":"product-type-simple"},"_links":{"self":[{"href":"https:\/\/www.cutlery.net.cn\/pt\/wp-json\/wp\/v2\/product\/3856","targetHints":{"allow":["GET"]}}],"collection":[{"href":"https:\/\/www.cutlery.net.cn\/pt\/wp-json\/wp\/v2\/product"}],"about":[{"href":"https:\/\/www.cutlery.net.cn\/pt\/wp-json\/wp\/v2\/types\/product"}],"replies":[{"embeddable":true,"href":"https:\/\/www.cutlery.net.cn\/pt\/wp-json\/wp\/v2\/comments?post=3856"}],"wp:featuredmedia":[{"embeddable":true,"href":"https:\/\/www.cutlery.net.cn\/pt\/wp-json\/wp\/v2\/media\/3857"}],"wp:attachment":[{"href":"https:\/\/www.cutlery.net.cn\/pt\/wp-json\/wp\/v2\/media?parent=3856"}],"wp:term":[{"taxonomy":"product_brand","embeddable":true,"href":"https:\/\/www.cutlery.net.cn\/pt\/wp-json\/wp\/v2\/product_brand?post=3856"},{"taxonomy":"product_cat","embeddable":true,"href":"https:\/\/www.cutlery.net.cn\/pt\/wp-json\/wp\/v2\/product_cat?post=3856"},{"taxonomy":"product_tag","embeddable":true,"href":"https:\/\/www.cutlery.net.cn\/pt\/wp-json\/wp\/v2\/product_tag?post=3856"}],"curies":[{"name":"wp","href":"https:\/\/api.w.org\/{rel}","templated":true}]}}