{"id":3792,"date":"2025-10-24T10:18:10","date_gmt":"2025-10-24T10:18:10","guid":{"rendered":"https:\/\/www.gdjiexun.cn\/?post_type=product&#038;p=3792"},"modified":"2025-11-05T09:27:47","modified_gmt":"2025-11-05T09:27:47","slug":"stainless-steel-tableware-western-style-steak-knife-fork-spoon-set","status":"publish","type":"product","link":"https:\/\/www.cutlery.net.cn\/pt\/produto\/stainless-steel-tableware-western-style-steak-knife-fork-spoon-set\/","title":{"rendered":"Conjunto de utens\u00edlios de mesa em a\u00e7o inoxid\u00e1vel Estilo ocidental Faca para bife Garfo Colher"},"content":{"rendered":"<p><img fetchpriority=\"high\" decoding=\"async\" class=\"aligncenter size-full wp-image-3793\" src=\"https:\/\/www.gdjiexun.cn\/wp-content\/uploads\/2025\/10\/S051.webp\" alt=\"\" width=\"700\" height=\"700\" srcset=\"https:\/\/www.cutlery.net.cn\/wp-content\/uploads\/2025\/10\/S051.webp 700w, https:\/\/www.cutlery.net.cn\/wp-content\/uploads\/2025\/10\/S051-300x300.webp 300w, https:\/\/www.cutlery.net.cn\/wp-content\/uploads\/2025\/10\/S051-150x150.webp 150w, https:\/\/www.cutlery.net.cn\/wp-content\/uploads\/2025\/10\/S051-600x600.webp 600w, https:\/\/www.cutlery.net.cn\/wp-content\/uploads\/2025\/10\/S051-100x100.webp 100w\" sizes=\"(max-width: 700px) 100vw, 700px\" \/><\/p>\n<p>&nbsp;<\/p>\n<h3 style=\"color: #eb9363;\">\u25b8 PAR\u00c2METROS DO PRODUTO<\/h3>\n<table style=\"height: 121px; width: 100%; border-collapse: collapse; border-style: solid; border-color: #dddddd;\" border=\"1\">\n<tbody>\n<tr style=\"height: 24px;\">\n<td style=\"width: 11.1439%; height: 24px; border: 1px solid #dddddd; background-color: #f2f2f2;\">Item No:<\/td>\n<td style=\"width: 13.6163%; height: 24px; border: 1px solid #dddddd; background-color: #f2f2f2;\">Nome<\/td>\n<td style=\"width: 13.3949%; border: 1px solid #dddddd; background-color: #f2f2f2;\">Espessura (mm)<\/td>\n<td style=\"width: 14.5197%; height: 24px; border: 1px solid #dddddd; background-color: #f2f2f2;\">Polimento<\/td>\n<td style=\"width: 14.4459%; border: 1px solid #dddddd; background-color: #f2f2f2;\">Dimens\u00f5es (mm)<\/td>\n<td style=\"width: 15.241%; height: 24px; border: 1px solid #dddddd; background-color: #f2f2f2;\">Peso (g)<\/td>\n<\/tr>\n<tr style=\"height: 24px;\">\n<td style=\"width: 11.1439%; height: 97px; border: 1px solid #dddddd; vertical-align: middle;\" rowspan=\"12\"><span style=\"font-size: 14pt;\"><strong>S051<\/strong><\/span><\/td>\n<td style=\"width: 13.6163%; height: 24px; border: 1px solid #dddddd;\">Colher de jantar<\/td>\n<td style=\"width: 13.3949%; border: 1px solid #dddddd;\">2.0<\/td>\n<td style=\"width: 14.5197%; height: 24px; border: 1px solid #dddddd;\">m\u00e3o<\/td>\n<td style=\"width: 14.4459%; border: 1px solid #dddddd;\">41*200<\/td>\n<td style=\"width: 15.241%; height: 24px; border: 1px solid #dddddd;\">43.0<\/td>\n<\/tr>\n<tr style=\"height: 18.00pt;\">\n<td style=\"width: 13.6163%; height: 25px; border: 1px solid #dddddd;\">Garfo de jantar<\/td>\n<td style=\"width: 13.3949%; border: 1px solid #dddddd;\">2.0<\/td>\n<td style=\"width: 14.5197%; height: 25px; border: 1px solid #dddddd;\">m\u00e3o<\/td>\n<td style=\"width: 14.4459%; border: 1px solid #dddddd;\">28*198<\/td>\n<td style=\"width: 15.241%; height: 25px; border: 1px solid #dddddd;\">38.0<\/td>\n<\/tr>\n<tr style=\"height: 18.00pt;\">\n<td style=\"width: 13.6163%; height: 24px; border: 1px solid #dddddd;\">Colher de ch\u00e1<\/td>\n<td style=\"width: 13.3949%; border: 1px solid #dddddd;\">1.8<\/td>\n<td style=\"width: 14.5197%; height: 24px; border: 1px solid #dddddd;\">m\u00e3o<\/td>\n<td style=\"width: 14.4459%; border: 1px solid #dddddd;\">31*146<\/td>\n<td style=\"width: 15.241%; height: 24px; border: 1px solid #dddddd;\">19.0<\/td>\n<\/tr>\n<tr style=\"height: 18.00pt;\">\n<td style=\"width: 13.6163%; border: 1px solid #dddddd;\">Garfo para bolo<\/td>\n<td style=\"width: 13.3949%; border: 1px solid #dddddd;\">1.8<\/td>\n<td style=\"width: 14.5197%; border: 1px solid #dddddd;\">m\u00e3o<\/td>\n<td style=\"width: 14.4459%; border: 1px solid #dddddd;\">23*149<\/td>\n<td style=\"width: 15.241%; border: 1px solid #dddddd;\">16.0<\/td>\n<\/tr>\n<tr style=\"height: 18.00pt;\">\n<td style=\"width: 13.6163%; border: 1px solid #dddddd;\">Faca de jantar<\/td>\n<td style=\"width: 13.3949%; border: 1px solid #dddddd;\">6.0<\/td>\n<td style=\"width: 14.5197%; border: 1px solid #dddddd;\">m\u00e3o<\/td>\n<td style=\"width: 14.4459%; border: 1px solid #dddddd;\">20*232<\/td>\n<td style=\"width: 15.241%; border: 1px solid #dddddd;\">75.0<\/td>\n<\/tr>\n<tr style=\"height: 18.00pt;\">\n<td style=\"width: 13.6163%; border: 1px solid #dddddd;\">Colher de caf\u00e9<\/td>\n<td style=\"width: 13.3949%; border: 1px solid #dddddd;\">1.8<\/td>\n<td style=\"width: 14.5197%; border: 1px solid #dddddd;\">m\u00e3o<\/td>\n<td style=\"width: 14.4459%; border: 1px solid #dddddd;\">26*117<\/td>\n<td style=\"width: 15.241%; border: 1px solid #dddddd;\">12.0<\/td>\n<\/tr>\n<tr style=\"height: 18.00pt;\">\n<td style=\"width: 13.6163%; border: 1px solid #dddddd;\">Colher de sobremesa<\/td>\n<td style=\"width: 13.3949%; border: 1px solid #dddddd;\">2.0<\/td>\n<td style=\"width: 14.5197%; border: 1px solid #dddddd;\">m\u00e3o<\/td>\n<td style=\"width: 14.4459%; border: 1px solid #dddddd;\">39*179<\/td>\n<td style=\"width: 15.241%; border: 1px solid #dddddd;\">30.0<\/td>\n<\/tr>\n<tr style=\"height: 18.00pt;\">\n<td style=\"width: 13.6163%; border: 1px solid #dddddd;\">Garfo de sobremesa<\/td>\n<td style=\"width: 13.3949%; border: 1px solid #dddddd;\">2.0<\/td>\n<td style=\"width: 14.5197%; border: 1px solid #dddddd;\">m\u00e3o<\/td>\n<td style=\"width: 14.4459%; border: 1px solid #dddddd;\">25*178<\/td>\n<td style=\"width: 15.241%; border: 1px solid #dddddd;\">25.0<\/td>\n<\/tr>\n<tr>\n<td style=\"width: 13.6163%; border: 1px solid #dddddd;\">Faca de sobremesa<\/td>\n<td style=\"width: 13.3949%; border: 1px solid #dddddd;\">6.0<\/td>\n<td style=\"width: 14.5197%; border: 1px solid #dddddd;\">m\u00e3o<\/td>\n<td style=\"width: 14.4459%; border: 1px solid #dddddd;\">18*204<\/td>\n<td style=\"width: 15.241%; border: 1px solid #dddddd;\">55.0<\/td>\n<\/tr>\n<tr>\n<td style=\"width: 13.6163%; border: 1px solid #dddddd;\">Faca para manteiga<\/td>\n<td style=\"width: 13.3949%; border: 1px solid #dddddd;\">2.0<\/td>\n<td style=\"width: 14.5197%; border: 1px solid #dddddd;\">m\u00e3o<\/td>\n<td style=\"width: 14.4459%; border: 1px solid #dddddd;\">23*202<\/td>\n<td style=\"width: 15.241%; border: 1px solid #dddddd;\">29.0<\/td>\n<\/tr>\n<tr>\n<td style=\"width: 13.6163%; border: 1px solid #dddddd;\">Colher de gelo<\/td>\n<td style=\"width: 13.3949%; border: 1px solid #dddddd;\">1.8<\/td>\n<td style=\"width: 14.5197%; border: 1px solid #dddddd;\">m\u00e3o<\/td>\n<td style=\"width: 14.4459%; border: 1px solid #dddddd;\">29*196<\/td>\n<td style=\"width: 15.241%; border: 1px solid #dddddd;\">24.0<\/td>\n<\/tr>\n<tr style=\"height: 18.00pt;\">\n<td style=\"width: 13.6163%; height: 24px; border: 1px solid #dddddd;\">Faca para bifes<\/td>\n<td style=\"width: 13.3949%; border: 1px solid #dddddd;\">6.0<\/td>\n<td style=\"width: 14.5197%; height: 24px; border: 1px solid #dddddd;\">m\u00e3o<\/td>\n<td style=\"width: 14.4459%; border: 1px solid #dddddd;\">16*201<\/td>\n<td style=\"width: 15.241%; height: 24px; border: 1px solid #dddddd;\">55.0<\/td>\n<\/tr>\n<\/tbody>\n<\/table>\n<p>&nbsp;<\/p>","protected":false},"excerpt":{"rendered":"<p>&nbsp; \u25b8 PRODUCT PARAMETERS Item No: Name Thickness(mm) Polishing Dimensions(mm) Weight(g) S051 Dinner spoon 2.0 hand 41*200 43.0 Dinner fork 2.0 hand 28*198 38.0 Tea spoon 1.8 hand 31*146 19.0 Cake fork 1.8 hand 23*149 16.0 Dinner knife 6.0 hand 20*232 75.0 Coffee spoon 1.8 hand 26*117 12.0 Desset spoon 2.0 hand 39*179 30.0 Dessert [&hellip;]<\/p>","protected":false},"featured_media":3793,"comment_status":"open","ping_status":"closed","template":"","meta":{"_seopress_robots_primary_cat":"","_seopress_titles_title":"","_seopress_titles_desc":"","_seopress_robots_index":""},"product_brand":[],"product_cat":[75],"product_tag":[],"class_list":{"0":"post-3792","1":"product","2":"type-product","3":"status-publish","4":"has-post-thumbnail","6":"product_cat-srange","8":"first","9":"instock","10":"virtual","11":"purchasable","12":"product-type-simple"},"_links":{"self":[{"href":"https:\/\/www.cutlery.net.cn\/pt\/wp-json\/wp\/v2\/product\/3792","targetHints":{"allow":["GET"]}}],"collection":[{"href":"https:\/\/www.cutlery.net.cn\/pt\/wp-json\/wp\/v2\/product"}],"about":[{"href":"https:\/\/www.cutlery.net.cn\/pt\/wp-json\/wp\/v2\/types\/product"}],"replies":[{"embeddable":true,"href":"https:\/\/www.cutlery.net.cn\/pt\/wp-json\/wp\/v2\/comments?post=3792"}],"wp:featuredmedia":[{"embeddable":true,"href":"https:\/\/www.cutlery.net.cn\/pt\/wp-json\/wp\/v2\/media\/3793"}],"wp:attachment":[{"href":"https:\/\/www.cutlery.net.cn\/pt\/wp-json\/wp\/v2\/media?parent=3792"}],"wp:term":[{"taxonomy":"product_brand","embeddable":true,"href":"https:\/\/www.cutlery.net.cn\/pt\/wp-json\/wp\/v2\/product_brand?post=3792"},{"taxonomy":"product_cat","embeddable":true,"href":"https:\/\/www.cutlery.net.cn\/pt\/wp-json\/wp\/v2\/product_cat?post=3792"},{"taxonomy":"product_tag","embeddable":true,"href":"https:\/\/www.cutlery.net.cn\/pt\/wp-json\/wp\/v2\/product_tag?post=3792"}],"curies":[{"name":"wp","href":"https:\/\/api.w.org\/{rel}","templated":true}]}}