{"id":3724,"date":"2025-10-24T08:59:46","date_gmt":"2025-10-24T08:59:46","guid":{"rendered":"https:\/\/www.gdjiexun.cn\/?post_type=product&#038;p=3724"},"modified":"2025-11-05T03:33:40","modified_gmt":"2025-11-05T03:33:40","slug":"conjunto-de-talheres-de-aco-inoxidavel-304-com-relevo-de-estilo-europeu-talheres-ocidentais-requintados-faca-para-restaurante-hotel","status":"publish","type":"product","link":"https:\/\/www.cutlery.net.cn\/pt\/produto\/conjunto-de-talheres-de-aco-inoxidavel-304-com-relevo-de-estilo-europeu-talheres-ocidentais-requintados-faca-para-restaurante-hotel\/","title":{"rendered":"Conjunto de talheres de a\u00e7o inoxid\u00e1vel 304 com relevo de estilo europeu Faca de talheres ocidental requintada para restaurante hotel"},"content":{"rendered":"<p><img fetchpriority=\"high\" decoding=\"async\" class=\"aligncenter size-full wp-image-3725\" src=\"https:\/\/www.gdjiexun.cn\/wp-content\/uploads\/2025\/10\/S013.webp\" alt=\"\" width=\"700\" height=\"700\" srcset=\"https:\/\/www.cutlery.net.cn\/wp-content\/uploads\/2025\/10\/S013.webp 700w, https:\/\/www.cutlery.net.cn\/wp-content\/uploads\/2025\/10\/S013-300x300.webp 300w, https:\/\/www.cutlery.net.cn\/wp-content\/uploads\/2025\/10\/S013-150x150.webp 150w, https:\/\/www.cutlery.net.cn\/wp-content\/uploads\/2025\/10\/S013-600x600.webp 600w, https:\/\/www.cutlery.net.cn\/wp-content\/uploads\/2025\/10\/S013-100x100.webp 100w\" sizes=\"(max-width: 700px) 100vw, 700px\" \/><\/p>\n<p>&nbsp;<\/p>\n<h3 style=\"color: #eb9363;\">\u25b8 PAR\u00c2METROS DO PRODUTO<\/h3>\n<table style=\"height: 121px; width: 100%; border-collapse: collapse; border-style: solid; border-color: #dddddd;\" border=\"1\">\n<tbody>\n<tr style=\"height: 24px;\">\n<td style=\"width: 11.1439%; height: 24px; border: 1px solid #dddddd; background-color: #f2f2f2;\">Item No:<\/td>\n<td style=\"width: 13.6163%; height: 24px; border: 1px solid #dddddd; background-color: #f2f2f2;\">Nome<\/td>\n<td style=\"width: 13.3949%; border: 1px solid #dddddd; background-color: #f2f2f2;\">Espessura (mm)<\/td>\n<td style=\"width: 14.5197%; height: 24px; border: 1px solid #dddddd; background-color: #f2f2f2;\">Polimento<\/td>\n<td style=\"width: 14.4459%; border: 1px solid #dddddd; background-color: #f2f2f2;\">Dimens\u00f5es (mm)<\/td>\n<td style=\"width: 15.241%; height: 24px; border: 1px solid #dddddd; background-color: #f2f2f2;\">Peso (g)<\/td>\n<\/tr>\n<tr style=\"height: 24px;\">\n<td style=\"width: 11.1439%; height: 97px; border: 1px solid #dddddd; vertical-align: middle;\" rowspan=\"5\"><span style=\"font-size: 14pt;\"><strong>S013<\/strong><\/span><\/td>\n<td style=\"width: 13.6163%; height: 24px; border: 1px solid #dddddd;\">Colher de jantar<\/td>\n<td style=\"width: 13.3949%; border: 1px solid #dddddd;\">2.0<\/td>\n<td style=\"width: 14.5197%; height: 24px; border: 1px solid #dddddd;\">m\u00e3o<\/td>\n<td style=\"width: 14.4459%; border: 1px solid #dddddd;\">45*208<\/td>\n<td style=\"width: 15.241%; height: 24px; border: 1px solid #dddddd;\">46.0<\/td>\n<\/tr>\n<tr style=\"height: 18.00pt;\">\n<td style=\"width: 13.6163%; height: 25px; border: 1px solid #dddddd;\">Garfo de jantar<\/td>\n<td style=\"width: 13.3949%; border: 1px solid #dddddd;\">2.0<\/td>\n<td style=\"width: 14.5197%; height: 25px; border: 1px solid #dddddd;\">m\u00e3o<\/td>\n<td style=\"width: 14.4459%; border: 1px solid #dddddd;\">24*201<\/td>\n<td style=\"width: 15.241%; height: 25px; border: 1px solid #dddddd;\">39.0<\/td>\n<\/tr>\n<tr style=\"height: 18.00pt;\">\n<td style=\"width: 13.6163%; height: 24px; border: 1px solid #dddddd;\">Colher de ch\u00e1<\/td>\n<td style=\"width: 13.3949%; border: 1px solid #dddddd;\">1.8<\/td>\n<td style=\"width: 14.5197%; height: 24px; border: 1px solid #dddddd;\">m\u00e3o<\/td>\n<td style=\"width: 14.4459%; border: 1px solid #dddddd;\">27*138<\/td>\n<td style=\"width: 15.241%; height: 24px; border: 1px solid #dddddd;\">19.0<\/td>\n<\/tr>\n<tr style=\"height: 18.00pt;\">\n<td style=\"width: 13.6163%; border: 1px solid #dddddd;\">Faca de jantar<\/td>\n<td style=\"width: 13.3949%; border: 1px solid #dddddd;\">6.0<\/td>\n<td style=\"width: 14.5197%; border: 1px solid #dddddd;\">m\u00e3o<\/td>\n<td style=\"width: 14.4459%; border: 1px solid #dddddd;\">18*215<\/td>\n<td style=\"width: 15.241%; border: 1px solid #dddddd;\">70.0<\/td>\n<\/tr>\n<tr style=\"height: 18.00pt;\">\n<td style=\"width: 13.6163%; border: 1px solid #dddddd;\">Colher de caf\u00e9<\/td>\n<td style=\"width: 13.3949%; border: 1px solid #dddddd;\">1.5<\/td>\n<td style=\"width: 14.5197%; border: 1px solid #dddddd;\">m\u00e3o<\/td>\n<td style=\"width: 14.4459%; border: 1px solid #dddddd;\">23*105<\/td>\n<td style=\"width: 15.241%; border: 1px solid #dddddd;\">10.0<\/td>\n<\/tr>\n<\/tbody>\n<\/table>","protected":false},"excerpt":{"rendered":"<p>&nbsp; \u25b8 PAR\u00c2METROS DO PRODUTO N\u00ba do artigo: Nome Espessura (mm) Polimento Dimens\u00f5es (mm) Peso (g) S013 Colher de jantar 2.0 m\u00e3o 45*208 46.0 Garfo de jantar 2.0 m\u00e3o 24*201 39.0 Colher de ch\u00e1 1.8 m\u00e3o 27*138 19.0 Faca de jantar 6.0 m\u00e3o 18*215 70.0 Colher de caf\u00e9 1.5 m\u00e3o 23*105 10.0<\/p>","protected":false},"featured_media":3725,"comment_status":"open","ping_status":"closed","template":"","meta":{"_seopress_robots_primary_cat":"","_seopress_titles_title":"","_seopress_titles_desc":"","_seopress_robots_index":""},"product_brand":[],"product_cat":[75],"product_tag":[],"class_list":{"0":"post-3724","1":"product","2":"type-product","3":"status-publish","4":"has-post-thumbnail","6":"product_cat-srange","8":"first","9":"instock","10":"virtual","11":"purchasable","12":"product-type-simple"},"_links":{"self":[{"href":"https:\/\/www.cutlery.net.cn\/pt\/wp-json\/wp\/v2\/product\/3724","targetHints":{"allow":["GET"]}}],"collection":[{"href":"https:\/\/www.cutlery.net.cn\/pt\/wp-json\/wp\/v2\/product"}],"about":[{"href":"https:\/\/www.cutlery.net.cn\/pt\/wp-json\/wp\/v2\/types\/product"}],"replies":[{"embeddable":true,"href":"https:\/\/www.cutlery.net.cn\/pt\/wp-json\/wp\/v2\/comments?post=3724"}],"wp:featuredmedia":[{"embeddable":true,"href":"https:\/\/www.cutlery.net.cn\/pt\/wp-json\/wp\/v2\/media\/3725"}],"wp:attachment":[{"href":"https:\/\/www.cutlery.net.cn\/pt\/wp-json\/wp\/v2\/media?parent=3724"}],"wp:term":[{"taxonomy":"product_brand","embeddable":true,"href":"https:\/\/www.cutlery.net.cn\/pt\/wp-json\/wp\/v2\/product_brand?post=3724"},{"taxonomy":"product_cat","embeddable":true,"href":"https:\/\/www.cutlery.net.cn\/pt\/wp-json\/wp\/v2\/product_cat?post=3724"},{"taxonomy":"product_tag","embeddable":true,"href":"https:\/\/www.cutlery.net.cn\/pt\/wp-json\/wp\/v2\/product_tag?post=3724"}],"curies":[{"name":"wp","href":"https:\/\/api.w.org\/{rel}","templated":true}]}}