{"id":3692,"date":"2025-10-22T03:37:10","date_gmt":"2025-10-22T03:37:10","guid":{"rendered":"https:\/\/www.gdjiexun.cn\/?post_type=product&#038;p=3692"},"modified":"2025-10-22T03:39:59","modified_gmt":"2025-10-22T03:39:59","slug":"125-piece-stainless-steel-cutlery-flatware-set-silverware-utensil-kitchen-dinnerware","status":"publish","type":"product","link":"https:\/\/www.cutlery.net.cn\/pt\/produto\/125-piece-stainless-steel-cutlery-flatware-set-silverware-utensil-kitchen-dinnerware\/","title":{"rendered":"Faqueiro de a\u00e7o inoxid\u00e1vel de 125 pe\u00e7as Conjunto de talheres Talheres de prata Utens\u00edlio de cozinha Lou\u00e7a de jantar"},"content":{"rendered":"<p><img fetchpriority=\"high\" decoding=\"async\" class=\"aligncenter size-full wp-image-3698\" src=\"https:\/\/www.gdjiexun.cn\/wp-content\/uploads\/2025\/10\/125PC.webp\" alt=\"\" width=\"700\" height=\"700\" srcset=\"https:\/\/www.cutlery.net.cn\/wp-content\/uploads\/2025\/10\/125PC.webp 700w, https:\/\/www.cutlery.net.cn\/wp-content\/uploads\/2025\/10\/125PC-300x300.webp 300w, https:\/\/www.cutlery.net.cn\/wp-content\/uploads\/2025\/10\/125PC-150x150.webp 150w, https:\/\/www.cutlery.net.cn\/wp-content\/uploads\/2025\/10\/125PC-600x600.webp 600w, https:\/\/www.cutlery.net.cn\/wp-content\/uploads\/2025\/10\/125PC-100x100.webp 100w\" sizes=\"(max-width: 700px) 100vw, 700px\" \/> <img decoding=\"async\" class=\"aligncenter size-full wp-image-3697\" src=\"https:\/\/www.gdjiexun.cn\/wp-content\/uploads\/2025\/10\/125PC-.webp\" alt=\"\" width=\"800\" height=\"1091\" srcset=\"https:\/\/www.cutlery.net.cn\/wp-content\/uploads\/2025\/10\/125PC-.webp 800w, https:\/\/www.cutlery.net.cn\/wp-content\/uploads\/2025\/10\/125PC--220x300.webp 220w, https:\/\/www.cutlery.net.cn\/wp-content\/uploads\/2025\/10\/125PC--751x1024.webp 751w, https:\/\/www.cutlery.net.cn\/wp-content\/uploads\/2025\/10\/125PC--768x1047.webp 768w, https:\/\/www.cutlery.net.cn\/wp-content\/uploads\/2025\/10\/125PC--600x818.webp 600w\" sizes=\"(max-width: 800px) 100vw, 800px\" \/><\/p>\n<p>&nbsp;<\/p>","protected":false},"excerpt":{"rendered":"<p>&nbsp;<\/p>","protected":false},"featured_media":3698,"comment_status":"open","ping_status":"closed","template":"","meta":{"_seopress_robots_primary_cat":"","_seopress_titles_title":"","_seopress_titles_desc":"","_seopress_robots_index":""},"product_brand":[],"product_cat":[81],"product_tag":[],"class_list":{"0":"post-3692","1":"product","2":"type-product","3":"status-publish","4":"has-post-thumbnail","6":"product_cat-125-pc-cutlery","8":"first","9":"instock","10":"virtual","11":"purchasable","12":"product-type-simple"},"_links":{"self":[{"href":"https:\/\/www.cutlery.net.cn\/pt\/wp-json\/wp\/v2\/product\/3692","targetHints":{"allow":["GET"]}}],"collection":[{"href":"https:\/\/www.cutlery.net.cn\/pt\/wp-json\/wp\/v2\/product"}],"about":[{"href":"https:\/\/www.cutlery.net.cn\/pt\/wp-json\/wp\/v2\/types\/product"}],"replies":[{"embeddable":true,"href":"https:\/\/www.cutlery.net.cn\/pt\/wp-json\/wp\/v2\/comments?post=3692"}],"wp:featuredmedia":[{"embeddable":true,"href":"https:\/\/www.cutlery.net.cn\/pt\/wp-json\/wp\/v2\/media\/3698"}],"wp:attachment":[{"href":"https:\/\/www.cutlery.net.cn\/pt\/wp-json\/wp\/v2\/media?parent=3692"}],"wp:term":[{"taxonomy":"product_brand","embeddable":true,"href":"https:\/\/www.cutlery.net.cn\/pt\/wp-json\/wp\/v2\/product_brand?post=3692"},{"taxonomy":"product_cat","embeddable":true,"href":"https:\/\/www.cutlery.net.cn\/pt\/wp-json\/wp\/v2\/product_cat?post=3692"},{"taxonomy":"product_tag","embeddable":true,"href":"https:\/\/www.cutlery.net.cn\/pt\/wp-json\/wp\/v2\/product_tag?post=3692"}],"curies":[{"name":"wp","href":"https:\/\/api.w.org\/{rel}","templated":true}]}}