{"id":3572,"date":"2025-10-25T03:40:48","date_gmt":"2025-10-25T03:40:48","guid":{"rendered":"https:\/\/www.gdjiexun.cn\/?post_type=product&#038;p=3572"},"modified":"2025-11-07T08:08:47","modified_gmt":"2025-11-07T08:08:47","slug":"talheres-de-prata-de-alta-qualidade-para-restaurante-colheres-garfos-e-facas-conjunto-de-talheres-de-aco-inoxidavel-para-casamento","status":"publish","type":"product","link":"https:\/\/www.cutlery.net.cn\/pt\/produto\/talheres-de-prata-de-alta-qualidade-para-restaurante-colheres-garfos-e-facas-conjunto-de-talheres-de-aco-inoxidavel-para-casamento\/","title":{"rendered":"Conjunto de talheres de alta qualidade para restaurante Colheres, garfos e facas Conjunto de talheres de a\u00e7o inoxid\u00e1vel para casamento"},"content":{"rendered":"<p><img fetchpriority=\"high\" decoding=\"async\" class=\"aligncenter size-full wp-image-3573\" src=\"https:\/\/www.gdjiexun.cn\/wp-content\/uploads\/2025\/10\/S125-IDEA-Cutlery-1.webp\" alt=\"\" width=\"700\" height=\"700\" srcset=\"https:\/\/www.cutlery.net.cn\/wp-content\/uploads\/2025\/10\/S125-IDEA-Cutlery-1.webp 700w, https:\/\/www.cutlery.net.cn\/wp-content\/uploads\/2025\/10\/S125-IDEA-Cutlery-1-300x300.webp 300w, https:\/\/www.cutlery.net.cn\/wp-content\/uploads\/2025\/10\/S125-IDEA-Cutlery-1-150x150.webp 150w, https:\/\/www.cutlery.net.cn\/wp-content\/uploads\/2025\/10\/S125-IDEA-Cutlery-1-600x600.webp 600w, https:\/\/www.cutlery.net.cn\/wp-content\/uploads\/2025\/10\/S125-IDEA-Cutlery-1-100x100.webp 100w\" sizes=\"(max-width: 700px) 100vw, 700px\" \/><\/p>\n<p>&nbsp;<\/p>\n<h2 style=\"color: #eb9363;\"><span style=\"font-size: 16pt;\">\u25b8 PAR\u00c2METROS DO PRODUTO<\/span><\/h2>\n<table style=\"height: 121px; width: 100%; border-collapse: collapse; border-style: solid; border-color: #dddddd;\" border=\"1\">\n<tbody>\n<tr style=\"height: 24px;\">\n<td style=\"width: 11.1439%; height: 24px; border: 1px solid #dddddd; background-color: #f2f2f2;\">Item No:<\/td>\n<td style=\"width: 13.6163%; height: 24px; border: 1px solid #dddddd; background-color: #f2f2f2;\">Nome<\/td>\n<td style=\"width: 13.3949%; border: 1px solid #dddddd; background-color: #f2f2f2;\">Espessura (mm)<\/td>\n<td style=\"width: 14.5197%; height: 24px; border: 1px solid #dddddd; background-color: #f2f2f2;\">Polimento<\/td>\n<td style=\"width: 14.4459%; border: 1px solid #dddddd; background-color: #f2f2f2;\">Dimens\u00f5es (mm)<\/td>\n<td style=\"width: 15.241%; height: 24px; border: 1px solid #dddddd; background-color: #f2f2f2;\">Peso (g)<\/td>\n<\/tr>\n<tr style=\"height: 24px;\">\n<td style=\"width: 11.1439%; height: 97px; border: 1px solid #dddddd; vertical-align: middle;\" rowspan=\"9\"><span style=\"font-size: 14pt;\"><strong>S125<\/strong><\/span><\/td>\n<td style=\"width: 13.6163%; height: 24px; border: 1px solid #dddddd;\">Colher de jantar<\/td>\n<td style=\"width: 13.3949%; border: 1px solid #dddddd;\">6.0<\/td>\n<td style=\"width: 14.5197%; height: 24px; border: 1px solid #dddddd;\">espelho<\/td>\n<td style=\"width: 14.4459%; border: 1px solid #dddddd;\">43*207<\/td>\n<td style=\"width: 15.241%; height: 24px; border: 1px solid #dddddd;\">79<\/td>\n<\/tr>\n<tr style=\"height: 18.00pt;\">\n<td style=\"width: 13.6163%; height: 25px; border: 1px solid #dddddd;\">Garfo de jantar<\/td>\n<td style=\"width: 13.3949%; border: 1px solid #dddddd;\">6.0<\/td>\n<td style=\"width: 14.5197%; height: 25px; border: 1px solid #dddddd;\">espelho<\/td>\n<td style=\"width: 14.4459%; border: 1px solid #dddddd;\">26*206<\/td>\n<td style=\"width: 15.241%; height: 25px; border: 1px solid #dddddd;\">62<\/td>\n<\/tr>\n<tr style=\"height: 18.00pt;\">\n<td style=\"width: 13.6163%; height: 24px; border: 1px solid #dddddd;\">Colher de ch\u00e1<\/td>\n<td style=\"width: 13.3949%; border: 1px solid #dddddd;\">3.5<\/td>\n<td style=\"width: 14.5197%; height: 24px; border: 1px solid #dddddd;\">espelho<\/td>\n<td style=\"width: 14.4459%; border: 1px solid #dddddd;\">30*138<\/td>\n<td style=\"width: 15.241%; height: 24px; border: 1px solid #dddddd;\">25<\/td>\n<\/tr>\n<tr style=\"height: 18.00pt;\">\n<td style=\"width: 13.6163%; border: 1px solid #dddddd;\">Faca de jantar<\/td>\n<td style=\"width: 13.3949%; border: 1px solid #dddddd;\">10.0<\/td>\n<td style=\"width: 14.5197%; border: 1px solid #dddddd;\">espelho<\/td>\n<td style=\"width: 14.4459%; border: 1px solid #dddddd;\">15*235<\/td>\n<td style=\"width: 15.241%; border: 1px solid #dddddd;\">83<\/td>\n<\/tr>\n<tr>\n<td style=\"width: 13.6163%; border: 1px solid #dddddd;\">Colher de caf\u00e9<\/td>\n<td style=\"width: 13.3949%; border: 1px solid #dddddd;\">2.5<\/td>\n<td style=\"width: 14.5197%; border: 1px solid #dddddd;\">espelho<\/td>\n<td style=\"width: 14.4459%; border: 1px solid #dddddd;\">24*108<\/td>\n<td style=\"width: 15.241%; border: 1px solid #dddddd;\">13<\/td>\n<\/tr>\n<tr>\n<td style=\"width: 13.6163%; border: 1px solid #dddddd;\">Colher de sobremesa<\/td>\n<td style=\"width: 13.3949%; border: 1px solid #dddddd;\">5.0<\/td>\n<td style=\"width: 14.5197%; border: 1px solid #dddddd;\">espelho<\/td>\n<td style=\"width: 14.4459%; border: 1px solid #dddddd;\">40*184<\/td>\n<td style=\"width: 15.241%; border: 1px solid #dddddd;\">53<\/td>\n<\/tr>\n<tr style=\"height: 18.00pt;\">\n<td style=\"width: 13.6163%; border: 1px solid #dddddd;\">Garfo de sobremesa<\/td>\n<td style=\"width: 13.3949%; border: 1px solid #dddddd;\">5.0<\/td>\n<td style=\"width: 14.5197%; border: 1px solid #dddddd;\">espelho<\/td>\n<td style=\"width: 14.4459%; border: 1px solid #dddddd;\">24*188<\/td>\n<td style=\"width: 15.241%; border: 1px solid #dddddd;\">47<\/td>\n<\/tr>\n<tr>\n<td style=\"width: 13.6163%; border: 1px solid #dddddd;\">Faca de sobremesa<\/td>\n<td style=\"width: 13.3949%; border: 1px solid #dddddd;\">9.0<\/td>\n<td style=\"width: 14.5197%; border: 1px solid #dddddd;\">espelho<\/td>\n<td style=\"width: 14.4459%; border: 1px solid #dddddd;\">13.5*213<\/td>\n<td style=\"width: 15.241%; border: 1px solid #dddddd;\">63<\/td>\n<\/tr>\n<tr>\n<td style=\"width: 13.6163%; border: 1px solid #dddddd;\">Faca para bifes<\/td>\n<td style=\"width: 13.3949%; border: 1px solid #dddddd;\">10.0<\/td>\n<td style=\"width: 14.5197%; border: 1px solid #dddddd;\">espelho<\/td>\n<td style=\"width: 14.4459%; border: 1px solid #dddddd;\">15*236<\/td>\n<td style=\"width: 15.241%; border: 1px solid #dddddd;\">88<\/td>\n<\/tr>\n<\/tbody>\n<\/table>\n<p>&nbsp;<\/p>\n<h2><span style=\"font-size: 16pt;\"><b>Talheres IDEAL: Cole\u00e7\u00e3o de talheres Architectural Curve (S\u00e9rie S125)<\/b><\/span><\/h2>\n<p class=\"translation-block\">A s\u00e9rie IDEAL S125 de cutelaria \u00e9 uma cole\u00e7\u00e3o excecional definida pelas suas <b>linhas arquitect\u00f3nicas subtis e design ergon\u00f3mico superior<\/b>. Ao contr\u00e1rio dos estilos mais simples, o S125 apresenta pegas com uma borda suavemente definida e uma curvatura natural que se alarga ligeiramente na base, garantindo tanto o equil\u00edbrio visual como um extraordin\u00e1rio conforto na m\u00e3o. A superf\u00edcie ostenta o nosso <b>acabamento espelhado premium<\/b> de assinatura, resultando num brilho brilhante e refletor que resiste lindamente aos rigores da utiliza\u00e7\u00e3o comercial. Esta gama abrangente de pe\u00e7as foi concebida para servir servi\u00e7os de refei\u00e7\u00f5es requintadas com v\u00e1rios pratos.<\/p>\n<p>&nbsp;<\/p>\n<p>A S125 \u00e9 um amplo espetro de 8 pe\u00e7as distintas, ilustrando toda a profundidade desta cole\u00e7\u00e3o:<\/p>\n<ul>\n<li class=\"translation-block\"><b>As Facas (3 Varia\u00e7\u00f5es):<\/b> O conjunto inclui uma <b>Faca de Mesa com L\u00e2mina Serrilhada<\/b>, uma <b>Faca de Jantar com L\u00e2mina S\u00f3lida<\/b> e uma <b>Faca de Sobremesa\/Salada<\/b> potencialmente mais pequena.<\/li>\n<li class=\"translation-block\"><b>Os Garfos (2 Varia\u00e7\u00f5es):<\/b> Um <b>garfo de Jantar<\/b> de tamanho generoso e com dentes cheios \u00e9 combinado com um <b>garfo de Sobremesa\/Salada<\/b> ligeiramente mais pequeno e delicado, garantindo o utens\u00edlio perfeito para cada prato, desde a salada \u00e0 entrada.<\/li>\n<li class=\"translation-block\"><b>As Colheres (3 Gradua\u00e7\u00f5es):<\/b> A s\u00e9rie inclui tr\u00eas colheres de propor\u00e7\u00f5es perfeitas: a grande <b>Colher de Jantar\/Mesa<\/b>, a m\u00e9dia <b>Colher de Sobremesa<\/b> e a mais pequena <b>Colher de Ch\u00e1<\/b>.<\/li>\n<\/ul>\n<p>&nbsp;<\/p>\n<h2><span style=\"font-size: 16pt;\"><strong>Parceria B2B: Excel\u00eancia no fabrico por medida<\/strong><\/span><\/h2>\n<p>A IDEAL Cutlery \u00e9 o nome de confian\u00e7a para a aquisi\u00e7\u00e3o por grosso. A s\u00e9rie S125 n\u00e3o \u00e9 apenas um artigo de stock; \u00e9 um modelo para a sua vis\u00e3o personalizada. Proporcionamos total flexibilidade de fabrico, assegurando que o produto final se alinha precisamente com os padr\u00f5es da sua marca e com o posicionamento no mercado.<\/p>\n<p><b>Oferecemos capacidades de personaliza\u00e7\u00e3o abrangentes:<\/b><\/p>\n<ul>\n<li class=\"translation-block\"><b>Material e calibre:<\/b> Fabricamos o S125 em a\u00e7o inoxid\u00e1vel de qualidade superior e de grande calibre, incluindo a\u00e7o para cutelaria resistente \u00e0 corros\u00e3o <b>18\/10 (elevado teor de n\u00edquel), 18\/0 e a\u00e7o especializado para cutelaria 13\/0<\/b>, permitindo-lhe equilibrar qualidade e custo de forma eficaz.<\/li>\n<li class=\"translation-block\"><b>Transforma\u00e7\u00e3o de cores e acabamentos:<\/b> Tire partido da nossa experi\u00eancia em revestimento <b>PVD (Physical Vapor Deposition)<\/b> para obter cores personalizadas para al\u00e9m do prateado. Isto inclui op\u00e7\u00f5es populares como o elegante <b>Rose Gold<\/b>, o marcante <b>Black<\/b> ou qualquer outro tom de cor <b>personalizado<\/b> exclusivo para um visual moderno e de alta qualidade. Tamb\u00e9m suportamos acabamentos acetinados, escovados ou antigos.<\/li>\n<li class=\"translation-block\"><b>Modifica\u00e7\u00e3o do design:<\/b> Podemos ajustar o peso, o ponto de equil\u00edbrio e o comprimento do punho do design existente. Tamb\u00e9m oferecemos ferramentas personalizadas para formas de pe\u00e7as exclusivas ou elementos de marca \u00fanicos.<\/li>\n<li class=\"translation-block\"><b>Log\u00edstica e Embalagem:<\/b> A grava\u00e7\u00e3o a laser personalizada do seu log\u00f3tipo est\u00e1 dispon\u00edvel em todas as pe\u00e7as. Oferecemos solu\u00e7\u00f5es de embalagem escal\u00e1veis, desde caixas de presente personalizadas at\u00e9 embalagens a granel econ\u00f3micas para grandes necessidades de distribui\u00e7\u00e3o.<\/li>\n<\/ul>\n<p>&nbsp;<\/p>\n<p class=\"translation-block\">Fa\u00e7a uma parceria com a <b><a href=\"\/pt\/contact-us\/\" target=\"_self\"><strong>IDEAL Cutlery<\/strong><\/a><\/b> para fornecer artigos de mesa excepcionais que se alinham perfeitamente com a sua vis\u00e3o de neg\u00f3cio.<\/p>","protected":false},"excerpt":{"rendered":"<p>&nbsp; \u25b8 PRODUCT PARAMETERS Item No: Name Thickness(mm) Polishing Dimensions(mm) Weight(g) S125 Dinner spoon 6.0 mirror 43*207 79 Dinner fork 6.0 mirror 26*206 62 Tea spoon 3.5 mirror 30*138 25 Dinner knife 10.0 mirror 15*235 83 Coffee spoon 2.5 mirror 24*108 13 Dessert spoon 5.0 mirror 40*184 53 Dessert fork 5.0 mirror 24*188 47 Dessert [&hellip;]<\/p>","protected":false},"featured_media":3573,"comment_status":"open","ping_status":"closed","template":"","meta":{"_seopress_robots_primary_cat":"","_seopress_titles_title":"","_seopress_titles_desc":"","_seopress_robots_index":""},"product_brand":[],"product_cat":[75],"product_tag":[],"class_list":{"0":"post-3572","1":"product","2":"type-product","3":"status-publish","4":"has-post-thumbnail","6":"product_cat-srange","8":"first","9":"instock","10":"featured","11":"virtual","12":"purchasable","13":"product-type-simple"},"_links":{"self":[{"href":"https:\/\/www.cutlery.net.cn\/pt\/wp-json\/wp\/v2\/product\/3572","targetHints":{"allow":["GET"]}}],"collection":[{"href":"https:\/\/www.cutlery.net.cn\/pt\/wp-json\/wp\/v2\/product"}],"about":[{"href":"https:\/\/www.cutlery.net.cn\/pt\/wp-json\/wp\/v2\/types\/product"}],"replies":[{"embeddable":true,"href":"https:\/\/www.cutlery.net.cn\/pt\/wp-json\/wp\/v2\/comments?post=3572"}],"wp:featuredmedia":[{"embeddable":true,"href":"https:\/\/www.cutlery.net.cn\/pt\/wp-json\/wp\/v2\/media\/3573"}],"wp:attachment":[{"href":"https:\/\/www.cutlery.net.cn\/pt\/wp-json\/wp\/v2\/media?parent=3572"}],"wp:term":[{"taxonomy":"product_brand","embeddable":true,"href":"https:\/\/www.cutlery.net.cn\/pt\/wp-json\/wp\/v2\/product_brand?post=3572"},{"taxonomy":"product_cat","embeddable":true,"href":"https:\/\/www.cutlery.net.cn\/pt\/wp-json\/wp\/v2\/product_cat?post=3572"},{"taxonomy":"product_tag","embeddable":true,"href":"https:\/\/www.cutlery.net.cn\/pt\/wp-json\/wp\/v2\/product_tag?post=3572"}],"curies":[{"name":"wp","href":"https:\/\/api.w.org\/{rel}","templated":true}]}}