{"id":3569,"date":"2025-10-25T03:39:16","date_gmt":"2025-10-25T03:39:16","guid":{"rendered":"https:\/\/www.gdjiexun.cn\/?post_type=product&#038;p=3569"},"modified":"2025-11-07T08:08:35","modified_gmt":"2025-11-07T08:08:35","slug":"talheres-de-prata-dourados-de-aco-inoxidavel-por-atacado-conjunto-de-talheres-de-casamento-para-restaurante-conjunto-de-talheres-de-ouro-de-luxo","status":"publish","type":"product","link":"https:\/\/www.cutlery.net.cn\/pt\/produto\/talheres-de-prata-dourados-de-aco-inoxidavel-por-atacado-conjunto-de-talheres-de-casamento-para-restaurante-conjunto-de-talheres-de-ouro-de-luxo\/","title":{"rendered":"Conjunto de talheres de prata dourada de a\u00e7o inoxid\u00e1vel para casamento Conjunto de talheres de ouro de luxo"},"content":{"rendered":"<p><img fetchpriority=\"high\" decoding=\"async\" class=\"aligncenter size-full wp-image-3570\" src=\"https:\/\/www.gdjiexun.cn\/wp-content\/uploads\/2025\/10\/S124-IDEA-Cutlery-1.webp\" alt=\"\" width=\"700\" height=\"700\" srcset=\"https:\/\/www.cutlery.net.cn\/wp-content\/uploads\/2025\/10\/S124-IDEA-Cutlery-1.webp 700w, https:\/\/www.cutlery.net.cn\/wp-content\/uploads\/2025\/10\/S124-IDEA-Cutlery-1-300x300.webp 300w, https:\/\/www.cutlery.net.cn\/wp-content\/uploads\/2025\/10\/S124-IDEA-Cutlery-1-150x150.webp 150w, https:\/\/www.cutlery.net.cn\/wp-content\/uploads\/2025\/10\/S124-IDEA-Cutlery-1-600x600.webp 600w, https:\/\/www.cutlery.net.cn\/wp-content\/uploads\/2025\/10\/S124-IDEA-Cutlery-1-100x100.webp 100w\" sizes=\"(max-width: 700px) 100vw, 700px\" \/><\/p>\n<p>&nbsp;<\/p>\n<h2 style=\"color: #eb9363;\"><span style=\"font-size: 16pt;\">\u25b8 PAR\u00c2METROS DO PRODUTO<\/span><\/h2>\n<table style=\"height: 121px; width: 100%; border-collapse: collapse; border-style: solid; border-color: #dddddd;\" border=\"1\">\n<tbody>\n<tr style=\"height: 24px;\">\n<td style=\"width: 11.1439%; height: 24px; border: 1px solid #dddddd; background-color: #f2f2f2;\">Item No:<\/td>\n<td style=\"width: 13.6163%; height: 24px; border: 1px solid #dddddd; background-color: #f2f2f2;\">Nome<\/td>\n<td style=\"width: 13.3949%; border: 1px solid #dddddd; background-color: #f2f2f2;\">Espessura (mm)<\/td>\n<td style=\"width: 14.5197%; height: 24px; border: 1px solid #dddddd; background-color: #f2f2f2;\">Polimento<\/td>\n<td style=\"width: 14.4459%; border: 1px solid #dddddd; background-color: #f2f2f2;\">Dimens\u00f5es (mm)<\/td>\n<td style=\"width: 15.241%; height: 24px; border: 1px solid #dddddd; background-color: #f2f2f2;\">Peso (g)<\/td>\n<\/tr>\n<tr style=\"height: 24px;\">\n<td style=\"width: 11.1439%; height: 97px; border: 1px solid #dddddd; vertical-align: middle;\" rowspan=\"8\"><span style=\"font-size: 14pt;\"><strong>S124<\/strong><\/span><\/td>\n<td style=\"width: 13.6163%; height: 24px; border: 1px solid #dddddd;\">Colher de jantar<\/td>\n<td style=\"width: 13.3949%; border: 1px solid #dddddd;\">2.0<\/td>\n<td style=\"width: 14.5197%; height: 24px; border: 1px solid #dddddd;\">espelho\/m\u00e3o<\/td>\n<td style=\"width: 14.4459%; border: 1px solid #dddddd;\">47*205<\/td>\n<td style=\"width: 15.241%; height: 24px; border: 1px solid #dddddd;\">48.5<\/td>\n<\/tr>\n<tr style=\"height: 18.00pt;\">\n<td style=\"width: 13.6163%; height: 25px; border: 1px solid #dddddd;\">Garfo de jantar<\/td>\n<td style=\"width: 13.3949%; border: 1px solid #dddddd;\">2.0<\/td>\n<td style=\"width: 14.5197%; height: 25px; border: 1px solid #dddddd;\">espelho\/m\u00e3o<\/td>\n<td style=\"width: 14.4459%; border: 1px solid #dddddd;\">27*204<\/td>\n<td style=\"width: 15.241%; height: 25px; border: 1px solid #dddddd;\">35.8<\/td>\n<\/tr>\n<tr style=\"height: 18.00pt;\">\n<td style=\"width: 13.6163%; height: 24px; border: 1px solid #dddddd;\">Colher de ch\u00e1<\/td>\n<td style=\"width: 13.3949%; border: 1px solid #dddddd;\">1.8<\/td>\n<td style=\"width: 14.5197%; height: 24px; border: 1px solid #dddddd;\">espelho\/m\u00e3o<\/td>\n<td style=\"width: 14.4459%; border: 1px solid #dddddd;\">31*148<\/td>\n<td style=\"width: 15.241%; height: 24px; border: 1px solid #dddddd;\">22.6<\/td>\n<\/tr>\n<tr style=\"height: 18.00pt;\">\n<td style=\"width: 13.6163%; border: 1px solid #dddddd;\">Faca de jantar<\/td>\n<td style=\"width: 13.3949%; border: 1px solid #dddddd;\">4.0<\/td>\n<td style=\"width: 14.5197%; border: 1px solid #dddddd;\">espelho\/m\u00e3o<\/td>\n<td style=\"width: 14.4459%; border: 1px solid #dddddd;\">19*220<\/td>\n<td style=\"width: 15.241%; border: 1px solid #dddddd;\">60.0<\/td>\n<\/tr>\n<tr>\n<td style=\"width: 13.6163%; border: 1px solid #dddddd;\">Colher de caf\u00e9<\/td>\n<td style=\"width: 13.3949%; border: 1px solid #dddddd;\">1.2<\/td>\n<td style=\"width: 14.5197%; border: 1px solid #dddddd;\">espelho\/m\u00e3o<\/td>\n<td style=\"width: 14.4459%; border: 1px solid #dddddd;\">23*106<\/td>\n<td style=\"width: 15.241%; border: 1px solid #dddddd;\">10.0<\/td>\n<\/tr>\n<tr>\n<td style=\"width: 13.6163%; border: 1px solid #dddddd;\">Colher de sobremesa<\/td>\n<td style=\"width: 13.3949%; border: 1px solid #dddddd;\">2.0<\/td>\n<td style=\"width: 14.5197%; border: 1px solid #dddddd;\">espelho\/m\u00e3o<\/td>\n<td style=\"width: 14.4459%; border: 1px solid #dddddd;\">42*185<\/td>\n<td style=\"width: 15.241%; border: 1px solid #dddddd;\">38.0<\/td>\n<\/tr>\n<tr style=\"height: 18.00pt;\">\n<td style=\"width: 13.6163%; border: 1px solid #dddddd;\">Garfo de sobremesa<\/td>\n<td style=\"width: 13.3949%; border: 1px solid #dddddd;\">2.0<\/td>\n<td style=\"width: 14.5197%; border: 1px solid #dddddd;\">espelho\/m\u00e3o<\/td>\n<td style=\"width: 14.4459%; border: 1px solid #dddddd;\">24*180<\/td>\n<td style=\"width: 15.241%; border: 1px solid #dddddd;\">39.4<\/td>\n<\/tr>\n<tr>\n<td style=\"width: 13.6163%; border: 1px solid #dddddd;\">Colher de gelo<\/td>\n<td style=\"width: 13.3949%; border: 1px solid #dddddd;\">1.8<\/td>\n<td style=\"width: 14.5197%; border: 1px solid #dddddd;\">espelho\/m\u00e3o<\/td>\n<td style=\"width: 14.4459%; border: 1px solid #dddddd;\">33*209<\/td>\n<td style=\"width: 15.241%; border: 1px solid #dddddd;\">32.0<\/td>\n<\/tr>\n<\/tbody>\n<\/table>\n<p>&nbsp;<\/p>\n<h2><span style=\"font-size: 16pt;\"><b>Talheres IDEAL: Cole\u00e7\u00e3o de Talheres Minimalista Harmony (S\u00e9rie S124)<\/b><\/span><\/h2>\n<p class=\"translation-block\">Os talheres IDEAL da s\u00e9rie S124 s\u00e3o a personifica\u00e7\u00e3o da <b>harmonia minimalista<\/b>. Concebida para a ind\u00fastria hoteleira moderna, esta cole\u00e7\u00e3o elimina o excesso de ornamenta\u00e7\u00e3o para se concentrar puramente na forma, fun\u00e7\u00e3o e conforto. Cada pe\u00e7a possui uma <b>superf\u00edcie polida espelhada impecavelmente brilhante<\/b>, elevando instantaneamente o valor percebido de qualquer estabelecimento de restaura\u00e7\u00e3o, desde resorts de luxo a bistr\u00f4s urbanos chiques. As pegas s\u00e3o graciosamente simples, apresentando uma largura uniforme e confort\u00e1vel que transita para extremidades suaves e arredondadas - um design concebido para um peso equilibrado e uma utiliza\u00e7\u00e3o di\u00e1ria sem esfor\u00e7o.<\/p>\n<p>&nbsp;<\/p>\n<h2><span style=\"font-size: 16pt;\"><b>Conjunto Core de 5 pe\u00e7as<\/b><\/span><\/h2>\n<p>O S124 \u00e9 o conjunto essencial de 5 pe\u00e7as, um elemento b\u00e1sico para qualquer coloca\u00e7\u00e3o formal ou informal, real\u00e7ando as propor\u00e7\u00f5es elegantes do conjunto:<\/p>\n<ul>\n<li class=\"translation-block\"><b>Os Utens\u00edlios Principais:<\/b> Um substancial <b>garfo de jantar<\/b> e uma <b>colher de jantar\/de mesa<\/b> de tamanho semelhante formam o cora\u00e7\u00e3o do conjunto, perfeito para o prato principal.<\/li>\n<li class=\"translation-block\">&lt;A <b>Faca de Jantar<\/b> \u00e9 fabricada com um cabo sem costuras e uma l\u00e2mina micro-serrilhada afiada e fi\u00e1vel, garantindo um corte limpo e sem esfor\u00e7o dos alimentos.<\/li>\n<li class=\"translation-block\"><b>O par vers\u00e1til:<\/b> A completar o conjunto est\u00e3o duas colheres mais pequenas, mas igualmente elegantes: a <b>colher de sopa oval de tamanho m\u00e9dio<\/b> para aperitivos e doces, e a diminuta <b>colher de ch\u00e1<\/b> para caf\u00e9, ch\u00e1 e guloseimas delicadas depois das refei\u00e7\u00f5es.<\/li>\n<\/ul>\n<p>&nbsp;<\/p>\n<h2><span style=\"font-size: 16pt;\"><strong>Vantagem B2B: O seu design, a nossa experi\u00eancia<\/strong><\/span><\/h2>\n<p class=\"translation-block\">Como seu parceiro de fabrico B2B dedicado, a IDEAL Cutlery oferece uma flexibilidade sem paralelo para adaptar o design do S124 \u00e0s especifica\u00e7\u00f5es exactas do seu mercado e da sua marca. <b>Permitimos-lhe personalizar todos os detalhes<\/b>-desde a mat\u00e9ria-prima at\u00e9 ao acabamento final.<\/p>\n<p><b>A personaliza\u00e7\u00e3o total est\u00e1 dispon\u00edvel para satisfazer todas as suas necessidades:<\/b><\/p>\n<ul>\n<li class=\"translation-block\"><b>Material e qualidade:<\/b> Especifique o seu requisito a partir de a\u00e7o inoxid\u00e1vel <b>18\/10<\/b> de alta qualidade, a\u00e7o <b>18\/0<\/b> equilibrado ou a\u00e7o <b>13\/0<\/b> especializado para l\u00e2minas de facas, todos cumprindo os padr\u00f5es de durabilidade comercial.<\/li>\n<li class=\"translation-block\"><b>Acabamentos ex\u00f3ticos:<\/b> V\u00e1 al\u00e9m do polimento espelhado. A nossa tecnologia de ponta de revestimento <b>PVD (Physical Vapor Deposition)<\/b> suporta cores luxuosas como o moderno <b>Rose Gold<\/b>, o marcante <b>Black<\/b> ou qualquer <b>tom de cor personalizado<\/b> que imagine. Tamb\u00e9m oferecemos op\u00e7\u00f5es para um acabamento mate subjugado ou uma textura \u00fanica de jato de areia.<\/li>\n<li class=\"translation-block\"><b>Forma e Volume:<\/b> Podemos ajustar as dimens\u00f5es gerais, o peso e o perfil do cabo da s\u00e9rie S124. Al\u00e9m disso, estamos equipados para expandir esta est\u00e9tica atrav\u00e9s de uma gama completa de pe\u00e7as, incluindo utens\u00edlios de servir e talheres especiais.<\/li>\n<li class=\"translation-block\"><b>Branding &amp; Packaging:<\/b> Eleve a sua marca com grava\u00e7\u00e3o a laser ou estampagem de log\u00f3tipo personalizado. Escolha entre op\u00e7\u00f5es de embalagem personalizadas, incluindo caixas de presente de marca, caixas de papel\u00e3o a granel ou configura\u00e7\u00f5es de bandeja personalizadas.<\/li>\n<\/ul>\n<p>&nbsp;<\/p>\n<h2><span style=\"font-size: 16pt;\"><strong>Escolha os talheres IDEAL para o seu pr\u00f3ximo projeto<\/strong><\/span><\/h2>\n<p class=\"translation-block\">Garantimos pre\u00e7os competitivos por grosso, qualidade consistente e prazos de entrega fi\u00e1veis. Fa\u00e7a parceria com a <b><a href=\"\/pt\/contact-us\/\" target=\"_self\"><strong>IDEAL Cutlery<\/strong><\/a><\/b> para fornecer artigos de mesa excepcionais que se alinham perfeitamente com a sua vis\u00e3o de neg\u00f3cio.<\/p>","protected":false},"excerpt":{"rendered":"<p>&nbsp; \u25b8 PRODUCT PARAMETERS Item No: Name Thickness(mm) Polishing Dimensions(mm) Weight(g) S124 Dinner spoon 2.0 mirror\/hand 47*205 48.5 Dinner fork 2.0 mirror\/hand 27*204 35.8 Tea spoon 1.8 mirror\/hand 31*148 22.6 Dinner knife 4.0 mirror\/hand 19*220 60.0 Coffee spoon 1.2 mirror\/hand 23*106 10.0 Dessert spoon 2.0 mirror\/hand 42*185 38.0 Dessert fork 2.0 mirror\/hand 24*180 39.4 Ice [&hellip;]<\/p>","protected":false},"featured_media":3570,"comment_status":"open","ping_status":"closed","template":"","meta":{"_seopress_robots_primary_cat":"","_seopress_titles_title":"","_seopress_titles_desc":"","_seopress_robots_index":""},"product_brand":[],"product_cat":[75],"product_tag":[],"class_list":{"0":"post-3569","1":"product","2":"type-product","3":"status-publish","4":"has-post-thumbnail","6":"product_cat-srange","8":"first","9":"instock","10":"featured","11":"virtual","12":"purchasable","13":"product-type-simple"},"_links":{"self":[{"href":"https:\/\/www.cutlery.net.cn\/pt\/wp-json\/wp\/v2\/product\/3569","targetHints":{"allow":["GET"]}}],"collection":[{"href":"https:\/\/www.cutlery.net.cn\/pt\/wp-json\/wp\/v2\/product"}],"about":[{"href":"https:\/\/www.cutlery.net.cn\/pt\/wp-json\/wp\/v2\/types\/product"}],"replies":[{"embeddable":true,"href":"https:\/\/www.cutlery.net.cn\/pt\/wp-json\/wp\/v2\/comments?post=3569"}],"wp:featuredmedia":[{"embeddable":true,"href":"https:\/\/www.cutlery.net.cn\/pt\/wp-json\/wp\/v2\/media\/3570"}],"wp:attachment":[{"href":"https:\/\/www.cutlery.net.cn\/pt\/wp-json\/wp\/v2\/media?parent=3569"}],"wp:term":[{"taxonomy":"product_brand","embeddable":true,"href":"https:\/\/www.cutlery.net.cn\/pt\/wp-json\/wp\/v2\/product_brand?post=3569"},{"taxonomy":"product_cat","embeddable":true,"href":"https:\/\/www.cutlery.net.cn\/pt\/wp-json\/wp\/v2\/product_cat?post=3569"},{"taxonomy":"product_tag","embeddable":true,"href":"https:\/\/www.cutlery.net.cn\/pt\/wp-json\/wp\/v2\/product_tag?post=3569"}],"curies":[{"name":"wp","href":"https:\/\/api.w.org\/{rel}","templated":true}]}}