{"id":3566,"date":"2025-10-24T10:15:30","date_gmt":"2025-10-24T10:15:30","guid":{"rendered":"https:\/\/www.gdjiexun.cn\/?post_type=product&#038;p=3566"},"modified":"2025-11-07T08:02:02","modified_gmt":"2025-11-07T08:02:02","slug":"talheres-de-aco-inoxidavel-diretos-do-fabricante-talheres-de-alta-qualidade-conjunto-de-talheres-de-aco-inoxidavel","status":"publish","type":"product","link":"https:\/\/www.cutlery.net.cn\/pt\/produto\/talheres-de-aco-inoxidavel-diretos-do-fabricante-talheres-de-alta-qualidade-conjunto-de-talheres-de-aco-inoxidavel\/","title":{"rendered":"Conjunto de talheres de a\u00e7o inoxid\u00e1vel de alta qualidade Conjunto de talheres de a\u00e7o inoxid\u00e1vel"},"content":{"rendered":"<p><img fetchpriority=\"high\" decoding=\"async\" class=\"size-full wp-image-3567 aligncenter\" src=\"https:\/\/www.gdjiexun.cn\/wp-content\/uploads\/2025\/10\/S050-IDEA-Cutlery-1.webp\" alt=\"Conjunto de talheres de a\u00e7o inoxid\u00e1vel de alta qualidade Conjunto de talheres de a\u00e7o inoxid\u00e1vel\" width=\"700\" height=\"700\" srcset=\"https:\/\/www.cutlery.net.cn\/wp-content\/uploads\/2025\/10\/S050-IDEA-Cutlery-1.webp 700w, https:\/\/www.cutlery.net.cn\/wp-content\/uploads\/2025\/10\/S050-IDEA-Cutlery-1-300x300.webp 300w, https:\/\/www.cutlery.net.cn\/wp-content\/uploads\/2025\/10\/S050-IDEA-Cutlery-1-150x150.webp 150w, https:\/\/www.cutlery.net.cn\/wp-content\/uploads\/2025\/10\/S050-IDEA-Cutlery-1-600x600.webp 600w, https:\/\/www.cutlery.net.cn\/wp-content\/uploads\/2025\/10\/S050-IDEA-Cutlery-1-100x100.webp 100w\" sizes=\"(max-width: 700px) 100vw, 700px\" \/><\/p>\n<p>&nbsp;<\/p>\n<h2 style=\"color: #eb9363;\"><span style=\"font-size: 16pt;\">\u25b8 PAR\u00c2METROS DO PRODUTO<\/span><\/h2>\n<table style=\"height: 121px; width: 100%; border-collapse: collapse; border-style: solid; border-color: #dddddd;\" border=\"1\">\n<tbody>\n<tr style=\"height: 24px;\">\n<td style=\"width: 11.1439%; height: 24px; border: 1px solid #dddddd; background-color: #f2f2f2;\">Item No:<\/td>\n<td style=\"width: 13.6163%; height: 24px; border: 1px solid #dddddd; background-color: #f2f2f2;\">Nome<\/td>\n<td style=\"width: 13.3949%; border: 1px solid #dddddd; background-color: #f2f2f2;\">Espessura (mm)<\/td>\n<td style=\"width: 14.5197%; height: 24px; border: 1px solid #dddddd; background-color: #f2f2f2;\">Polimento<\/td>\n<td style=\"width: 14.4459%; border: 1px solid #dddddd; background-color: #f2f2f2;\">Dimens\u00f5es (mm)<\/td>\n<td style=\"width: 15.241%; height: 24px; border: 1px solid #dddddd; background-color: #f2f2f2;\">Peso (g)<\/td>\n<\/tr>\n<tr style=\"height: 24px;\">\n<td style=\"width: 11.1439%; height: 97px; border: 1px solid #dddddd; vertical-align: middle;\" rowspan=\"11\"><span style=\"font-size: 14pt;\"><strong>S050<\/strong><\/span><\/td>\n<td style=\"width: 13.6163%; height: 24px; border: 1px solid #dddddd;\">Colher de jantar<\/td>\n<td style=\"width: 13.3949%; border: 1px solid #dddddd;\">2.5<\/td>\n<td style=\"width: 14.5197%; height: 24px; border: 1px solid #dddddd;\">espelho<\/td>\n<td style=\"width: 14.4459%; border: 1px solid #dddddd;\">43*199<\/td>\n<td style=\"width: 15.241%; height: 24px; border: 1px solid #dddddd;\">46<\/td>\n<\/tr>\n<tr style=\"height: 18.00pt;\">\n<td style=\"width: 13.6163%; height: 25px; border: 1px solid #dddddd;\">Garfo de jantar<\/td>\n<td style=\"width: 13.3949%; border: 1px solid #dddddd;\">2.5<\/td>\n<td style=\"width: 14.5197%; height: 25px; border: 1px solid #dddddd;\">espelho<\/td>\n<td style=\"width: 14.4459%; border: 1px solid #dddddd;\">24*199<\/td>\n<td style=\"width: 15.241%; height: 25px; border: 1px solid #dddddd;\">36<\/td>\n<\/tr>\n<tr style=\"height: 18.00pt;\">\n<td style=\"width: 13.6163%; height: 24px; border: 1px solid #dddddd;\">Colher de ch\u00e1<\/td>\n<td style=\"width: 13.3949%; border: 1px solid #dddddd;\">2.0<\/td>\n<td style=\"width: 14.5197%; height: 24px; border: 1px solid #dddddd;\">espelho<\/td>\n<td style=\"width: 14.4459%; border: 1px solid #dddddd;\">28*134<\/td>\n<td style=\"width: 15.241%; height: 24px; border: 1px solid #dddddd;\">19<\/td>\n<\/tr>\n<tr style=\"height: 18.00pt;\">\n<td style=\"width: 13.6163%; border: 1px solid #dddddd;\">Garfo para bolo<\/td>\n<td style=\"width: 13.3949%; border: 1px solid #dddddd;\">2.0<\/td>\n<td style=\"width: 14.5197%; border: 1px solid #dddddd;\">espelho<\/td>\n<td style=\"width: 14.4459%; border: 1px solid #dddddd;\">21*141<\/td>\n<td style=\"width: 15.241%; border: 1px solid #dddddd;\">16<\/td>\n<\/tr>\n<tr style=\"height: 18.00pt;\">\n<td style=\"width: 13.6163%; border: 1px solid #dddddd;\">Faca de jantar<\/td>\n<td style=\"width: 13.3949%; border: 1px solid #dddddd;\">6.0<\/td>\n<td style=\"width: 14.5197%; border: 1px solid #dddddd;\">espelho<\/td>\n<td style=\"width: 14.4459%; border: 1px solid #dddddd;\">16*226<\/td>\n<td style=\"width: 15.241%; border: 1px solid #dddddd;\">74<\/td>\n<\/tr>\n<tr>\n<td style=\"width: 13.6163%; border: 1px solid #dddddd;\">Colher de caf\u00e9<\/td>\n<td style=\"width: 13.3949%; border: 1px solid #dddddd;\">2.0<\/td>\n<td style=\"width: 14.5197%; border: 1px solid #dddddd;\">espelho<\/td>\n<td style=\"width: 14.4459%; border: 1px solid #dddddd;\">16*109<\/td>\n<td style=\"width: 15.241%; border: 1px solid #dddddd;\">13<\/td>\n<\/tr>\n<tr>\n<td style=\"width: 13.6163%; border: 1px solid #dddddd;\">Colher de sobremesa<\/td>\n<td style=\"width: 13.3949%; border: 1px solid #dddddd;\">2.5<\/td>\n<td style=\"width: 14.5197%; border: 1px solid #dddddd;\">espelho<\/td>\n<td style=\"width: 14.4459%; border: 1px solid #dddddd;\">39*180<\/td>\n<td style=\"width: 15.241%; border: 1px solid #dddddd;\">36<\/td>\n<\/tr>\n<tr style=\"height: 18.00pt;\">\n<td style=\"width: 13.6163%; border: 1px solid #dddddd;\">Garfo de sobremesa<\/td>\n<td style=\"width: 13.3949%; border: 1px solid #dddddd;\">2.5<\/td>\n<td style=\"width: 14.5197%; border: 1px solid #dddddd;\">espelho<\/td>\n<td style=\"width: 14.4459%; border: 1px solid #dddddd;\">22*178<\/td>\n<td style=\"width: 15.241%; border: 1px solid #dddddd;\">30<\/td>\n<\/tr>\n<tr style=\"height: 18.00pt;\">\n<td style=\"width: 13.6163%; border: 1px solid #dddddd;\">Faca de sobremesa<\/td>\n<td style=\"width: 13.3949%; border: 1px solid #dddddd;\">6.0<\/td>\n<td style=\"width: 14.5197%; border: 1px solid #dddddd;\">espelho<\/td>\n<td style=\"width: 14.4459%; border: 1px solid #dddddd;\">14*203<\/td>\n<td style=\"width: 15.241%; border: 1px solid #dddddd;\">55<\/td>\n<\/tr>\n<tr>\n<td style=\"width: 13.6163%; border: 1px solid #dddddd;\">Colher de gelo<\/td>\n<td style=\"width: 13.3949%; border: 1px solid #dddddd;\">2.0<\/td>\n<td style=\"width: 14.5197%; border: 1px solid #dddddd;\">espelho<\/td>\n<td style=\"width: 14.4459%; border: 1px solid #dddddd;\">29*177<\/td>\n<td style=\"width: 15.241%; border: 1px solid #dddddd;\">23<\/td>\n<\/tr>\n<tr style=\"height: 18.00pt;\">\n<td style=\"width: 13.6163%; height: 24px; border: 1px solid #dddddd;\">Faca para manteiga<\/td>\n<td style=\"width: 13.3949%; border: 1px solid #dddddd;\">2.5<\/td>\n<td style=\"width: 14.5197%; height: 24px; border: 1px solid #dddddd;\">espelho<\/td>\n<td style=\"width: 14.4459%; border: 1px solid #dddddd;\">17*149<\/td>\n<td style=\"width: 15.241%; height: 24px; border: 1px solid #dddddd;\">22<\/td>\n<\/tr>\n<\/tbody>\n<\/table>\n<p>&nbsp;<\/p>\n<h2><span style=\"font-size: 16pt;\"><b>Talheres IDEAIS: Conjunto de talheres de a\u00e7o inoxid\u00e1vel Premium (s\u00e9rie S050)<\/b><\/span><\/h2>\n<p class=\"translation-block\">A IDEAL Cutlery apresenta a s\u00e9rie S050, uma cole\u00e7\u00e3o de talheres de a\u00e7o inoxid\u00e1vel de alta qualidade caracterizada pelo seu <b>design elegante e moderno<\/b> e <b>acabamento polido espelhado<\/b>. Este conjunto apresenta uma forma cl\u00e1ssica e equilibrada com linhas limpas e pegas arredondadas e confortavelmente pesadas, tornando-o uma excelente escolha para uma vasta gama de ambientes de refei\u00e7\u00f5es, desde restaurantes casuais a hot\u00e9is de luxo.<\/p>\n<p>&nbsp;<\/p>\n<h2><span style=\"font-size: 16pt;\"><b>Principais carater\u00edsticas e componentes<\/b><\/span><\/h2>\n<p class=\"translation-block\">A s\u00e9rie S050 apresenta uma gama abrangente de utens\u00edlios de alta qualidade, demonstrando a versatilidade de um conjunto alargado de 12 pe\u00e7as. Esta cole\u00e7\u00e3o inclui dois de cada utens\u00edlio principal para comer: <b>Facas de Jantar<\/b> (longas, com uma l\u00e2mina ligeiramente serrilhada, adequadas para cortar a maioria dos alimentos cozinhados), <b>Forks de Jantar<\/b> (tamanho padr\u00e3o para comer em geral), <b>Colheres de Jantar\/Cozinha<\/b> (tigelas ovais grandes e profundas para sopas e pratos principais), <b>garfos de sobremesa\/salada<\/b> (mais pequenos do que o garfo de jantar, ideais para pratos mais leves, saladas e aperitivos) e <b>colheres de ch\u00e1<\/b> (a colher mais pequena, perfeita para mexer bebidas quentes e pequenas sobremesas). O conjunto \u00e9 completado por uma <b>Faca para barrar manteiga<\/b> (plana e com um gume para compotas e manteiga) e uma colher pequena adicional, potencialmente uma <b>Colher de caf\u00e9 expresso<\/b>, totalizando <b>12 pe\u00e7as<\/b>. Todas as pe\u00e7as partilham o mesmo <b>design elegante e moderno<\/b> e <b>acabamento polido espelhado<\/b> para um aspeto unificado e elegante.<\/p>\n<p>&nbsp;<\/p>\n<h2><span style=\"font-size: 16pt;\"><strong>Personaliza\u00e7\u00e3o B2B e servi\u00e7os grossistas<\/strong><\/span><\/h2>\n<p class=\"translation-block\">Como fornecedor B2B dedicado, a IDEAL Cutlery \u00e9 especializada em fornecer <b>solu\u00e7\u00f5es de fabrico personalizadas<\/b> para satisfazer os requisitos funcionais e de marca exclusivos dos nossos parceiros globais.<\/p>\n<p><b>As op\u00e7\u00f5es de personaliza\u00e7\u00e3o incluem:<\/b><\/p>\n<ul>\n<li class=\"translation-block\"><b>Material e qualidade:<\/b> Dispon\u00edvel em qualidades de a\u00e7o inoxid\u00e1vel de primeira qualidade, como <b>18\/10, 18\/0 e 13\/0<\/b>, oferecendo diferentes n\u00edveis de resist\u00eancia \u00e0 corros\u00e3o e magnetismo.<\/li>\n<li class=\"translation-block\"><b>Acabamento\/Revestimento (PVD):<\/b> Apoiamos o revestimento avan\u00e7ado <b>PVD (Deposi\u00e7\u00e3o F\u00edsica de Vapor)<\/b> para maior durabilidade e apelo est\u00e9tico. As op\u00e7\u00f5es incluem acabamentos modernos como <b>Rose Gold, Black<\/b>, ou qualquer outro <b>tom de cor personalizado<\/b>, mediante pedido.<\/li>\n<li class=\"translation-block\"><b>Forma e design:<\/b> Modifica\u00e7\u00e3o da forma, comprimento e peso da pega para se adaptar \u00e0s suas especifica\u00e7\u00f5es de design exclusivas.<\/li>\n<li class=\"translation-block\"><b>Aut\u00eantico:<\/b> Escolha entre acabamentos espelhados, mate\/acetinados, jato de areia ou acabamentos antigos.<\/li>\n<li class=\"translation-block\"><b>Branding:<\/b> Grava\u00e7\u00e3o\/estampagem de log\u00f3tipo personalizado nas pegas.<\/li>\n<li class=\"translation-block\"><b>Embalagem:<\/b> Solu\u00e7\u00f5es de embalagem \u00e0 medida para conjuntos ou encomendas a granel (por exemplo, caixas de cor, caixas de madeira, tabuleiros de PVC, embalagem de sacos de polietileno a granel).<\/li>\n<\/ul>\n<p>&nbsp;<\/p>\n<h2><span style=\"font-size: 16pt;\"><strong>Porqu\u00ea ser parceiro da IDEAL Cutlery?<\/strong><\/span><\/h2>\n<p class=\"translation-block\">Oferecemos pre\u00e7os competitivos, capacidade de produ\u00e7\u00e3o de grandes volumes e um rigoroso controlo de qualidade, garantindo que as suas encomendas personalizadas s\u00e3o executadas de acordo com os mais elevados padr\u00f5es. Fa\u00e7a parceria com a <b><a href=\"\/pt\/contact-us\/\" target=\"_self\"><strong>IDEAL Cutlery<\/strong><\/a> <\/b> para elevar a apresenta\u00e7\u00e3o da sua marca na mesa.<\/p>","protected":false},"excerpt":{"rendered":"<p class=\"translation-block\"><strong>Cortelaria IDEAL<\/strong> - talheres modernos de 12 pe\u00e7as em a\u00e7o inoxid\u00e1vel com silhuetas refinadas, ergonomia equilibrada e acabamentos personaliz\u00e1veis (18\/10, 18\/0, 13\/0; PVD ouro rosa, preto e tons personalizados). Servi\u00e7os OEM e ODM dispon\u00edveis para venda por grosso e com marca pr\u00f3pria. Contacte-nos para obter amostras e or\u00e7amentos.<\/p>","protected":false},"featured_media":3567,"comment_status":"open","ping_status":"closed","template":"","meta":{"_seopress_robots_primary_cat":"","_seopress_titles_title":"","_seopress_titles_desc":"","_seopress_robots_index":""},"product_brand":[],"product_cat":[75],"product_tag":[],"class_list":{"0":"post-3566","1":"product","2":"type-product","3":"status-publish","4":"has-post-thumbnail","6":"product_cat-srange","8":"first","9":"instock","10":"featured","11":"virtual","12":"purchasable","13":"product-type-simple"},"_links":{"self":[{"href":"https:\/\/www.cutlery.net.cn\/pt\/wp-json\/wp\/v2\/product\/3566","targetHints":{"allow":["GET"]}}],"collection":[{"href":"https:\/\/www.cutlery.net.cn\/pt\/wp-json\/wp\/v2\/product"}],"about":[{"href":"https:\/\/www.cutlery.net.cn\/pt\/wp-json\/wp\/v2\/types\/product"}],"replies":[{"embeddable":true,"href":"https:\/\/www.cutlery.net.cn\/pt\/wp-json\/wp\/v2\/comments?post=3566"}],"wp:featuredmedia":[{"embeddable":true,"href":"https:\/\/www.cutlery.net.cn\/pt\/wp-json\/wp\/v2\/media\/3567"}],"wp:attachment":[{"href":"https:\/\/www.cutlery.net.cn\/pt\/wp-json\/wp\/v2\/media?parent=3566"}],"wp:term":[{"taxonomy":"product_brand","embeddable":true,"href":"https:\/\/www.cutlery.net.cn\/pt\/wp-json\/wp\/v2\/product_brand?post=3566"},{"taxonomy":"product_cat","embeddable":true,"href":"https:\/\/www.cutlery.net.cn\/pt\/wp-json\/wp\/v2\/product_cat?post=3566"},{"taxonomy":"product_tag","embeddable":true,"href":"https:\/\/www.cutlery.net.cn\/pt\/wp-json\/wp\/v2\/product_tag?post=3566"}],"curies":[{"name":"wp","href":"https:\/\/api.w.org\/{rel}","templated":true}]}}