{"id":3564,"date":"2025-10-31T07:46:21","date_gmt":"2025-10-31T07:46:21","guid":{"rendered":"https:\/\/www.gdjiexun.cn\/?post_type=product&#038;p=3564"},"modified":"2025-11-07T07:57:23","modified_gmt":"2025-11-07T07:57:23","slug":"conjunto-de-talheres-para-restaurante-com-pega-quadrada-grossa-e-pesada-em-aco-inoxidavel-18-10-talheres-espelho-polido","status":"publish","type":"product","link":"https:\/\/www.cutlery.net.cn\/pt\/produto\/conjunto-de-talheres-para-restaurante-com-pega-quadrada-grossa-e-pesada-em-aco-inoxidavel-18-10-talheres-espelho-polido\/","title":{"rendered":"Conjunto de talheres de a\u00e7o inoxid\u00e1vel 18\/10 com pega quadrada, espelhado e polido para restaurante"},"content":{"rendered":"<p><img fetchpriority=\"high\" decoding=\"async\" class=\"size-full wp-image-3539 aligncenter\" src=\"https:\/\/www.gdjiexun.cn\/wp-content\/uploads\/2025\/10\/H205-IDEA-Cutlery.webp\" alt=\"Conjunto de talheres de a\u00e7o inoxid\u00e1vel 18\/10 com pega quadrada, espelhado e polido para restaurante\" width=\"700\" height=\"700\" srcset=\"https:\/\/www.cutlery.net.cn\/wp-content\/uploads\/2025\/10\/H205-IDEA-Cutlery.webp 700w, https:\/\/www.cutlery.net.cn\/wp-content\/uploads\/2025\/10\/H205-IDEA-Cutlery-300x300.webp 300w, https:\/\/www.cutlery.net.cn\/wp-content\/uploads\/2025\/10\/H205-IDEA-Cutlery-150x150.webp 150w, https:\/\/www.cutlery.net.cn\/wp-content\/uploads\/2025\/10\/H205-IDEA-Cutlery-600x600.webp 600w, https:\/\/www.cutlery.net.cn\/wp-content\/uploads\/2025\/10\/H205-IDEA-Cutlery-100x100.webp 100w\" sizes=\"(max-width: 700px) 100vw, 700px\" \/><\/p>\n<p>&nbsp;<\/p>\n<h2 style=\"color: #eb9363;\"><span style=\"font-size: 16pt;\">\u25b8 PAR\u00c2METROS DO PRODUTO<\/span><\/h2>\n<table style=\"height: 121px; width: 100%; border-collapse: collapse; border-style: solid; border-color: #dddddd;\" border=\"1\">\n<tbody>\n<tr style=\"height: 24px;\">\n<td style=\"width: 11.1439%; height: 24px; border: 1px solid #dddddd; background-color: #f2f2f2;\">Item No:<\/td>\n<td style=\"width: 13.6163%; height: 24px; border: 1px solid #dddddd; background-color: #f2f2f2;\">Nome<\/td>\n<td style=\"width: 13.3949%; border: 1px solid #dddddd; background-color: #f2f2f2;\">Espessura (mm)<\/td>\n<td style=\"width: 14.5197%; height: 24px; border: 1px solid #dddddd; background-color: #f2f2f2;\">Polimento<\/td>\n<td style=\"width: 14.4459%; border: 1px solid #dddddd; background-color: #f2f2f2;\">Dimens\u00f5es (mm)<\/td>\n<td style=\"width: 15.241%; height: 24px; border: 1px solid #dddddd; background-color: #f2f2f2;\">Peso (g)<\/td>\n<\/tr>\n<tr style=\"height: 24px;\">\n<td style=\"width: 11.1439%; height: 97px; border: 1px solid #dddddd; vertical-align: middle;\" rowspan=\"9\"><span style=\"font-size: 14pt;\"><strong>H205\/S145<\/strong><\/span><\/td>\n<td style=\"width: 13.6163%; height: 24px; border: 1px solid #dddddd;\">Colher de jantar<\/td>\n<td style=\"width: 13.3949%; border: 1px solid #dddddd;\">5.0<\/td>\n<td style=\"width: 14.5197%; height: 24px; border: 1px solid #dddddd;\">espelho<\/td>\n<td style=\"width: 14.4459%; border: 1px solid #dddddd;\">206*46<\/td>\n<td style=\"width: 15.241%; height: 24px; border: 1px solid #dddddd;\">78<\/td>\n<\/tr>\n<tr style=\"height: 18.00pt;\">\n<td style=\"width: 13.6163%; height: 25px; border: 1px solid #dddddd;\">Garfo de jantar<\/td>\n<td style=\"width: 13.3949%; border: 1px solid #dddddd;\">5.0<\/td>\n<td style=\"width: 14.5197%; height: 25px; border: 1px solid #dddddd;\">espelho<\/td>\n<td style=\"width: 14.4459%; border: 1px solid #dddddd;\">212*25<\/td>\n<td style=\"width: 15.241%; height: 25px; border: 1px solid #dddddd;\">71<\/td>\n<\/tr>\n<tr style=\"height: 18.00pt;\">\n<td style=\"width: 13.6163%; height: 24px; border: 1px solid #dddddd;\">Colher de ch\u00e1<\/td>\n<td style=\"width: 13.3949%; border: 1px solid #dddddd;\">3.5<\/td>\n<td style=\"width: 14.5197%; height: 24px; border: 1px solid #dddddd;\">espelho<\/td>\n<td style=\"width: 14.4459%; border: 1px solid #dddddd;\">141*31<\/td>\n<td style=\"width: 15.241%; height: 24px; border: 1px solid #dddddd;\">30<\/td>\n<\/tr>\n<tr style=\"height: 18.00pt;\">\n<td style=\"width: 13.6163%; border: 1px solid #dddddd;\">Garfo para bolo<\/td>\n<td style=\"width: 13.3949%; border: 1px solid #dddddd;\">3.5<\/td>\n<td style=\"width: 14.5197%; border: 1px solid #dddddd;\">espelho<\/td>\n<td style=\"width: 14.4459%; border: 1px solid #dddddd;\">156*18<\/td>\n<td style=\"width: 15.241%; border: 1px solid #dddddd;\">26<\/td>\n<\/tr>\n<tr style=\"height: 18.00pt;\">\n<td style=\"width: 13.6163%; border: 1px solid #dddddd;\">Faca de jantar<\/td>\n<td style=\"width: 13.3949%; border: 1px solid #dddddd;\">7.0<\/td>\n<td style=\"width: 14.5197%; border: 1px solid #dddddd;\">espelho<\/td>\n<td style=\"width: 14.4459%; border: 1px solid #dddddd;\">232*19<\/td>\n<td style=\"width: 15.241%; border: 1px solid #dddddd;\">75<\/td>\n<\/tr>\n<tr>\n<td style=\"width: 13.6163%; border: 1px solid #dddddd;\">Colher de sobremesa<\/td>\n<td style=\"width: 13.3949%; border: 1px solid #dddddd;\">1.0<\/td>\n<td style=\"width: 14.5197%; border: 1px solid #dddddd;\">espelho<\/td>\n<td style=\"width: 14.4459%; border: 1px solid #dddddd;\">183*40<\/td>\n<td style=\"width: 15.241%; border: 1px solid #dddddd;\">56<\/td>\n<\/tr>\n<tr style=\"height: 18.00pt;\">\n<td style=\"width: 13.6163%; border: 1px solid #dddddd;\">Garfo de sobremesa<\/td>\n<td style=\"width: 13.3949%; border: 1px solid #dddddd;\">4.0<\/td>\n<td style=\"width: 14.5197%; border: 1px solid #dddddd;\">espelho<\/td>\n<td style=\"width: 14.4459%; border: 1px solid #dddddd;\">188*22<\/td>\n<td style=\"width: 15.241%; border: 1px solid #dddddd;\">37<\/td>\n<\/tr>\n<tr style=\"height: 18.00pt;\">\n<td style=\"width: 13.6163%; border: 1px solid #dddddd;\">Faca de sobremesa<\/td>\n<td style=\"width: 13.3949%; border: 1px solid #dddddd;\">6.0<\/td>\n<td style=\"width: 14.5197%; border: 1px solid #dddddd;\">espelho<\/td>\n<td style=\"width: 14.4459%; border: 1px solid #dddddd;\">201*17<\/td>\n<td style=\"width: 15.241%; border: 1px solid #dddddd;\">69<\/td>\n<\/tr>\n<tr style=\"height: 18.00pt;\">\n<td style=\"width: 13.6163%; height: 24px; border: 1px solid #dddddd;\">Colher de caf\u00e9<\/td>\n<td style=\"width: 13.3949%; border: 1px solid #dddddd;\">3.0<\/td>\n<td style=\"width: 14.5197%; height: 24px; border: 1px solid #dddddd;\">espelho<\/td>\n<td style=\"width: 14.4459%; border: 1px solid #dddddd;\">110*24<\/td>\n<td style=\"width: 15.241%; height: 24px; border: 1px solid #dddddd;\">13<\/td>\n<\/tr>\n<\/tbody>\n<\/table>\n<p>&nbsp;<\/p>\n<h2><span style=\"font-size: 16pt;\"><b>A s\u00e9rie H205: A defini\u00e7\u00e3o de uma sala de jantar moderna. Linhas simples. Forma pura.<\/b><\/span><\/h2>\n<p class=\"translation-block\">Para compradores focados na est\u00e9tica contempor\u00e2nea e na alta funcionalidade, a s\u00e9rie de talheres H205 da <b>IDEAL Cutlery<\/b> \u00e9 a melhor escolha. Esta cole\u00e7\u00e3o elimina o desnecess\u00e1rio, apresentando um <b>design minimalista<\/b> definido por linhas rectas e elegantes e um perfil distinto de <b>ponta quadrada<\/b>. O polimento totalmente espelhado maximiza o brilho do a\u00e7o inoxid\u00e1vel, reflectindo um compromisso com um trabalho artesanal impec\u00e1vel e moderno.<\/p>\n<p>As potenciais pe\u00e7as de servi\u00e7o incluem:<\/p>\n<ol start=\"1\">\n<li class=\"translation-block\"><b>Faca de Jantar (L\u00e2mina Longa):<\/b> Uma faca monobloco longa e fina com um gume finamente serrilhado, concebida para um corte limpo e uma sensa\u00e7\u00e3o de equil\u00edbrio.<\/li>\n<li class=\"translation-block\"><b>Fork de jantar:<\/b> Design padr\u00e3o de quatro dentes, perfeitamente dimensionado e ponderado para o prato principal.<\/li>\n<li class=\"translation-block\"><b>Colher de Jantar \/ Colher de Mesa:<\/b> Generosa ta\u00e7a oval, impecavelmente polida.<\/li>\n<li class=\"translation-block\"><b>Colher de sobremesa \/ Garfo de salada:<\/b> Pe\u00e7as mais pequenas e essenciais para pratos ligeiros ou sobremesas.<\/li>\n<li class=\"translation-block\"><b>Colher de ch\u00e1 \/ Colher de cocktail:<\/b> A colher mais pequena, ideal para o servi\u00e7o de caf\u00e9, ch\u00e1 ou demitasse.<\/li>\n<\/ol>\n<p>&nbsp;<\/p>\n<h2><span style=\"font-size: 16pt;\"><b>Especifica\u00e7\u00f5es essenciais e excel\u00eancia na conce\u00e7\u00e3o:<\/b><\/span><\/h2>\n<ul>\n<li class=\"translation-block\"><b>Perfil de design:<\/b> <b>Base de pega quadrada<\/b> com transi\u00e7\u00e3o suave para a extremidade de trabalho, oferecendo uma ader\u00eancia confort\u00e1vel e contempor\u00e2nea. A est\u00e9tica \u00e9 limpa, sem adornos e universal, combinando perfeitamente com qualquer lou\u00e7a moderna.<\/li>\n<li class=\"translation-block\"><b>Acabamento:<\/b> <b>Polimento espelhado super-elevado<\/b> em todas as superf\u00edcies, garantindo o m\u00e1ximo brilho e facilidade de limpeza - um pr\u00e9-requisito para ambientes comerciais de refei\u00e7\u00f5es.<\/li>\n<li class=\"translation-block\"><b>Material:<\/b> <b>A\u00e7o inoxid\u00e1vel superior<\/b>. Os graus dispon\u00edveis incluem <b>18\/10 (Highest Standard)<\/b> para uma resist\u00eancia suprema \u00e0 corros\u00e3o, <b>18\/0<\/b> e <b>13\/0<\/b>, oferecendo op\u00e7\u00f5es para diferentes necessidades or\u00e7amentais e de aplica\u00e7\u00e3o (por exemplo, HORECA, retalho, promocional).<\/li>\n<li><b>PVD Capacidades de cor:<\/b> Ofere\u00e7a aos seus clientes acabamentos de elevada exig\u00eancia com a nossa tecnologia de revestimento PVD duradoura:\n<ul>\n<li><b>Preto mate<\/b> ou <b>Preto brilhante<\/b> para um contraste marcante.<\/li>\n<li><b>Ouro rosa<\/b> para um toque de tend\u00eancia e de luxo.<\/li>\n<li>Qualquer <b>Tom personalizado<\/b> necess\u00e1rio para uma marca \u00fanica ou linhas sazonais.<\/li>\n<\/ul>\n<\/li>\n<\/ul>\n<p>&nbsp;<\/p>\n<h2><span style=\"font-size: 16pt;\"><strong>Servi\u00e7os de parceria e personaliza\u00e7\u00e3o B2B (solu\u00e7\u00f5es escal\u00e1veis para mercados globais)<\/strong><\/span><\/h2>\n<p class=\"translation-block\">A <b>Cortelaria IDEAL<\/b> foi concebida para o sucesso B2B. Fornecemos suporte OEM\/ODM de ponta a ponta, permitindo-lhe assegurar rapidamente designs exclusivos e adaptar-se \u00e0s mudan\u00e7as nas exig\u00eancias do mercado com qualidade fi\u00e1vel e produ\u00e7\u00e3o flex\u00edvel.<\/p>\n<p><b>O nosso compromisso com a personaliza\u00e7\u00e3o:<\/b><\/p>\n<ul>\n<li class=\"translation-block\"><b>Design e forma personalizados:<\/b> Modifique o comprimento, espessura, equil\u00edbrio e perfil da borda da s\u00e9rie H205, ou utilize nossa equipe de P&amp;D para desenvolver um novo padr\u00e3o exclusivo de talheres, do esbo\u00e7o \u00e0 amostra.<\/li>\n<li class=\"translation-block\"><b>Processo e Artesanato:<\/b> A personaliza\u00e7\u00e3o estende-se aos tipos de acabamento (acetinado, mate, martelado) e \u00e0 soldadura do cabo para facas de cabo oco.<\/li>\n<li class=\"translation-block\"><b>Sourcing de materiais:<\/b> Certifica\u00e7\u00e3o de grau preciso (18\/10, 18\/0, 13\/0) e testes de conformidade com as normas de seguran\u00e7a internacionais.<\/li>\n<li class=\"translation-block\"><b>Branding &amp; Logo:<\/b> Grava\u00e7\u00e3o a laser de alta precis\u00e3o ou grava\u00e7\u00e3o profunda do log\u00f3tipo da sua marca.<\/li>\n<li class=\"translation-block\"><b>Solu\u00e7\u00f5es de embalagem:<\/b> Desde caixas de oferta magn\u00e9ticas prontas para venda a retalho a embalagens eficientes para grandes encomendas comerciais, personalizadas de acordo com os seus requisitos log\u00edsticos e de marca.<\/li>\n<\/ul>\n<p class=\"translation-block\"><b>Entre em contacto com <a href=\"\/pt\/contact-us\/\" target=\"_self\"><strong>IDEAL Cutlery<\/strong><\/a> - o seu parceiro para um fornecimento fi\u00e1vel e de grande volume de talheres de design requintado e comercialmente dur\u00e1veis.<\/b><\/p>","protected":false},"excerpt":{"rendered":"<p>&nbsp; \u25b8 PRODUCT PARAMETERS Item No: Name Thickness(mm) Polishing Dimensions(mm) Weight(g) H205\/S145 Dinner spoon 5.0 mirror 206*46 78 Dinner fork 5.0 mirror 212*25 71 Tea spoon 3.5 mirror 141*31 30 Cake fork 3.5 mirror 156*18 26 Dinner knife 7.0 mirror 232*19 75 Dessert spoon 1.0 mirror 183*40 56 Dessert fork 4.0 mirror 188*22 37 Dessert [&hellip;]<\/p>","protected":false},"featured_media":3539,"comment_status":"open","ping_status":"closed","template":"","meta":{"_seopress_robots_primary_cat":"","_seopress_titles_title":"","_seopress_titles_desc":"","_seopress_robots_index":""},"product_brand":[],"product_cat":[74],"product_tag":[],"class_list":{"0":"post-3564","1":"product","2":"type-product","3":"status-publish","4":"has-post-thumbnail","6":"product_cat-hrange","8":"first","9":"instock","10":"featured","11":"virtual","12":"purchasable","13":"product-type-simple"},"_links":{"self":[{"href":"https:\/\/www.cutlery.net.cn\/pt\/wp-json\/wp\/v2\/product\/3564","targetHints":{"allow":["GET"]}}],"collection":[{"href":"https:\/\/www.cutlery.net.cn\/pt\/wp-json\/wp\/v2\/product"}],"about":[{"href":"https:\/\/www.cutlery.net.cn\/pt\/wp-json\/wp\/v2\/types\/product"}],"replies":[{"embeddable":true,"href":"https:\/\/www.cutlery.net.cn\/pt\/wp-json\/wp\/v2\/comments?post=3564"}],"wp:featuredmedia":[{"embeddable":true,"href":"https:\/\/www.cutlery.net.cn\/pt\/wp-json\/wp\/v2\/media\/3539"}],"wp:attachment":[{"href":"https:\/\/www.cutlery.net.cn\/pt\/wp-json\/wp\/v2\/media?parent=3564"}],"wp:term":[{"taxonomy":"product_brand","embeddable":true,"href":"https:\/\/www.cutlery.net.cn\/pt\/wp-json\/wp\/v2\/product_brand?post=3564"},{"taxonomy":"product_cat","embeddable":true,"href":"https:\/\/www.cutlery.net.cn\/pt\/wp-json\/wp\/v2\/product_cat?post=3564"},{"taxonomy":"product_tag","embeddable":true,"href":"https:\/\/www.cutlery.net.cn\/pt\/wp-json\/wp\/v2\/product_tag?post=3564"}],"curies":[{"name":"wp","href":"https:\/\/api.w.org\/{rel}","templated":true}]}}