{"id":3562,"date":"2025-10-27T07:30:38","date_gmt":"2025-10-27T07:30:38","guid":{"rendered":"https:\/\/www.gdjiexun.cn\/?post_type=product&#038;p=3562"},"modified":"2025-11-07T07:58:36","modified_gmt":"2025-11-07T07:58:36","slug":"conjunto-de-talheres-de-ouro-de-luxo-faca-de-aco-inoxidavel-garfo-colher-talheres-de-prata-conjunto-de-talheres-de-casamento","status":"publish","type":"product","link":"https:\/\/www.cutlery.net.cn\/pt\/produto\/conjunto-de-talheres-de-ouro-de-luxo-faca-de-aco-inoxidavel-garfo-colher-talheres-de-prata-conjunto-de-talheres-de-casamento\/","title":{"rendered":"Conjunto de talheres de ouro de luxo Faca de a\u00e7o inoxid\u00e1vel Garfo Colher Talheres de prata Conjunto de talheres de casamento"},"content":{"rendered":"<p><img fetchpriority=\"high\" decoding=\"async\" class=\"size-full wp-image-3560 aligncenter\" src=\"https:\/\/www.gdjiexun.cn\/wp-content\/uploads\/2025\/10\/D031-IDEA-Cutlery.jpg\" alt=\"Conjunto de talheres de ouro de luxo Faca de a\u00e7o inoxid\u00e1vel Garfo Colher Talheres de prata Conjunto de talheres de casamento\" width=\"700\" height=\"700\" srcset=\"https:\/\/www.cutlery.net.cn\/wp-content\/uploads\/2025\/10\/D031-IDEA-Cutlery.jpg 700w, https:\/\/www.cutlery.net.cn\/wp-content\/uploads\/2025\/10\/D031-IDEA-Cutlery-300x300.jpg 300w, https:\/\/www.cutlery.net.cn\/wp-content\/uploads\/2025\/10\/D031-IDEA-Cutlery-150x150.jpg 150w, https:\/\/www.cutlery.net.cn\/wp-content\/uploads\/2025\/10\/D031-IDEA-Cutlery-600x600.jpg 600w, https:\/\/www.cutlery.net.cn\/wp-content\/uploads\/2025\/10\/D031-IDEA-Cutlery-100x100.jpg 100w\" sizes=\"(max-width: 700px) 100vw, 700px\" \/><\/p>\n<p>&nbsp;<\/p>\n<h2 style=\"color: #eb9363;\"><span style=\"font-size: 16pt;\">\u25b8 PAR\u00c2METROS DO PRODUTO<\/span><\/h2>\n<table style=\"height: 121px; width: 100%; border-collapse: collapse; border-style: solid; border-color: #dddddd;\" border=\"1\">\n<tbody>\n<tr style=\"height: 24px;\">\n<td style=\"width: 11.1439%; height: 24px; border: 1px solid #dddddd; background-color: #f2f2f2;\">Item No:<\/td>\n<td style=\"width: 13.6163%; height: 24px; border: 1px solid #dddddd; background-color: #f2f2f2;\">Nome<\/td>\n<td style=\"width: 13.3949%; border: 1px solid #dddddd; background-color: #f2f2f2;\">Espessura (mm)<\/td>\n<td style=\"width: 14.5197%; height: 24px; border: 1px solid #dddddd; background-color: #f2f2f2;\">Polimento<\/td>\n<td style=\"width: 14.4459%; border: 1px solid #dddddd; background-color: #f2f2f2;\">Dimens\u00f5es (mm)<\/td>\n<td style=\"width: 15.241%; height: 24px; border: 1px solid #dddddd; background-color: #f2f2f2;\">Peso (g)<\/td>\n<\/tr>\n<tr style=\"height: 24px;\">\n<td style=\"width: 11.1439%; height: 97px; border: 1px solid #dddddd; vertical-align: middle;\" rowspan=\"7\"><span style=\"font-size: 14pt;\"><strong>D031\/S150<\/strong><\/span><\/td>\n<td style=\"width: 13.6163%; height: 24px; border: 1px solid #dddddd;\">Colher de jantar<\/td>\n<td style=\"width: 13.3949%; border: 1px solid #dddddd;\">8.0<\/td>\n<td style=\"width: 14.5197%; height: 24px; border: 1px solid #dddddd;\">espelho<\/td>\n<td style=\"width: 14.4459%; border: 1px solid #dddddd;\">213*43<\/td>\n<td style=\"width: 15.241%; height: 24px; border: 1px solid #dddddd;\">106<\/td>\n<\/tr>\n<tr style=\"height: 18.00pt;\">\n<td style=\"width: 13.6163%; height: 25px; border: 1px solid #dddddd;\">Garfo de jantar<\/td>\n<td style=\"width: 13.3949%; border: 1px solid #dddddd;\">8.0<\/td>\n<td style=\"width: 14.5197%; height: 25px; border: 1px solid #dddddd;\">espelho<\/td>\n<td style=\"width: 14.4459%; border: 1px solid #dddddd;\">214*25<\/td>\n<td style=\"width: 15.241%; height: 25px; border: 1px solid #dddddd;\">96<\/td>\n<\/tr>\n<tr style=\"height: 18.00pt;\">\n<td style=\"width: 13.6163%; height: 24px; border: 1px solid #dddddd;\">Colher de ch\u00e1<\/td>\n<td style=\"width: 13.3949%; border: 1px solid #dddddd;\">6.0<\/td>\n<td style=\"width: 14.5197%; height: 24px; border: 1px solid #dddddd;\">espelho<\/td>\n<td style=\"width: 14.4459%; border: 1px solid #dddddd;\">155*30<\/td>\n<td style=\"width: 15.241%; height: 24px; border: 1px solid #dddddd;\">45<\/td>\n<\/tr>\n<tr>\n<td style=\"width: 13.6163%; border: 1px solid #dddddd;\">Faca de jantar<\/td>\n<td style=\"width: 13.3949%; border: 1px solid #dddddd;\">10.0<\/td>\n<td style=\"width: 14.5197%; border: 1px solid #dddddd;\">espelho<\/td>\n<td style=\"width: 14.4459%; border: 1px solid #dddddd;\">242*20<\/td>\n<td style=\"width: 15.241%; border: 1px solid #dddddd;\">120<\/td>\n<\/tr>\n<tr>\n<td style=\"width: 13.6163%; border: 1px solid #dddddd;\">Garfo de sobremesa<\/td>\n<td style=\"width: 13.3949%; border: 1px solid #dddddd;\">8.0<\/td>\n<td style=\"width: 14.5197%; border: 1px solid #dddddd;\">espelho<\/td>\n<td style=\"width: 14.4459%; border: 1px solid #dddddd;\">188*21<\/td>\n<td style=\"width: 15.241%; border: 1px solid #dddddd;\">70<\/td>\n<\/tr>\n<tr>\n<td style=\"width: 13.6163%; border: 1px solid #dddddd;\">Colher de caf\u00e9<\/td>\n<td style=\"width: 13.3949%; border: 1px solid #dddddd;\">5.0<\/td>\n<td style=\"width: 14.5197%; border: 1px solid #dddddd;\">espelho<\/td>\n<td style=\"width: 14.4459%; border: 1px solid #dddddd;\">115*24<\/td>\n<td style=\"width: 15.241%; border: 1px solid #dddddd;\">22<\/td>\n<\/tr>\n<tr style=\"height: 18.00pt;\">\n<td style=\"width: 13.6163%; height: 24px; border: 1px solid #dddddd;\">Faca de sobremesa<\/td>\n<td style=\"width: 13.3949%; border: 1px solid #dddddd;\">100g<\/td>\n<td style=\"width: 14.5197%; height: 24px; border: 1px solid #dddddd;\">espelho<\/td>\n<td style=\"width: 14.4459%; border: 1px solid #dddddd;\">215*18<\/td>\n<td style=\"width: 15.241%; height: 24px; border: 1px solid #dddddd;\">100<\/td>\n<\/tr>\n<\/tbody>\n<\/table>\n<p>&nbsp;<\/p>\n<p class=\"translation-block\">Introduza um toque de sofistica\u00e7\u00e3o cl\u00e1ssica europeia na sua linha de produtos com a s\u00e9rie de talheres D031 da <b>IDEAL Cutlery<\/b>. Esta s\u00e9rie \u00e9 definida pelas suas elegantes pegas <b>caneladas (com nervuras) na vertical<\/b>, que s\u00e3o uma marca de design intemporal. Os cabos oferecem uma experi\u00eancia t\u00e1til refinada e uma silhueta distinta, culminando num acabamento espelhado suave e de alto brilho em toda a pe\u00e7a.<\/p>\n<p class=\"translation-block\"><b>6PCS<\/b> que podem formar uma configura\u00e7\u00e3o de mesa abrangente para v\u00e1rias necessidades, normalmente incluindo:<\/p>\n<ol start=\"1\">\n<li class=\"translation-block\"><b>Faca de Jantar (Monobloco):<\/b> Cabo longo e robusto com uma l\u00e2mina lisa e de bom tamanho, com um fino gume serrilhado.<\/li>\n<li class=\"translation-block\"><b>Fork de Jantar \/ Garfo de Mesa (4 dentes):<\/b> Design cl\u00e1ssico de quatro dentes, perfeitamente equilibrado para pratos principais.<\/li>\n<li class=\"translation-block\"><b>Colher de jantar \/ Colher de sopa:<\/b> Tigela grande e suavemente polida, ideal para sopa e pratos principais.<\/li>\n<li class=\"translation-block\"><b>Colher de sobremesa \/ Colher de ch\u00e1:<\/b> Uma colher mais pequena e vers\u00e1til para caf\u00e9, ch\u00e1 ou sobremesas.<\/li>\n<li class=\"translation-block\"><b>Faca de bife \/ faca de almo\u00e7o:<\/b> Uma faca ligeiramente mais curta ou mais estreita, frequentemente utilizada para pratos interm\u00e9dios ou para um ambiente mais leve.<\/li>\n<li class=\"translation-block\"><b>Fork de sobremesa \/ Garfo de salada (3 dentes ou 4 dentes):<\/b> Um garfo mais pequeno e mais leve para saladas, aperitivos ou sobremesas.<\/li>\n<\/ol>\n<p>&nbsp;<\/p>\n<h2><span style=\"font-size: 16pt;\"><b>Principais carater\u00edsticas e especifica\u00e7\u00f5es:<\/b><\/span><\/h2>\n<ul>\n<li class=\"translation-block\"><b>Design e Acabamento:<\/b> Apresenta um sofisticado design de nervuras verticais no cabo, proporcionando uma est\u00e9tica cl\u00e1ssica e sofisticada. Toda a pe\u00e7a \u00e9 acabada com um brilhante e altamente refletor <b>polimento espelhado<\/b>.<\/li>\n<li class=\"translation-block\"><b>Material de Excel\u00eancia:<\/b> Fabricado em a\u00e7o inoxid\u00e1vel de alta qualidade. Oferecemos op\u00e7\u00f5es de material personaliz\u00e1veis, incluindo <b>18\/10 (Premium Food Grade)<\/b> para m\u00e1xima resist\u00eancia \u00e0 corros\u00e3o e brilho, bem como <b>18\/0<\/b> e <b>13\/0<\/b> para atender a pontos de pre\u00e7o espec\u00edficos e padr\u00f5es de mercado.<\/li>\n<li class=\"translation-block\"><b>Durabilidade comercial:<\/b> Concebida para suportar as rigorosas exig\u00eancias do sector HORECA (Hotelaria, Restaura\u00e7\u00e3o, Catering), garantindo um desempenho duradouro mesmo com a lavagem de lou\u00e7a comercial.<\/li>\n<li><b>Op\u00e7\u00f5es de cores personalizadas (revestimento PVD):<\/b> Para dar resposta \u00e0s tend\u00eancias modernas do mercado, apoiamos a <b>Revestimento PVD (Deposi\u00e7\u00e3o F\u00edsica de Vapor)<\/b> para um acabamento extremamente duradouro e vibrante:\n<ul>\n<li><b>Ouro rosa<\/b><\/li>\n<li><b>Preto<\/b> (Mate ou brilhante)<\/li>\n<li><b>Tons de cor personalizados<\/b> (por exemplo, Ouro, Cobre, Bronze) para se alinharem com os conceitos de refei\u00e7\u00f5es \u00e0 medida.<\/li>\n<\/ul>\n<\/li>\n<\/ul>\n<p>&nbsp;<\/p>\n<h2><strong><span style=\"font-size: 16pt;\">Personaliza\u00e7\u00e3o B2B e servi\u00e7os OEM\/ODM (O seu design, a nossa experi\u00eancia)<\/span><\/strong><\/h2>\n<p class=\"translation-block\">Como fabricante B2B dedicado, a <b>IDEAL Cutlery<\/b> destaca-se por oferecer uma produ\u00e7\u00e3o OEM\/ODM flex\u00edvel e escal\u00e1vel para satisfazer as diversas necessidades de distribuidores globais, grossistas e clientes de hotelaria. Estamos empenhados em transformar a sua vis\u00e3o espec\u00edfica do produto em realidade.<\/p>\n<p><b>Capacidades de personaliza\u00e7\u00e3o abrangentes:<\/b><\/p>\n<ul>\n<li class=\"translation-block\"><b>Design &amp; Shape:<\/b> Ajuste as dimens\u00f5es, peso e perfil do cabo da s\u00e9rie D031, ou desenvolva padr\u00f5es completamente novos.<\/li>\n<li class=\"translation-block\"><b>Processo e Artesanato:<\/b> Personaliza\u00e7\u00e3o de acabamentos (por exemplo, espelho completo, meio acetinado\/espelho, lavagem de pedra) e detalhes de pega.<\/li>\n<li class=\"translation-block\"><b>Grau de material:<\/b> Escolha de a\u00e7o inoxid\u00e1vel 18\/10, 18\/0 ou 13\/0.<\/li>\n<li class=\"translation-block\"><b>Cor e Acabamento:<\/b> Revestimento PVD em Ouro Rosa, Preto, ou qualquer tom de cor \u00e0 medida.<\/li>\n<li class=\"translation-block\"><b>Configura\u00e7\u00e3o de conjuntos:<\/b> Crie qualquer combina\u00e7\u00e3o de conjuntos (por exemplo, conjunto de lugares de 5 pe\u00e7as, conjunto de caixas de 24 pe\u00e7as, caixa de cart\u00e3o a granel) e requisitos de quantidade.<\/li>\n<li class=\"translation-block\"><b>Solu\u00e7\u00f5es de embalagem:<\/b> Embalagens de marca e personalizadas (caixas de oferta, tabuleiros em PVC, caixas de cart\u00e3o simples) adaptadas ao seu canal de venda.<\/li>\n<li class=\"translation-block\"><b>Branding:<\/b> Grava\u00e7\u00e3o a laser precisa ou grava\u00e7\u00e3o em relevo do log\u00f3tipo da sua empresa nas costas das pegas.<\/li>\n<\/ul>\n<p>&nbsp;<\/p>\n<p class=\"translation-block\"><b>Fa\u00e7a parceria com a<a href=\"\/pt\/contact-us\/\" target=\"_self\"> IDEAL Cutlery<\/a> para garantir um fornecimento fi\u00e1vel de talheres personaliz\u00e1veis de qualidade superior, concebidos para o sucesso comercial global.<\/b><\/p>","protected":false},"excerpt":{"rendered":"<p>&nbsp; \u25b8 PRODUCT PARAMETERS Item No: Name Thickness(mm) Polishing Dimensions(mm) Weight(g) D031\/S150 Dinner spoon 8.0 mirror 213*43 106 Dinner fork 8.0 mirror 214*25 96 Tea spoon 6.0 mirror 155*30 45 Dinner knife 10.0 mirror 242*20 120 Dessert fork 8.0 mirror 188*21 70 Coffee spoon 5.0 mirror 115*24 22 Dessert knife 100g mirror 215*18 100 &nbsp; [&hellip;]<\/p>","protected":false},"featured_media":3560,"comment_status":"open","ping_status":"closed","template":"","meta":{"_seopress_robots_primary_cat":"","_seopress_titles_title":"","_seopress_titles_desc":"","_seopress_robots_index":""},"product_brand":[],"product_cat":[76],"product_tag":[],"class_list":{"0":"post-3562","1":"product","2":"type-product","3":"status-publish","4":"has-post-thumbnail","6":"product_cat-drange","8":"first","9":"instock","10":"featured","11":"virtual","12":"purchasable","13":"product-type-simple"},"_links":{"self":[{"href":"https:\/\/www.cutlery.net.cn\/pt\/wp-json\/wp\/v2\/product\/3562","targetHints":{"allow":["GET"]}}],"collection":[{"href":"https:\/\/www.cutlery.net.cn\/pt\/wp-json\/wp\/v2\/product"}],"about":[{"href":"https:\/\/www.cutlery.net.cn\/pt\/wp-json\/wp\/v2\/types\/product"}],"replies":[{"embeddable":true,"href":"https:\/\/www.cutlery.net.cn\/pt\/wp-json\/wp\/v2\/comments?post=3562"}],"wp:featuredmedia":[{"embeddable":true,"href":"https:\/\/www.cutlery.net.cn\/pt\/wp-json\/wp\/v2\/media\/3560"}],"wp:attachment":[{"href":"https:\/\/www.cutlery.net.cn\/pt\/wp-json\/wp\/v2\/media?parent=3562"}],"wp:term":[{"taxonomy":"product_brand","embeddable":true,"href":"https:\/\/www.cutlery.net.cn\/pt\/wp-json\/wp\/v2\/product_brand?post=3562"},{"taxonomy":"product_cat","embeddable":true,"href":"https:\/\/www.cutlery.net.cn\/pt\/wp-json\/wp\/v2\/product_cat?post=3562"},{"taxonomy":"product_tag","embeddable":true,"href":"https:\/\/www.cutlery.net.cn\/pt\/wp-json\/wp\/v2\/product_tag?post=3562"}],"curies":[{"name":"wp","href":"https:\/\/api.w.org\/{rel}","templated":true}]}}