{"id":3554,"date":"2025-10-25T03:50:42","date_gmt":"2025-10-25T03:50:42","guid":{"rendered":"https:\/\/www.gdjiexun.cn\/?post_type=product&#038;p=3554"},"modified":"2025-11-07T08:09:21","modified_gmt":"2025-11-07T08:09:21","slug":"venda-quente-conjunto-de-talheres-martelados-colher-de-aco-inoxidavel-garfo-talheres-dourados-banhados-a-ouro-a-granel-hotel-casamento-talheres-de-metal","status":"publish","type":"product","link":"https:\/\/www.cutlery.net.cn\/pt\/produto\/venda-quente-conjunto-de-talheres-martelados-colher-de-aco-inoxidavel-garfo-talheres-dourados-banhados-a-ouro-a-granel-hotel-casamento-talheres-de-metal\/","title":{"rendered":"Conjunto de talheres martelados em a\u00e7o inoxid\u00e1vel Colher Garfo Talheres dourados banhados a ouro a granel Hotel Casamento Talheres de metal"},"content":{"rendered":"<p><img fetchpriority=\"high\" decoding=\"async\" class=\"size-full wp-image-3545 aligncenter\" src=\"https:\/\/www.gdjiexun.cn\/wp-content\/uploads\/2025\/10\/S170B-IDEA-Cutlery.webp\" alt=\"Conjunto de talheres martelados em a\u00e7o inoxid\u00e1vel Colher Garfo Talheres dourados banhados a ouro a granel Hotel Casamento Talheres de metal\" width=\"700\" height=\"700\" srcset=\"https:\/\/www.cutlery.net.cn\/wp-content\/uploads\/2025\/10\/S170B-IDEA-Cutlery.webp 700w, https:\/\/www.cutlery.net.cn\/wp-content\/uploads\/2025\/10\/S170B-IDEA-Cutlery-300x300.webp 300w, https:\/\/www.cutlery.net.cn\/wp-content\/uploads\/2025\/10\/S170B-IDEA-Cutlery-150x150.webp 150w, https:\/\/www.cutlery.net.cn\/wp-content\/uploads\/2025\/10\/S170B-IDEA-Cutlery-600x600.webp 600w, https:\/\/www.cutlery.net.cn\/wp-content\/uploads\/2025\/10\/S170B-IDEA-Cutlery-100x100.webp 100w\" sizes=\"(max-width: 700px) 100vw, 700px\" \/><\/p>\n<p>&nbsp;<\/p>\n<h2 style=\"color: #eb9363;\"><span style=\"font-size: 16pt;\">\u25b8 PAR\u00c2METROS DO PRODUTO<\/span><\/h2>\n<table style=\"height: 121px; width: 100%; border-collapse: collapse; border-style: solid; border-color: #dddddd;\" border=\"1\">\n<tbody>\n<tr style=\"height: 24px;\">\n<td style=\"width: 11.1439%; height: 24px; border: 1px solid #dddddd; background-color: #f2f2f2;\">Item No:<\/td>\n<td style=\"width: 13.6163%; height: 24px; border: 1px solid #dddddd; background-color: #f2f2f2;\">Nome<\/td>\n<td style=\"width: 13.3949%; border: 1px solid #dddddd; background-color: #f2f2f2;\">Espessura (mm)<\/td>\n<td style=\"width: 14.5197%; height: 24px; border: 1px solid #dddddd; background-color: #f2f2f2;\">Polimento<\/td>\n<td style=\"width: 14.4459%; border: 1px solid #dddddd; background-color: #f2f2f2;\">Dimens\u00f5es (mm)<\/td>\n<td style=\"width: 15.241%; height: 24px; border: 1px solid #dddddd; background-color: #f2f2f2;\">Peso (g)<\/td>\n<\/tr>\n<tr style=\"height: 24px;\">\n<td style=\"width: 11.1439%; height: 97px; border: 1px solid #dddddd; vertical-align: middle;\" rowspan=\"4\"><span style=\"font-size: 14pt;\"><strong>S170B<\/strong><\/span><\/td>\n<td style=\"width: 13.6163%; height: 24px; border: 1px solid #dddddd;\">Colher de jantar<\/td>\n<td style=\"width: 13.3949%; border: 1px solid #dddddd;\">2.2<\/td>\n<td style=\"width: 14.5197%; height: 24px; border: 1px solid #dddddd;\">espelho<\/td>\n<td style=\"width: 14.4459%; border: 1px solid #dddddd;\">42*197<\/td>\n<td style=\"width: 15.241%; height: 24px; border: 1px solid #dddddd;\">44.0<\/td>\n<\/tr>\n<tr style=\"height: 18.00pt;\">\n<td style=\"width: 13.6163%; height: 25px; border: 1px solid #dddddd;\">Garfo de jantar<\/td>\n<td style=\"width: 13.3949%; border: 1px solid #dddddd;\">2.2<\/td>\n<td style=\"width: 14.5197%; height: 25px; border: 1px solid #dddddd;\">espelho<\/td>\n<td style=\"width: 14.4459%; border: 1px solid #dddddd;\">26.5*200<\/td>\n<td style=\"width: 15.241%; height: 25px; border: 1px solid #dddddd;\">37.0<\/td>\n<\/tr>\n<tr style=\"height: 18.00pt;\">\n<td style=\"width: 13.6163%; height: 24px; border: 1px solid #dddddd;\">Colher de ch\u00e1<\/td>\n<td style=\"width: 13.3949%; border: 1px solid #dddddd;\">1.8<\/td>\n<td style=\"width: 14.5197%; height: 24px; border: 1px solid #dddddd;\">espelho<\/td>\n<td style=\"width: 14.4459%; border: 1px solid #dddddd;\">28*135<\/td>\n<td style=\"width: 15.241%; height: 24px; border: 1px solid #dddddd;\">18.5<\/td>\n<\/tr>\n<tr style=\"height: 18.00pt;\">\n<td style=\"width: 13.6163%; height: 24px; border: 1px solid #dddddd;\">Faca de jantar<\/td>\n<td style=\"width: 13.3949%; border: 1px solid #dddddd;\">5.0<\/td>\n<td style=\"width: 14.5197%; height: 24px; border: 1px solid #dddddd;\">espelho<\/td>\n<td style=\"width: 14.4459%; border: 1px solid #dddddd;\">20*224<\/td>\n<td style=\"width: 15.241%; height: 24px; border: 1px solid #dddddd;\">75.0<\/td>\n<\/tr>\n<\/tbody>\n<\/table>\n<p>&nbsp;<\/p>\n<p class=\"translation-block\">Eleve as suas ofertas com a s\u00e9rie de talheres S170B da IDEAL Cutlery, onde o design sofisticado encontra a resili\u00eancia de n\u00edvel comercial. Esta cole\u00e7\u00e3o apresenta um impressionante padr\u00e3o de textura profunda <b>diamante\/cross-hatch<\/b> elegantemente pressionado nos cabos de cada pe\u00e7a, proporcionando uma ader\u00eancia segura e um apelo visual cintilante que capta a luz. As \u00e1reas contrastantes da cabe\u00e7a e da l\u00e2mina, polidas como espelho, real\u00e7am a sua est\u00e9tica moderna e sofisticada.<\/p>\n<p>Um conjunto de quatro pe\u00e7as ideal para jantares requintados ou conjuntos de retalho abrangentes, incluindo<\/p>\n<ol start=\"1\">\n<li class=\"translation-block\"><b>Faca de jantar:<\/b> Possui uma l\u00e2mina limpa e lisa com uma borda finamente serrilhada para um corte sem esfor\u00e7o.<\/li>\n<li class=\"translation-block\"><b>Colher de jantar \/ Colher de sopa:<\/b> Tigela grande, com contornos suaves, perfeita para pratos principais e sopas.<\/li>\n<li class=\"translation-block\"><b>Fork de Jantar \/ Garfo de Mesa:<\/b> Quatro dentes robustos e bem espa\u00e7ados, equilibrando fun\u00e7\u00e3o e estilo.<\/li>\n<li class=\"translation-block\"><b>Colher de ch\u00e1 \/ Garfo de sobremesa (tamanho pequeno):<\/b> Um utens\u00edlio vers\u00e1til e mais pequeno, apresentado aqui como um mini-garfo ou colher de ch\u00e1, perfeito para sobremesas, aperitivos ou caf\u00e9\/ch\u00e1.<\/li>\n<\/ol>\n<h2><span style=\"font-size: 16pt;\"><b>Principais carater\u00edsticas e especifica\u00e7\u00f5es:<\/b><\/span><\/h2>\n<ul>\n<li class=\"translation-block\"><b>Material de Excel\u00eancia:<\/b> Fabricado em a\u00e7o inoxid\u00e1vel de alta qualidade, oferecemos graus de material personaliz\u00e1veis, incluindo <b>18\/10 (Premium), 18\/0 e 13\/0<\/b>, garantindo uma durabilidade soberba e resist\u00eancia \u00e0 ferrugem adaptada \u00e0s suas necessidades espec\u00edficas de mercado.<\/li>\n<li class=\"translation-block\"><b>Acabamento distinto:<\/b> As pegas apresentam um padr\u00e3o \u00fanico de diamante em relevo\/cruzado, complementado por um polimento espelhado brilhante na cabe\u00e7a\/l\u00e2mina para um aspeto premium de textura dupla.<\/li>\n<li><b>Op\u00e7\u00f5es de cores personalizadas (revestimento PVD):<\/b> Para al\u00e9m do cl\u00e1ssico a\u00e7o inoxid\u00e1vel prateado, apoiamos a <b>Revestimento PVD (Deposi\u00e7\u00e3o F\u00edsica de Vapor)<\/b> para um acabamento de cor duradouro e que define tend\u00eancias, incluindo:\n<ul>\n<li><b>Ouro rosa<\/b><\/li>\n<li><b>Preto<\/b> (Mate ou brilhante)<\/li>\n<li><b>Tons de cor especificados \u00e0 medida<\/b> para se alinhar com a sua marca ou colec\u00e7\u00f5es sazonais.<\/li>\n<\/ul>\n<\/li>\n<li class=\"translation-block\"><b>Grau comercial:<\/b> Concebidos para a distribui\u00e7\u00e3o por grosso\/retalho e para o fornecimento direto \u00e0 ind\u00fastria hoteleira, de restaura\u00e7\u00e3o e de catering, os nossos talheres foram concebidos para uma utiliza\u00e7\u00e3o frequente e para a lavagem comercial de lou\u00e7a.<\/li>\n<\/ul>\n<p>&nbsp;<\/p>\n<h2 class=\"translation-block\"><strong><span style=\"font-size: 16pt\">Personaliza\u00e7\u00e3o B2B <\/span><\/strong><span style=\"font-size: 16pt\"><b>e <\/b><\/span><strong><span style=\"font-size: 16pt\">Servi\u00e7os OEM\/ODM (feitos \u00e0 medida para o seu sucesso)<\/span><\/strong><\/h2>\n<p class=\"translation-block\">Como seu parceiro B2B de confian\u00e7a, a <b>IDEAL Cutlery<\/b> \u00e9 especializada no fornecimento de solu\u00e7\u00f5es OEM\/ODM flex\u00edveis e abrangentes. Compreendemos que cada cliente tem requisitos \u00fanicos.<\/p>\n<h2><span style=\"font-size: 16pt;\"><b>Capacidade total de personaliza\u00e7\u00e3o:<\/b><\/span><\/h2>\n<ul>\n<li class=\"translation-block\"><b>Forma e design:<\/b> Modificar designs existentes ou desenvolver modelos totalmente novos.<\/li>\n<li class=\"translation-block\"><b>Processo e Artesanato:<\/b> Personaliza\u00e7\u00e3o de acabamentos (por exemplo, acetinado, mate, duplo acabamento) e padr\u00f5es de pega.<\/li>\n<li class=\"translation-block\"><b>Grau de material:<\/b> Escolha de a\u00e7o inoxid\u00e1vel 18\/10, 18\/0 ou 13\/0.<\/li>\n<li class=\"translation-block\"><b>Cor e Acabamento:<\/b> Revestimento PVD em Ouro Rosa, Preto, ou qualquer outra cor \u00e0 medida.<\/li>\n<li class=\"translation-block\"><b>Composi\u00e7\u00e3o e quantidade do conjunto:<\/b> Configure a combina\u00e7\u00e3o perfeita de conjuntos (por exemplo, 4 pe\u00e7as, 16 pe\u00e7as, 24 pe\u00e7as) para necessidades de servi\u00e7o a retalho ou a granel.<\/li>\n<li class=\"translation-block\"><b>Embalagem:<\/b> Solu\u00e7\u00f5es de embalagem \u00e0 medida (caixas de oferta, tabuleiros em PVC, embalagens a granel) com o log\u00f3tipo e design da sua marca.<\/li>\n<li class=\"translation-block\"><b>Logo &amp; Branding:<\/b> Grava\u00e7\u00e3o ou marca\u00e7\u00e3o a laser do log\u00f3tipo da sua empresa nas pegas.<\/li>\n<\/ul>\n<p>&nbsp;<\/p>\n<p class=\"translation-block\"><b>Fa\u00e7a parceria com a<a href=\"\/pt\/contact-us\/\" target=\"_self\"> IDEAL Cutlery<\/a> para obter solu\u00e7\u00f5es de alta qualidade e personaliz\u00e1veis para talheres, concebidas para satisfazer as exig\u00eancias do seu mercado global.<\/b><\/p>","protected":false},"excerpt":{"rendered":"<p>&nbsp; \u25b8 PRODUCT PARAMETERS Item No: Name Thickness(mm) Polishing Dimensions(mm) Weight(g) S170B Dinner spoon 2.2 mirror 42*197 44.0 Dinner fork 2.2 mirror 26.5*200 37.0 Tea spoon 1.8 mirror 28*135 18.5 Dinner knife 5.0 mirror 20*224 75.0 &nbsp; Elevate your offerings with the S170B Cutlery Series from IDEAL Cutlery, where sophisticated design meets commercial-grade resilience. This [&hellip;]<\/p>","protected":false},"featured_media":3545,"comment_status":"open","ping_status":"closed","template":"","meta":{"_seopress_robots_primary_cat":"","_seopress_titles_title":"","_seopress_titles_desc":"","_seopress_robots_index":""},"product_brand":[],"product_cat":[75],"product_tag":[],"class_list":{"0":"post-3554","1":"product","2":"type-product","3":"status-publish","4":"has-post-thumbnail","6":"product_cat-srange","8":"first","9":"instock","10":"featured","11":"virtual","12":"purchasable","13":"product-type-simple"},"_links":{"self":[{"href":"https:\/\/www.cutlery.net.cn\/pt\/wp-json\/wp\/v2\/product\/3554","targetHints":{"allow":["GET"]}}],"collection":[{"href":"https:\/\/www.cutlery.net.cn\/pt\/wp-json\/wp\/v2\/product"}],"about":[{"href":"https:\/\/www.cutlery.net.cn\/pt\/wp-json\/wp\/v2\/types\/product"}],"replies":[{"embeddable":true,"href":"https:\/\/www.cutlery.net.cn\/pt\/wp-json\/wp\/v2\/comments?post=3554"}],"wp:featuredmedia":[{"embeddable":true,"href":"https:\/\/www.cutlery.net.cn\/pt\/wp-json\/wp\/v2\/media\/3545"}],"wp:attachment":[{"href":"https:\/\/www.cutlery.net.cn\/pt\/wp-json\/wp\/v2\/media?parent=3554"}],"wp:term":[{"taxonomy":"product_brand","embeddable":true,"href":"https:\/\/www.cutlery.net.cn\/pt\/wp-json\/wp\/v2\/product_brand?post=3554"},{"taxonomy":"product_cat","embeddable":true,"href":"https:\/\/www.cutlery.net.cn\/pt\/wp-json\/wp\/v2\/product_cat?post=3554"},{"taxonomy":"product_tag","embeddable":true,"href":"https:\/\/www.cutlery.net.cn\/pt\/wp-json\/wp\/v2\/product_tag?post=3554"}],"curies":[{"name":"wp","href":"https:\/\/api.w.org\/{rel}","templated":true}]}}