{"id":3550,"date":"2025-10-24T10:11:01","date_gmt":"2025-10-24T10:11:01","guid":{"rendered":"https:\/\/www.gdjiexun.cn\/?post_type=product&#038;p=3550"},"modified":"2025-11-17T02:47:19","modified_gmt":"2025-11-17T02:47:19","slug":"talheres-de-casamento-preto-mate-recem-chegados-talheres-de-aco-inoxidavel-conjunto-de-colheres-e-garfos-conjunto-de-talheres-de-restaurante","status":"publish","type":"product","link":"https:\/\/www.cutlery.net.cn\/pt\/produto\/talheres-de-casamento-preto-mate-recem-chegados-talheres-de-aco-inoxidavel-conjunto-de-colheres-e-garfos-conjunto-de-talheres-de-restaurante\/","title":{"rendered":"Novidades Conjunto de talheres preto mate para casamento Conjunto de talheres de a\u00e7o inoxid\u00e1vel com colheres e garfos para restaurante"},"content":{"rendered":"<p><img fetchpriority=\"high\" decoding=\"async\" class=\"size-full wp-image-3540 aligncenter\" src=\"https:\/\/www.gdjiexun.cn\/wp-content\/uploads\/2025\/10\/S049-IDEA-Cutlery.webp\" alt=\"Novidades Conjunto de talheres preto mate para casamento Conjunto de talheres de a\u00e7o inoxid\u00e1vel com colheres e garfos para restaurante\" width=\"700\" height=\"700\" srcset=\"https:\/\/www.cutlery.net.cn\/wp-content\/uploads\/2025\/10\/S049-IDEA-Cutlery.webp 700w, https:\/\/www.cutlery.net.cn\/wp-content\/uploads\/2025\/10\/S049-IDEA-Cutlery-300x300.webp 300w, https:\/\/www.cutlery.net.cn\/wp-content\/uploads\/2025\/10\/S049-IDEA-Cutlery-150x150.webp 150w, https:\/\/www.cutlery.net.cn\/wp-content\/uploads\/2025\/10\/S049-IDEA-Cutlery-600x600.webp 600w, https:\/\/www.cutlery.net.cn\/wp-content\/uploads\/2025\/10\/S049-IDEA-Cutlery-100x100.webp 100w\" sizes=\"(max-width: 700px) 100vw, 700px\" \/><\/p>\n<p>&nbsp;<\/p>\n<h2 style=\"color: #eb9363;\"><span style=\"font-size: 16pt;\">\u25b8 PAR\u00c2METROS DO PRODUTO<\/span><\/h2>\n<table style=\"height: 121px; width: 100%; border-collapse: collapse; border-style: solid; border-color: #dddddd;\" border=\"1\">\n<tbody>\n<tr style=\"height: 24px;\">\n<td style=\"width: 11.1439%; height: 24px; border: 1px solid #dddddd; background-color: #f2f2f2;\">Item No:<\/td>\n<td style=\"width: 13.6163%; height: 24px; border: 1px solid #dddddd; background-color: #f2f2f2;\">Nome<\/td>\n<td style=\"width: 13.3949%; border: 1px solid #dddddd; background-color: #f2f2f2;\">Espessura (mm)<\/td>\n<td style=\"width: 14.5197%; height: 24px; border: 1px solid #dddddd; background-color: #f2f2f2;\">Polimento<\/td>\n<td style=\"width: 14.4459%; border: 1px solid #dddddd; background-color: #f2f2f2;\">Dimens\u00f5es (mm)<\/td>\n<td style=\"width: 15.241%; height: 24px; border: 1px solid #dddddd; background-color: #f2f2f2;\">Peso (g)<\/td>\n<\/tr>\n<tr style=\"height: 24px;\">\n<td style=\"width: 11.1439%; height: 97px; border: 1px solid #dddddd; vertical-align: middle;\" rowspan=\"8\"><span style=\"font-size: 14pt;\"><strong>S049<\/strong><\/span><\/td>\n<td style=\"width: 13.6163%; height: 24px; border: 1px solid #dddddd;\">Colher de jantar<\/td>\n<td style=\"width: 13.3949%; border: 1px solid #dddddd;\">7.0<\/td>\n<td style=\"width: 14.5197%; height: 24px; border: 1px solid #dddddd;\">espelho<\/td>\n<td style=\"width: 14.4459%; border: 1px solid #dddddd;\">43*195<\/td>\n<td style=\"width: 15.241%; height: 24px; border: 1px solid #dddddd;\">71.0<\/td>\n<\/tr>\n<tr style=\"height: 18.00pt;\">\n<td style=\"width: 13.6163%; height: 25px; border: 1px solid #dddddd;\">Garfo de jantar<\/td>\n<td style=\"width: 13.3949%; border: 1px solid #dddddd;\">7.0<\/td>\n<td style=\"width: 14.5197%; height: 25px; border: 1px solid #dddddd;\">espelho<\/td>\n<td style=\"width: 14.4459%; border: 1px solid #dddddd;\">25*193<\/td>\n<td style=\"width: 15.241%; height: 25px; border: 1px solid #dddddd;\">58.0<\/td>\n<\/tr>\n<tr style=\"height: 18.00pt;\">\n<td style=\"width: 13.6163%; height: 24px; border: 1px solid #dddddd;\">Colher de ch\u00e1<\/td>\n<td style=\"width: 13.3949%; border: 1px solid #dddddd;\">5.5<\/td>\n<td style=\"width: 14.5197%; height: 24px; border: 1px solid #dddddd;\">espelho<\/td>\n<td style=\"width: 14.4459%; border: 1px solid #dddddd;\">31*138<\/td>\n<td style=\"width: 15.241%; height: 24px; border: 1px solid #dddddd;\">28.0<\/td>\n<\/tr>\n<tr style=\"height: 18.00pt;\">\n<td style=\"width: 13.6163%; border: 1px solid #dddddd;\">Garfo para bolo<\/td>\n<td style=\"width: 13.3949%; border: 1px solid #dddddd;\">5.5<\/td>\n<td style=\"width: 14.5197%; border: 1px solid #dddddd;\">espelho<\/td>\n<td style=\"width: 14.4459%; border: 1px solid #dddddd;\">22.5*141<\/td>\n<td style=\"width: 15.241%; border: 1px solid #dddddd;\">24.0<\/td>\n<\/tr>\n<tr style=\"height: 18.00pt;\">\n<td style=\"width: 13.6163%; border: 1px solid #dddddd;\">Faca de jantar<\/td>\n<td style=\"width: 13.3949%; border: 1px solid #dddddd;\">8.0<\/td>\n<td style=\"width: 14.5197%; border: 1px solid #dddddd;\">espelho<\/td>\n<td style=\"width: 14.4459%; border: 1px solid #dddddd;\">10*221<\/td>\n<td style=\"width: 15.241%; border: 1px solid #dddddd;\">70.0<\/td>\n<\/tr>\n<tr style=\"height: 18.00pt;\">\n<td style=\"width: 13.6163%; border: 1px solid #dddddd;\">Colher de caf\u00e9<\/td>\n<td style=\"width: 13.3949%; border: 1px solid #dddddd;\">4.0<\/td>\n<td style=\"width: 14.5197%; border: 1px solid #dddddd;\">espelho<\/td>\n<td style=\"width: 14.4459%; border: 1px solid #dddddd;\">22*114<\/td>\n<td style=\"width: 15.241%; border: 1px solid #dddddd;\">15.0<\/td>\n<\/tr>\n<tr style=\"height: 18.00pt;\">\n<td style=\"width: 13.6163%; border: 1px solid #dddddd;\">Garfo de sobremesa<\/td>\n<td style=\"width: 13.3949%; border: 1px solid #dddddd;\">6.5<\/td>\n<td style=\"width: 14.5197%; border: 1px solid #dddddd;\">espelho<\/td>\n<td style=\"width: 14.4459%; border: 1px solid #dddddd;\">23*181<\/td>\n<td style=\"width: 15.241%; border: 1px solid #dddddd;\">49.0<\/td>\n<\/tr>\n<tr style=\"height: 18.00pt;\">\n<td style=\"width: 13.6163%; height: 24px; border: 1px solid #dddddd;\">Faca de sobremesa<\/td>\n<td style=\"width: 13.3949%; border: 1px solid #dddddd;\">7.5<\/td>\n<td style=\"width: 14.5197%; height: 24px; border: 1px solid #dddddd;\">espelho<\/td>\n<td style=\"width: 14.4459%; border: 1px solid #dddddd;\">9.5*199<\/td>\n<td style=\"width: 15.241%; height: 24px; border: 1px solid #dddddd;\">58.0<\/td>\n<\/tr>\n<\/tbody>\n<\/table>\n<p>&nbsp;<\/p>\n<p>Um conjunto refinado e contempor\u00e2neo de talheres de 4 pe\u00e7as com pegas rectas e finas e um acabamento unificado em preto mate. Concebido para um toque equilibrado e uma durabilidade quotidiana, este conjunto foi concebido para hot\u00e9is, restaurantes, compradores de servi\u00e7os hoteleiros e marcas privadas que procuram uma solu\u00e7\u00e3o de servi\u00e7o de mesa elegante e moderna. As op\u00e7\u00f5es de material incluem a\u00e7o inoxid\u00e1vel 18\/10, 18\/0 e 13\/0; est\u00e3o dispon\u00edveis revestimentos PVD decorativos como o ouro rosa e o preto - ou tons personalizados. S\u00e3o fornecidos servi\u00e7os OEM e ODM.<\/p>\n<p>&nbsp;<\/p>\n<h2><strong><span style=\"font-size: 16pt;\">Carater\u00edsticas principais<\/span><\/strong><\/h2>\n<ul>\n<li data-start=\"978\" data-end=\"1117\">\n<p data-start=\"980\" data-end=\"1117\" class=\"translation-block\"><strong data-start=\"980\" data-end=\"1003\">Silhueta minimalista:<\/strong> pegas rectas e quadradas com cantos suavemente chanfrados para uma ader\u00eancia confort\u00e1vel e uma linguagem visual moderna.<\/p>\n<\/li>\n<li data-start=\"1118\" data-end=\"1247\">\n<p data-start=\"1120\" data-end=\"1247\" class=\"translation-block\"><strong data-start=\"1120\" data-end=\"1144\">Ergonomia equilibrada:<\/strong> perfil fino com peso bem distribu\u00eddo para um manuseamento sem esfor\u00e7o, tanto no servi\u00e7o com placas como no servi\u00e7o informal.<\/p>\n<\/li>\n<li data-start=\"1248\" data-end=\"1336\">\n<p data-start=\"1250\" data-end=\"1336\" class=\"translation-block\"><strong data-start=\"1250\" data-end=\"1269\">Geometria da colher:<\/strong> ta\u00e7as arredondadas e ligeiramente fundas para colher e empratar de forma eficiente.<\/p>\n<\/li>\n<li data-start=\"1337\" data-end=\"1491\">\n<p data-start=\"1339\" data-end=\"1491\" class=\"translation-block\"><strong>Data-start=\"1339\" data-end=\"1363\"&gt;Design do garfo e da faca:<\/strong> dentes uniformemente espa\u00e7ados para uma perfura\u00e7\u00e3o limpa; faca com um gume discreto para um corte eficaz, preservando uma linha de l\u00e2mina elegante.<\/p>\n<\/li>\n<li data-start=\"1492\" data-end=\"1619\">\n<p data-start=\"1494\" data-end=\"1619\" class=\"translation-block\"><strong> Op\u00e7\u00f5es de acabamento:<\/strong> preto fosco mostrado aqui; tamb\u00e9m dispon\u00edvel em polimento espelhado, acetinado\/escovado, jateado e outros acabamentos.<\/p>\n<\/li>\n<li data-start=\"1620\" data-end=\"1758\">\n<p data-start=\"1622\" data-end=\"1758\" class=\"translation-block\"><strong data-start=\"1622\" data-end=\"1637\">Durabilidade:<\/strong> concebida para utiliza\u00e7\u00e3o repetida em servi\u00e7os alimentares; revestimentos processados para cumprir as normas de contacto com alimentos e de desgaste, quando especificado.<\/p>\n<\/li>\n<\/ul>\n<p>&nbsp;<\/p>\n<h2><span style=\"font-size: 16pt;\"><strong>Materiais e revestimentos<\/strong><\/span><\/h2>\n<ul>\n<li data-start=\"2062\" data-end=\"2207\">\n<p data-start=\"2064\" data-end=\"2207\" class=\"translation-block\"><strong data-start=\"2064\" data-end=\"2091\">Graus de a\u00e7o inoxid\u00e1vel:<\/strong> 18\/10 (premium, melhor resist\u00eancia \u00e0 corros\u00e3o e brilho), 18\/0 (econ\u00f3mico, magn\u00e9tico), 13\/0 (econ\u00f3mico, dur\u00e1vel).<\/p>\n<\/li>\n<li data-start=\"2208\" data-end=\"2419\">\n<p data-start=\"2210\" data-end=\"2419\" class=\"translation-block\"><strong data-start=\"2210\" data-end=\"2234\">Revestimentos decorativos:<\/strong> PVD dispon\u00edvel em <strong data-start=\"2252\" data-end=\"2265\">ouro rosa<\/strong>, <strong data-start=\"2267\" data-end=\"2276\">preto<\/strong>, <strong data-start=\"2278\" data-end=\"2286\">ouro<\/strong>, ou tons de cor personalizados. O PVD oferece uma ades\u00e3o superior e resist\u00eancia ao desgaste em compara\u00e7\u00e3o com o revestimento convencional quando corretamente processado.<\/p>\n<\/li>\n<li data-start=\"2420\" data-end=\"2496\">\n<p data-start=\"2422\" data-end=\"2496\" class=\"translation-block\"><strong data-start=\"2422\" data-end=\"2445\">Tratamentos de superf\u00edcie:<\/strong> polimento espelhado, acetinado\/escovado, mate, jato de esferas.<\/p>\n<\/li>\n<\/ul>\n<p>&nbsp;<\/p>\n<h2><strong><span style=\"font-size: 16pt;\">Configura\u00e7\u00e3o t\u00edpica do conjunto e especifica\u00e7\u00f5es personaliz\u00e1veis<\/span><\/strong><\/h2>\n<ul>\n<li data-start=\"2914\" data-end=\"3019\">\n<p data-start=\"2916\" data-end=\"3019\" class=\"translation-block\"><strong data-start=\"2916\" data-end=\"2942\">Configura\u00e7\u00e3o t\u00edpica:<\/strong> Conjunto de 4 pe\u00e7as - 1\u00d7 Faca de jantar, 1\u00d7 Garfo de jantar, 1\u00d7 Colher de sopa, 1\u00d7 Colher de ch\u00e1.<\/p>\n<\/li>\n<li data-start=\"3020\" data-end=\"3149\">\n<p data-start=\"3022\" data-end=\"3149\" class=\"translation-block\"><strong data-start=\"3022\" data-end=\"3045\">Itens personaliz\u00e1veis:<\/strong> perfil do cabo, comprimento total, profundidade da ta\u00e7a, n\u00famero\/comprimento dos dentes do garfo, estilo do gume da faca, equil\u00edbrio do peso.<\/p>\n<\/li>\n<li data-start=\"3150\" data-end=\"3246\">\n<p data-start=\"3152\" data-end=\"3246\" class=\"translation-block\"><strong data-start=\"3152\" data-end=\"3172\">MOQ &amp; lead time:<\/strong> flex\u00edvel - or\u00e7amentos personalizados fornecidos por especifica\u00e7\u00e3o e volume de encomenda.<\/p>\n<\/li>\n<\/ul>\n<p>&nbsp;<\/p>\n<h2><strong><span style=\"font-size: 16pt;\">Cuidados e recomenda\u00e7\u00f5es de utiliza\u00e7\u00e3o<\/span><\/strong><\/h2>\n<ul>\n<li data-start=\"3913\" data-end=\"4142\">\n<p data-start=\"3915\" data-end=\"4142\">Para acabamentos PVD ou chapeados, siga as recomenda\u00e7\u00f5es de limpeza para prolongar a vida \u00fatil da superf\u00edcie: evite produtos de limpeza abrasivos, utilize um detergente suave e um pano macio. A utiliza\u00e7\u00e3o na m\u00e1quina de lavar loi\u00e7a depende do acabamento - consulte a IDEAL Cutlery para obter instru\u00e7\u00f5es espec\u00edficas sobre o acabamento.<\/p>\n<\/li>\n<li data-start=\"4143\" data-end=\"4245\">\n<p data-start=\"4145\" data-end=\"4245\">O armazenamento em ambientes secos e o polimento ocasional para acabamentos espelhados manter\u00e3o a apar\u00eancia.<\/p>\n<\/li>\n<\/ul>\n<p class=\"translation-block\"><a href=\"\/pt\/contact-us\/\" target=\"_self\"><strong>Contacte a IDEAL Cutlery<\/strong><\/a> para amostras, prazos de entrega, MOQ e or\u00e7amentos personalizados. Forne\u00e7a o material pretendido (18\/10 | 18\/0 | 13\/0), o acabamento (espelhado | escovado | mate | cor PVD) e quaisquer requisitos de log\u00f3tipo\/embalagem para receber uma proposta personalizada.<\/p>","protected":false},"excerpt":{"rendered":"<p>&nbsp; \u25b8 PRODUCT PARAMETERS Item No: Name Thickness(mm) Polishing Dimensions(mm) Weight(g) S049 Dinner spoon 7.0 mirror 43*195 71.0 Dinner fork 7.0 mirror 25*193 58.0 Tea spoon 5.5 mirror 31*138 28.0 Cake fork 5.5 mirror 22.5*141 24.0 Dinner knife 8.0 mirror 10*221 70.0 Coffee spoon 4.0 mirror 22*114 15.0 Dessert fork 6.5 mirror 23*181 49.0 Dessert [&hellip;]<\/p>","protected":false},"featured_media":3540,"comment_status":"open","ping_status":"closed","template":"","meta":{"_seopress_robots_primary_cat":"none","_seopress_titles_title":"","_seopress_titles_desc":"","_seopress_robots_index":""},"product_brand":[],"product_cat":[75],"product_tag":[],"class_list":{"0":"post-3550","1":"product","2":"type-product","3":"status-publish","4":"has-post-thumbnail","6":"product_cat-srange","8":"first","9":"instock","10":"featured","11":"virtual","12":"purchasable","13":"product-type-simple"},"_links":{"self":[{"href":"https:\/\/www.cutlery.net.cn\/pt\/wp-json\/wp\/v2\/product\/3550","targetHints":{"allow":["GET"]}}],"collection":[{"href":"https:\/\/www.cutlery.net.cn\/pt\/wp-json\/wp\/v2\/product"}],"about":[{"href":"https:\/\/www.cutlery.net.cn\/pt\/wp-json\/wp\/v2\/types\/product"}],"replies":[{"embeddable":true,"href":"https:\/\/www.cutlery.net.cn\/pt\/wp-json\/wp\/v2\/comments?post=3550"}],"wp:featuredmedia":[{"embeddable":true,"href":"https:\/\/www.cutlery.net.cn\/pt\/wp-json\/wp\/v2\/media\/3540"}],"wp:attachment":[{"href":"https:\/\/www.cutlery.net.cn\/pt\/wp-json\/wp\/v2\/media?parent=3550"}],"wp:term":[{"taxonomy":"product_brand","embeddable":true,"href":"https:\/\/www.cutlery.net.cn\/pt\/wp-json\/wp\/v2\/product_brand?post=3550"},{"taxonomy":"product_cat","embeddable":true,"href":"https:\/\/www.cutlery.net.cn\/pt\/wp-json\/wp\/v2\/product_cat?post=3550"},{"taxonomy":"product_tag","embeddable":true,"href":"https:\/\/www.cutlery.net.cn\/pt\/wp-json\/wp\/v2\/product_tag?post=3550"}],"curies":[{"name":"wp","href":"https:\/\/api.w.org\/{rel}","templated":true}]}}