{"id":3564,"date":"2025-10-31T07:46:21","date_gmt":"2025-10-31T07:46:21","guid":{"rendered":"https:\/\/www.gdjiexun.cn\/?post_type=product&#038;p=3564"},"modified":"2025-11-07T07:57:23","modified_gmt":"2025-11-07T07:57:23","slug":"grueso-peso-pesado-mango-cuadrado-de-acero-inoxidable-18-10-cubiertos-espejo-pulido-restaurante-cubiertos-conjunto","status":"publish","type":"product","link":"https:\/\/www.cutlery.net.cn\/es\/producto\/grueso-peso-pesado-mango-cuadrado-de-acero-inoxidable-18-10-cubiertos-espejo-pulido-restaurante-cubiertos-conjunto\/","title":{"rendered":"Pesado grueso mango cuadrado de acero inoxidable 18\/10 cubiertos Espejo Pulido Restaurante Cubiertos Set"},"content":{"rendered":"<p><img fetchpriority=\"high\" decoding=\"async\" class=\"size-full wp-image-3539 aligncenter\" src=\"https:\/\/www.gdjiexun.cn\/wp-content\/uploads\/2025\/10\/H205-IDEA-Cutlery.webp\" alt=\"Pesado grueso mango cuadrado de acero inoxidable 18\/10 cubiertos Espejo Pulido Restaurante Cubiertos Set\" width=\"700\" height=\"700\" srcset=\"https:\/\/www.cutlery.net.cn\/wp-content\/uploads\/2025\/10\/H205-IDEA-Cutlery.webp 700w, https:\/\/www.cutlery.net.cn\/wp-content\/uploads\/2025\/10\/H205-IDEA-Cutlery-300x300.webp 300w, https:\/\/www.cutlery.net.cn\/wp-content\/uploads\/2025\/10\/H205-IDEA-Cutlery-150x150.webp 150w, https:\/\/www.cutlery.net.cn\/wp-content\/uploads\/2025\/10\/H205-IDEA-Cutlery-600x600.webp 600w, https:\/\/www.cutlery.net.cn\/wp-content\/uploads\/2025\/10\/H205-IDEA-Cutlery-100x100.webp 100w\" sizes=\"(max-width: 700px) 100vw, 700px\" \/><\/p>\n<p>&nbsp;<\/p>\n<h2 style=\"color: #eb9363;\"><span style=\"font-size: 16pt;\">PAR\u00c1METROS DEL PRODUCTO<\/span><\/h2>\n<table style=\"height: 121px; width: 100%; border-collapse: collapse; border-style: solid; border-color: #dddddd;\" border=\"1\">\n<tbody>\n<tr style=\"height: 24px;\">\n<td style=\"width: 11.1439%; height: 24px; border: 1px solid #dddddd; background-color: #f2f2f2;\">N\u00ba de art\u00edculo<\/td>\n<td style=\"width: 13.6163%; height: 24px; border: 1px solid #dddddd; background-color: #f2f2f2;\">Nombre<\/td>\n<td style=\"width: 13.3949%; border: 1px solid #dddddd; background-color: #f2f2f2;\">Espesor (mm)<\/td>\n<td style=\"width: 14.5197%; height: 24px; border: 1px solid #dddddd; background-color: #f2f2f2;\">Pulido<\/td>\n<td style=\"width: 14.4459%; border: 1px solid #dddddd; background-color: #f2f2f2;\">Dimensiones (mm)<\/td>\n<td style=\"width: 15.241%; height: 24px; border: 1px solid #dddddd; background-color: #f2f2f2;\">Peso (g)<\/td>\n<\/tr>\n<tr style=\"height: 24px;\">\n<td style=\"width: 11.1439%; height: 97px; border: 1px solid #dddddd; vertical-align: middle;\" rowspan=\"9\"><span style=\"font-size: 14pt;\"><strong>H205\/S145<\/strong><\/span><\/td>\n<td style=\"width: 13.6163%; height: 24px; border: 1px solid #dddddd;\">Cuchara<\/td>\n<td style=\"width: 13.3949%; border: 1px solid #dddddd;\">5.0<\/td>\n<td style=\"width: 14.5197%; height: 24px; border: 1px solid #dddddd;\">espejo<\/td>\n<td style=\"width: 14.4459%; border: 1px solid #dddddd;\">206*46<\/td>\n<td style=\"width: 15.241%; height: 24px; border: 1px solid #dddddd;\">78<\/td>\n<\/tr>\n<tr style=\"height: 18.00pt;\">\n<td style=\"width: 13.6163%; height: 25px; border: 1px solid #dddddd;\">Tenedor de cena<\/td>\n<td style=\"width: 13.3949%; border: 1px solid #dddddd;\">5.0<\/td>\n<td style=\"width: 14.5197%; height: 25px; border: 1px solid #dddddd;\">espejo<\/td>\n<td style=\"width: 14.4459%; border: 1px solid #dddddd;\">212*25<\/td>\n<td style=\"width: 15.241%; height: 25px; border: 1px solid #dddddd;\">71<\/td>\n<\/tr>\n<tr style=\"height: 18.00pt;\">\n<td style=\"width: 13.6163%; height: 24px; border: 1px solid #dddddd;\">Cuchara de t\u00e9<\/td>\n<td style=\"width: 13.3949%; border: 1px solid #dddddd;\">3.5<\/td>\n<td style=\"width: 14.5197%; height: 24px; border: 1px solid #dddddd;\">espejo<\/td>\n<td style=\"width: 14.4459%; border: 1px solid #dddddd;\">141*31<\/td>\n<td style=\"width: 15.241%; height: 24px; border: 1px solid #dddddd;\">30<\/td>\n<\/tr>\n<tr style=\"height: 18.00pt;\">\n<td style=\"width: 13.6163%; border: 1px solid #dddddd;\">Tenedor para tartas<\/td>\n<td style=\"width: 13.3949%; border: 1px solid #dddddd;\">3.5<\/td>\n<td style=\"width: 14.5197%; border: 1px solid #dddddd;\">espejo<\/td>\n<td style=\"width: 14.4459%; border: 1px solid #dddddd;\">156*18<\/td>\n<td style=\"width: 15.241%; border: 1px solid #dddddd;\">26<\/td>\n<\/tr>\n<tr style=\"height: 18.00pt;\">\n<td style=\"width: 13.6163%; border: 1px solid #dddddd;\">Cuchillo<\/td>\n<td style=\"width: 13.3949%; border: 1px solid #dddddd;\">7.0<\/td>\n<td style=\"width: 14.5197%; border: 1px solid #dddddd;\">espejo<\/td>\n<td style=\"width: 14.4459%; border: 1px solid #dddddd;\">232*19<\/td>\n<td style=\"width: 15.241%; border: 1px solid #dddddd;\">75<\/td>\n<\/tr>\n<tr>\n<td style=\"width: 13.6163%; border: 1px solid #dddddd;\">Cuchara de postre<\/td>\n<td style=\"width: 13.3949%; border: 1px solid #dddddd;\">1.0<\/td>\n<td style=\"width: 14.5197%; border: 1px solid #dddddd;\">espejo<\/td>\n<td style=\"width: 14.4459%; border: 1px solid #dddddd;\">183*40<\/td>\n<td style=\"width: 15.241%; border: 1px solid #dddddd;\">56<\/td>\n<\/tr>\n<tr style=\"height: 18.00pt;\">\n<td style=\"width: 13.6163%; border: 1px solid #dddddd;\">Tenedor de postre<\/td>\n<td style=\"width: 13.3949%; border: 1px solid #dddddd;\">4.0<\/td>\n<td style=\"width: 14.5197%; border: 1px solid #dddddd;\">espejo<\/td>\n<td style=\"width: 14.4459%; border: 1px solid #dddddd;\">188*22<\/td>\n<td style=\"width: 15.241%; border: 1px solid #dddddd;\">37<\/td>\n<\/tr>\n<tr style=\"height: 18.00pt;\">\n<td style=\"width: 13.6163%; border: 1px solid #dddddd;\">Cuchillo de postre<\/td>\n<td style=\"width: 13.3949%; border: 1px solid #dddddd;\">6.0<\/td>\n<td style=\"width: 14.5197%; border: 1px solid #dddddd;\">espejo<\/td>\n<td style=\"width: 14.4459%; border: 1px solid #dddddd;\">201*17<\/td>\n<td style=\"width: 15.241%; border: 1px solid #dddddd;\">69<\/td>\n<\/tr>\n<tr style=\"height: 18.00pt;\">\n<td style=\"width: 13.6163%; height: 24px; border: 1px solid #dddddd;\">Cuchara de caf\u00e9<\/td>\n<td style=\"width: 13.3949%; border: 1px solid #dddddd;\">3.0<\/td>\n<td style=\"width: 14.5197%; height: 24px; border: 1px solid #dddddd;\">espejo<\/td>\n<td style=\"width: 14.4459%; border: 1px solid #dddddd;\">110*24<\/td>\n<td style=\"width: 15.241%; height: 24px; border: 1px solid #dddddd;\">13<\/td>\n<\/tr>\n<\/tbody>\n<\/table>\n<p>&nbsp;<\/p>\n<h2><span style=\"font-size: 16pt;\"><b>La Serie H205: La definici\u00f3n del comedor moderno. L\u00edneas limpias. Formas puras.<\/b><\/span><\/h2>\n<p class=\"translation-block\">Para los compradores centrados en la est\u00e9tica contempor\u00e1nea y la alta funcionalidad, la serie de cubiertos H205 de <b>IDEAL Cutlery<\/b> es la elecci\u00f3n definitiva. Esta colecci\u00f3n elimina lo innecesario, presentando un <b>dise\u00f1o minimalista<\/b> definido por l\u00edneas elegantes y rectas y un distintivo <b>mango de bordes cuadrados<\/b>. El pulido espejo total maximiza el brillo del acero inoxidable, reflejando un compromiso con la artesan\u00eda impecable y moderna.<\/p>\n<p>Las posibles piezas de servicio incluyen:<\/p>\n<ol start=\"1\">\n<li class=\"translation-block\"><b>Cuchillo de Cena (Hoja Larga):<\/b> Un cuchillo monobloque largo y delgado con un filo finamente dentado, dise\u00f1ado para un corte limpio y una sensaci\u00f3n equilibrada.<\/li>\n<li class=\"translation-block\"><b>Tenedor de Cena:<\/b> Dise\u00f1o est\u00e1ndar de cuatro p\u00faas, de tama\u00f1o y peso perfectos para el plato principal.<\/li>\n<li class=\"translation-block\"><b>Cuchara\/Cuchara de mesa:<\/b> Generoso cuenco ovalado, impecablemente pulido.<\/li>\n<li class=\"translation-block\"><b>Cuchara de postre \/ Tenedor de ensalada:<\/b> Piezas m\u00e1s peque\u00f1as e imprescindibles para platos ligeros o postres.<\/li>\n<li class=\"translation-block\"><b>Cucharilla \/ Cuchara de c\u00f3ctel:<\/b> La cucharilla m\u00e1s peque\u00f1a, ideal para servir caf\u00e9, t\u00e9 o demitas.<\/li>\n<\/ol>\n<p>&nbsp;<\/p>\n<h2><span style=\"font-size: 16pt;\"><b>Especificaciones b\u00e1sicas y excelencia en el dise\u00f1o:<\/b><\/span><\/h2>\n<ul>\n<li class=\"translation-block\"><b>Perfil de dise\u00f1o:<\/b> <b>Base de mango cuadrada<\/b> que hace una suave transici\u00f3n hacia el extremo de trabajo, ofreciendo un agarre c\u00f3modo y contempor\u00e1neo. La est\u00e9tica es limpia, sin adornos y universal, combinando a la perfecci\u00f3n con cualquier vajilla moderna.<\/li>\n<li class=\"translation-block\"><b>Acabado:<\/b> <b>Pulido espejo superalto<\/b> en todas las superficies, lo que garantiza el m\u00e1ximo brillo y facilidad de limpieza, un requisito indispensable para los comedores comerciales.<\/li>\n<li class=\"translation-block\"><b>Material:<\/b> <b>Acero inoxidable superior<\/b>. Los grados disponibles incluyen <b>18\/10 (Highest Standard)<\/b> para una resistencia a la corrosi\u00f3n suprema, <b>18\/0<\/b> y <b>13\/0<\/b>, proporcionando opciones para diferentes necesidades presupuestarias y de aplicaci\u00f3n (por ejemplo, HORECA, minorista, promocional).<\/li>\n<li><b>Capacidades de color PVD:<\/b> Ofrezca a sus clientes acabados de alta exigencia con nuestra duradera tecnolog\u00eda de revestimiento PVD:\n<ul>\n<li><b>Negro mate<\/b> o <b>Negro brillante<\/b> para un contraste llamativo.<\/li>\n<li><b>Oro rosa<\/b> para un acento lujoso y de tendencia.<\/li>\n<li>Cualquier <b>Tono personalizado<\/b> necesarios para marcas \u00fanicas o l\u00edneas estacionales.<\/li>\n<\/ul>\n<\/li>\n<\/ul>\n<p>&nbsp;<\/p>\n<h2><span style=\"font-size: 16pt;\"><strong>Servicios de asociaci\u00f3n y personalizaci\u00f3n B2B (soluciones escalables para mercados globales)<\/strong><\/span><\/h2>\n<p class=\"translation-block\"><b>IDEAL Cutlery<\/b> est\u00e1 dise\u00f1ado para el \u00e9xito B2B. Proporcionamos asistencia OEM\/ODM de principio a fin, lo que le permite obtener r\u00e1pidamente dise\u00f1os exclusivos y adaptarse a las cambiantes demandas del mercado con una calidad fiable y una producci\u00f3n flexible.<\/p>\n<p><b>Nuestro compromiso con la personalizaci\u00f3n:<\/b><\/p>\n<ul>\n<li class=\"translation-block\"><b>Dise\u00f1o y forma a medida:<\/b> Modifique la longitud, el grosor, el equilibrio y el perfil del borde de la serie H205, o utilice nuestro equipo de I+D para desarrollar un nuevo y exclusivo patr\u00f3n de cuberter\u00eda desde el boceto hasta la muestra.<\/li>\n<li class=\"translation-block\"><b>Proceso y artesan\u00eda:<\/b> La personalizaci\u00f3n se extiende a los tipos de acabado (satinado, mate, martillado) y a la soldadura del mango para los cuchillos de mango hueco.<\/li>\n<li class=\"translation-block\"><b>Suministro de materiales:<\/b> Certificaci\u00f3n precisa del grado (18\/10, 18\/0, 13\/0) y pruebas de conformidad con las normas internacionales de seguridad.<\/li>\n<li class=\"translation-block\"><b>Marcas y logotipos:<\/b> Grabado l\u00e1ser de alta precisi\u00f3n o grabado en prensa profunda del logotipo de su marca.<\/li>\n<li class=\"translation-block\"><b>Soluciones de embalaje:<\/b> Desde cajas magn\u00e9ticas de regalo listas para la venta hasta eficaces embalajes a granel para grandes pedidos comerciales, personalizados seg\u00fan sus requisitos log\u00edsticos y de marca.<\/li>\n<\/ul>\n<p class=\"translation-block\"><b>P\u00f3ngase en contacto con <a href=\"\/es\/contact-us\/\" target=\"_self\"><strong>IDEAL Cutlery<\/strong><\/a> - su socio para un suministro fiable y de gran volumen de cubiertos de exquisito dise\u00f1o y comercialmente duraderos.<\/b><\/p>","protected":false},"excerpt":{"rendered":"<p>&nbsp; \u25b8 PRODUCT PARAMETERS Item No: Name Thickness(mm) Polishing Dimensions(mm) Weight(g) H205\/S145 Dinner spoon 5.0 mirror 206*46 78 Dinner fork 5.0 mirror 212*25 71 Tea spoon 3.5 mirror 141*31 30 Cake fork 3.5 mirror 156*18 26 Dinner knife 7.0 mirror 232*19 75 Dessert spoon 1.0 mirror 183*40 56 Dessert fork 4.0 mirror 188*22 37 Dessert [&hellip;]<\/p>","protected":false},"featured_media":3539,"comment_status":"open","ping_status":"closed","template":"","meta":{"_seopress_robots_primary_cat":"","_seopress_titles_title":"","_seopress_titles_desc":"","_seopress_robots_index":""},"product_brand":[],"product_cat":[74],"product_tag":[],"class_list":{"0":"post-3564","1":"product","2":"type-product","3":"status-publish","4":"has-post-thumbnail","6":"product_cat-hrange","8":"first","9":"instock","10":"featured","11":"virtual","12":"purchasable","13":"product-type-simple"},"_links":{"self":[{"href":"https:\/\/www.cutlery.net.cn\/es\/wp-json\/wp\/v2\/product\/3564","targetHints":{"allow":["GET"]}}],"collection":[{"href":"https:\/\/www.cutlery.net.cn\/es\/wp-json\/wp\/v2\/product"}],"about":[{"href":"https:\/\/www.cutlery.net.cn\/es\/wp-json\/wp\/v2\/types\/product"}],"replies":[{"embeddable":true,"href":"https:\/\/www.cutlery.net.cn\/es\/wp-json\/wp\/v2\/comments?post=3564"}],"wp:featuredmedia":[{"embeddable":true,"href":"https:\/\/www.cutlery.net.cn\/es\/wp-json\/wp\/v2\/media\/3539"}],"wp:attachment":[{"href":"https:\/\/www.cutlery.net.cn\/es\/wp-json\/wp\/v2\/media?parent=3564"}],"wp:term":[{"taxonomy":"product_brand","embeddable":true,"href":"https:\/\/www.cutlery.net.cn\/es\/wp-json\/wp\/v2\/product_brand?post=3564"},{"taxonomy":"product_cat","embeddable":true,"href":"https:\/\/www.cutlery.net.cn\/es\/wp-json\/wp\/v2\/product_cat?post=3564"},{"taxonomy":"product_tag","embeddable":true,"href":"https:\/\/www.cutlery.net.cn\/es\/wp-json\/wp\/v2\/product_tag?post=3564"}],"curies":[{"name":"wp","href":"https:\/\/api.w.org\/{rel}","templated":true}]}}