{"id":3562,"date":"2025-10-27T07:30:38","date_gmt":"2025-10-27T07:30:38","guid":{"rendered":"https:\/\/www.gdjiexun.cn\/?post_type=product&#038;p=3562"},"modified":"2025-11-07T07:58:36","modified_gmt":"2025-11-07T07:58:36","slug":"cubiertos-de-oro-de-lujo-conjunto-de-acero-inoxidable-cuchillo-tenedor-cuchara-cubiertos-de-plata-juego-de-cubiertos-de-la-boda","status":"publish","type":"product","link":"https:\/\/www.cutlery.net.cn\/es\/producto\/cubiertos-de-oro-de-lujo-conjunto-de-acero-inoxidable-cuchillo-tenedor-cuchara-cubiertos-de-plata-juego-de-cubiertos-de-la-boda\/","title":{"rendered":"Cuberter\u00eda de Oro de Lujo Cuchillo de Acero Inoxidable Tenedor Cuchara Cubiertos de Plata Juego de Cubiertos de Boda"},"content":{"rendered":"<p><img fetchpriority=\"high\" decoding=\"async\" class=\"size-full wp-image-3560 aligncenter\" src=\"https:\/\/www.gdjiexun.cn\/wp-content\/uploads\/2025\/10\/D031-IDEA-Cutlery.jpg\" alt=\"Cuberter\u00eda de Oro de Lujo Cuchillo de Acero Inoxidable Tenedor Cuchara Cubiertos de Plata Juego de Cubiertos de Boda\" width=\"700\" height=\"700\" srcset=\"https:\/\/www.cutlery.net.cn\/wp-content\/uploads\/2025\/10\/D031-IDEA-Cutlery.jpg 700w, https:\/\/www.cutlery.net.cn\/wp-content\/uploads\/2025\/10\/D031-IDEA-Cutlery-300x300.jpg 300w, https:\/\/www.cutlery.net.cn\/wp-content\/uploads\/2025\/10\/D031-IDEA-Cutlery-150x150.jpg 150w, https:\/\/www.cutlery.net.cn\/wp-content\/uploads\/2025\/10\/D031-IDEA-Cutlery-600x600.jpg 600w, https:\/\/www.cutlery.net.cn\/wp-content\/uploads\/2025\/10\/D031-IDEA-Cutlery-100x100.jpg 100w\" sizes=\"(max-width: 700px) 100vw, 700px\" \/><\/p>\n<p>&nbsp;<\/p>\n<h2 style=\"color: #eb9363;\"><span style=\"font-size: 16pt;\">PAR\u00c1METROS DEL PRODUCTO<\/span><\/h2>\n<table style=\"height: 121px; width: 100%; border-collapse: collapse; border-style: solid; border-color: #dddddd;\" border=\"1\">\n<tbody>\n<tr style=\"height: 24px;\">\n<td style=\"width: 11.1439%; height: 24px; border: 1px solid #dddddd; background-color: #f2f2f2;\">N\u00ba de art\u00edculo<\/td>\n<td style=\"width: 13.6163%; height: 24px; border: 1px solid #dddddd; background-color: #f2f2f2;\">Nombre<\/td>\n<td style=\"width: 13.3949%; border: 1px solid #dddddd; background-color: #f2f2f2;\">Espesor (mm)<\/td>\n<td style=\"width: 14.5197%; height: 24px; border: 1px solid #dddddd; background-color: #f2f2f2;\">Pulido<\/td>\n<td style=\"width: 14.4459%; border: 1px solid #dddddd; background-color: #f2f2f2;\">Dimensiones (mm)<\/td>\n<td style=\"width: 15.241%; height: 24px; border: 1px solid #dddddd; background-color: #f2f2f2;\">Peso (g)<\/td>\n<\/tr>\n<tr style=\"height: 24px;\">\n<td style=\"width: 11.1439%; height: 97px; border: 1px solid #dddddd; vertical-align: middle;\" rowspan=\"7\"><span style=\"font-size: 14pt;\"><strong>D031\/S150<\/strong><\/span><\/td>\n<td style=\"width: 13.6163%; height: 24px; border: 1px solid #dddddd;\">Cuchara<\/td>\n<td style=\"width: 13.3949%; border: 1px solid #dddddd;\">8.0<\/td>\n<td style=\"width: 14.5197%; height: 24px; border: 1px solid #dddddd;\">espejo<\/td>\n<td style=\"width: 14.4459%; border: 1px solid #dddddd;\">213*43<\/td>\n<td style=\"width: 15.241%; height: 24px; border: 1px solid #dddddd;\">106<\/td>\n<\/tr>\n<tr style=\"height: 18.00pt;\">\n<td style=\"width: 13.6163%; height: 25px; border: 1px solid #dddddd;\">Tenedor de cena<\/td>\n<td style=\"width: 13.3949%; border: 1px solid #dddddd;\">8.0<\/td>\n<td style=\"width: 14.5197%; height: 25px; border: 1px solid #dddddd;\">espejo<\/td>\n<td style=\"width: 14.4459%; border: 1px solid #dddddd;\">214*25<\/td>\n<td style=\"width: 15.241%; height: 25px; border: 1px solid #dddddd;\">96<\/td>\n<\/tr>\n<tr style=\"height: 18.00pt;\">\n<td style=\"width: 13.6163%; height: 24px; border: 1px solid #dddddd;\">Cuchara de t\u00e9<\/td>\n<td style=\"width: 13.3949%; border: 1px solid #dddddd;\">6.0<\/td>\n<td style=\"width: 14.5197%; height: 24px; border: 1px solid #dddddd;\">espejo<\/td>\n<td style=\"width: 14.4459%; border: 1px solid #dddddd;\">155*30<\/td>\n<td style=\"width: 15.241%; height: 24px; border: 1px solid #dddddd;\">45<\/td>\n<\/tr>\n<tr>\n<td style=\"width: 13.6163%; border: 1px solid #dddddd;\">Cuchillo<\/td>\n<td style=\"width: 13.3949%; border: 1px solid #dddddd;\">10.0<\/td>\n<td style=\"width: 14.5197%; border: 1px solid #dddddd;\">espejo<\/td>\n<td style=\"width: 14.4459%; border: 1px solid #dddddd;\">242*20<\/td>\n<td style=\"width: 15.241%; border: 1px solid #dddddd;\">120<\/td>\n<\/tr>\n<tr>\n<td style=\"width: 13.6163%; border: 1px solid #dddddd;\">Tenedor de postre<\/td>\n<td style=\"width: 13.3949%; border: 1px solid #dddddd;\">8.0<\/td>\n<td style=\"width: 14.5197%; border: 1px solid #dddddd;\">espejo<\/td>\n<td style=\"width: 14.4459%; border: 1px solid #dddddd;\">188*21<\/td>\n<td style=\"width: 15.241%; border: 1px solid #dddddd;\">70<\/td>\n<\/tr>\n<tr>\n<td style=\"width: 13.6163%; border: 1px solid #dddddd;\">Cuchara de caf\u00e9<\/td>\n<td style=\"width: 13.3949%; border: 1px solid #dddddd;\">5.0<\/td>\n<td style=\"width: 14.5197%; border: 1px solid #dddddd;\">espejo<\/td>\n<td style=\"width: 14.4459%; border: 1px solid #dddddd;\">115*24<\/td>\n<td style=\"width: 15.241%; border: 1px solid #dddddd;\">22<\/td>\n<\/tr>\n<tr style=\"height: 18.00pt;\">\n<td style=\"width: 13.6163%; height: 24px; border: 1px solid #dddddd;\">Cuchillo de postre<\/td>\n<td style=\"width: 13.3949%; border: 1px solid #dddddd;\">100g<\/td>\n<td style=\"width: 14.5197%; height: 24px; border: 1px solid #dddddd;\">espejo<\/td>\n<td style=\"width: 14.4459%; border: 1px solid #dddddd;\">215*18<\/td>\n<td style=\"width: 15.241%; height: 24px; border: 1px solid #dddddd;\">100<\/td>\n<\/tr>\n<\/tbody>\n<\/table>\n<p>&nbsp;<\/p>\n<p class=\"translation-block\">Introduzca un toque de sofisticaci\u00f3n cl\u00e1sica europea en su l\u00ednea de productos con la serie de cubiertos D031 de <b>IDEAL Cutlery<\/b>. Esta serie se define por sus elegantes mangos <b>acanalados verticalmente<\/b>, que son un sello distintivo del dise\u00f1o atemporal. Los mangos ofrecen una experiencia t\u00e1ctil refinada y una silueta distinguida, que culmina en un suave acabado pulido a espejo de alto brillo en toda la pieza.<\/p>\n<p class=\"translation-block\"><b>6PCS<\/b> que pueden formar un conjunto de mesa completa para diversas necesidades, incluyendo t\u00edpicamente:<\/p>\n<ol start=\"1\">\n<li class=\"translation-block\"><b>Cuchillo de mesa (monobloque):<\/b> Mango largo y robusto con una hoja lisa y bien dimensionada con un fino filo dentado.<\/li>\n<li class=\"translation-block\"><b>Tenedor de Cena \/ Tenedor de Mesa (4 p\u00faas):<\/b> Dise\u00f1o cl\u00e1sico de cuatro p\u00faas, perfectamente equilibrado para platos principales.<\/li>\n<li class=\"translation-block\"><b>Cuchara de comedor \/ Cuchara de mesa:<\/b> Cuchar\u00f3n grande, suavemente pulido, ideal para sopas y platos principales.<\/li>\n<li class=\"translation-block\"><b>Cuchara de postre \/ Cuchara de t\u00e9:<\/b> Una cuchara m\u00e1s peque\u00f1a y vers\u00e1til para caf\u00e9, t\u00e9 o postres.<\/li>\n<li class=\"translation-block\"><b>Cuchillo para filetes \/ Cuchillo para almuerzos:<\/b> Un cuchillo ligeramente m\u00e1s corto o estrecho, que suele utilizarse para platos intermedios o un entorno m\u00e1s ligero.<\/li>\n<li class=\"translation-block\"><b>Tenedor de postre \/ Tenedor de ensalada (3 o 4 p\u00faas):<\/b> Un tenedor m\u00e1s peque\u00f1o y ligero para ensaladas, aperitivos o postres.<\/li>\n<\/ol>\n<p>&nbsp;<\/p>\n<h2><span style=\"font-size: 16pt;\"><b>Caracter\u00edsticas principales y especificaciones:<\/b><\/span><\/h2>\n<ul>\n<li class=\"translation-block\"><b>Dise\u00f1o y acabado:<\/b> Presenta un sofisticado dise\u00f1o de <b>estriado vertical<\/b> en el mango, que proporciona una est\u00e9tica cl\u00e1sica y de alta gama. Toda la pieza est\u00e1 acabada con un <b>pulido espejo<\/b> brillante y altamente reflectante.<\/li>\n<li class=\"translation-block\"><b>Excelencia del material:<\/b> Fabricado con acero inoxidable de alta calidad. Ofrecemos opciones de material personalizables, incluyendo <b>18\/10 (Premium Food Grade)<\/b> para una m\u00e1xima resistencia a la corrosi\u00f3n y brillo, as\u00ed como <b>18\/0<\/b> y <b>13\/0<\/b> para satisfacer puntos de precio y est\u00e1ndares de mercado espec\u00edficos.<\/li>\n<li class=\"translation-block\"><b>Durabilidad comercial:<\/b> Dise\u00f1ado para soportar las rigurosas exigencias del sector HORECA (Hosteler\u00eda, Restauraci\u00f3n, Catering), garantizando un rendimiento duradero incluso con el lavado de vajilla comercial.<\/li>\n<li><b>Opciones de color personalizadas (revestimiento PVD):<\/b> Para responder a las modernas tendencias del mercado, ofrecemos <b>Revestimiento PVD (deposici\u00f3n f\u00edsica de vapor)<\/b> para un acabado extremadamente duradero y vibrante:\n<ul>\n<li><b>Oro rosa<\/b><\/li>\n<li><b>Negro<\/b> (Mate o brillante)<\/li>\n<li><b>Tonos de color personalizados<\/b> (p. ej., Oro, Cobre, Bronce) para adaptarse a conceptos gastron\u00f3micos a medida.<\/li>\n<\/ul>\n<\/li>\n<\/ul>\n<p>&nbsp;<\/p>\n<h2><strong><span style=\"font-size: 16pt;\">Personalizaci\u00f3n B2B y servicios OEM\/ODM (Su dise\u00f1o, nuestra experiencia)<\/span><\/strong><\/h2>\n<p class=\"translation-block\">Como fabricante B2B especializado, <b>IDEAL Cutlery<\/b> destaca por ofrecer una producci\u00f3n OEM\/ODM flexible y escalable para satisfacer las diversas necesidades de distribuidores globales, mayoristas y clientes de hosteler\u00eda. Nos comprometemos a hacer realidad su visi\u00f3n espec\u00edfica del producto.<\/p>\n<p><b>Amplia capacidad de personalizaci\u00f3n:<\/b><\/p>\n<ul>\n<li class=\"translation-block\"><b>Dise\u00f1o y forma:<\/b> Ajuste las dimensiones, el peso y el perfil del mango de la serie D031 o desarrolle patrones completamente nuevos.<\/li>\n<li class=\"translation-block\"><b>Proceso y artesan\u00eda:<\/b> Personalizaci\u00f3n de acabados (por ejemplo, espejo completo, medio satinado\/espejo, lavado a la piedra) y detalles de las asas.<\/li>\n<li class=\"translation-block\"><b>Grado del material:<\/b> Acero inoxidable 18\/10, 18\/0 o 13\/0 a elegir.<\/li>\n<li class=\"translation-block\"><b>Color y acabado:<\/b> Revestimiento de PVD en oro rosa, negro o cualquier tono de color personalizado.<\/li>\n<li class=\"translation-block\"><b>Configuraci\u00f3n de juegos:<\/b> Cree cualquier combinaci\u00f3n de juegos (por ejemplo, juego de mesa de 5 piezas, juego de caja de 24 piezas, caja de cart\u00f3n a granel) y requisitos de cantidad.<\/li>\n<li class=\"translation-block\"><b>Soluciones de embalaje:<\/b> Embalajes de marca y personalizados (cajas de regalo, bandejas de PVC, cartones sencillos) adaptados a su canal de ventas.<\/li>\n<li class=\"translation-block\"><b>Marcas:<\/b> Grabado preciso con l\u00e1ser o en relieve del logotipo de su empresa en la parte posterior de las asas.<\/li>\n<\/ul>\n<p>&nbsp;<\/p>\n<p class=\"translation-block\"><b>As\u00f3ciese con<a href=\"\/es\/contact-us\/\" target=\"_self\"> IDEAL Cutlery<\/a> para asegurarse un suministro fiable de cuberter\u00eda de primera calidad, personalizable y dise\u00f1ada para el \u00e9xito comercial global.<\/b><\/p>","protected":false},"excerpt":{"rendered":"<p>&nbsp; \u25b8 PRODUCT PARAMETERS Item No: Name Thickness(mm) Polishing Dimensions(mm) Weight(g) D031\/S150 Dinner spoon 8.0 mirror 213*43 106 Dinner fork 8.0 mirror 214*25 96 Tea spoon 6.0 mirror 155*30 45 Dinner knife 10.0 mirror 242*20 120 Dessert fork 8.0 mirror 188*21 70 Coffee spoon 5.0 mirror 115*24 22 Dessert knife 100g mirror 215*18 100 &nbsp; [&hellip;]<\/p>","protected":false},"featured_media":3560,"comment_status":"open","ping_status":"closed","template":"","meta":{"_seopress_robots_primary_cat":"","_seopress_titles_title":"","_seopress_titles_desc":"","_seopress_robots_index":""},"product_brand":[],"product_cat":[76],"product_tag":[],"class_list":{"0":"post-3562","1":"product","2":"type-product","3":"status-publish","4":"has-post-thumbnail","6":"product_cat-drange","8":"first","9":"instock","10":"featured","11":"virtual","12":"purchasable","13":"product-type-simple"},"_links":{"self":[{"href":"https:\/\/www.cutlery.net.cn\/es\/wp-json\/wp\/v2\/product\/3562","targetHints":{"allow":["GET"]}}],"collection":[{"href":"https:\/\/www.cutlery.net.cn\/es\/wp-json\/wp\/v2\/product"}],"about":[{"href":"https:\/\/www.cutlery.net.cn\/es\/wp-json\/wp\/v2\/types\/product"}],"replies":[{"embeddable":true,"href":"https:\/\/www.cutlery.net.cn\/es\/wp-json\/wp\/v2\/comments?post=3562"}],"wp:featuredmedia":[{"embeddable":true,"href":"https:\/\/www.cutlery.net.cn\/es\/wp-json\/wp\/v2\/media\/3560"}],"wp:attachment":[{"href":"https:\/\/www.cutlery.net.cn\/es\/wp-json\/wp\/v2\/media?parent=3562"}],"wp:term":[{"taxonomy":"product_brand","embeddable":true,"href":"https:\/\/www.cutlery.net.cn\/es\/wp-json\/wp\/v2\/product_brand?post=3562"},{"taxonomy":"product_cat","embeddable":true,"href":"https:\/\/www.cutlery.net.cn\/es\/wp-json\/wp\/v2\/product_cat?post=3562"},{"taxonomy":"product_tag","embeddable":true,"href":"https:\/\/www.cutlery.net.cn\/es\/wp-json\/wp\/v2\/product_tag?post=3562"}],"curies":[{"name":"wp","href":"https:\/\/api.w.org\/{rel}","templated":true}]}}