{"id":3554,"date":"2025-10-25T03:50:42","date_gmt":"2025-10-25T03:50:42","guid":{"rendered":"https:\/\/www.gdjiexun.cn\/?post_type=product&#038;p=3554"},"modified":"2025-11-07T08:09:21","modified_gmt":"2025-11-07T08:09:21","slug":"venta-caliente-martillado-cubiertos-de-acero-inoxidable-cuchara-tenedor-cubiertos-de-oro-plateado-a-granel-hotel-de-la-boda-de-metal-cubiertos","status":"publish","type":"product","link":"https:\/\/www.cutlery.net.cn\/es\/producto\/venta-caliente-martillado-cubiertos-de-acero-inoxidable-cuchara-tenedor-cubiertos-de-oro-plateado-a-granel-hotel-de-la-boda-de-metal-cubiertos\/","title":{"rendered":"Venta caliente martillado cubiertos conjunto de acero inoxidable cuchara tenedor cubiertos de oro plateado a granel del hotel de la boda de plata de metal"},"content":{"rendered":"<p><img fetchpriority=\"high\" decoding=\"async\" class=\"size-full wp-image-3545 aligncenter\" src=\"https:\/\/www.gdjiexun.cn\/wp-content\/uploads\/2025\/10\/S170B-IDEA-Cutlery.webp\" alt=\"Venta caliente martillado cubiertos conjunto de acero inoxidable cuchara tenedor cubiertos de oro plateado a granel del hotel de la boda de plata de metal\" width=\"700\" height=\"700\" srcset=\"https:\/\/www.cutlery.net.cn\/wp-content\/uploads\/2025\/10\/S170B-IDEA-Cutlery.webp 700w, https:\/\/www.cutlery.net.cn\/wp-content\/uploads\/2025\/10\/S170B-IDEA-Cutlery-300x300.webp 300w, https:\/\/www.cutlery.net.cn\/wp-content\/uploads\/2025\/10\/S170B-IDEA-Cutlery-150x150.webp 150w, https:\/\/www.cutlery.net.cn\/wp-content\/uploads\/2025\/10\/S170B-IDEA-Cutlery-600x600.webp 600w, https:\/\/www.cutlery.net.cn\/wp-content\/uploads\/2025\/10\/S170B-IDEA-Cutlery-100x100.webp 100w\" sizes=\"(max-width: 700px) 100vw, 700px\" \/><\/p>\n<p>&nbsp;<\/p>\n<h2 style=\"color: #eb9363;\"><span style=\"font-size: 16pt;\">PAR\u00c1METROS DEL PRODUCTO<\/span><\/h2>\n<table style=\"height: 121px; width: 100%; border-collapse: collapse; border-style: solid; border-color: #dddddd;\" border=\"1\">\n<tbody>\n<tr style=\"height: 24px;\">\n<td style=\"width: 11.1439%; height: 24px; border: 1px solid #dddddd; background-color: #f2f2f2;\">N\u00ba de art\u00edculo<\/td>\n<td style=\"width: 13.6163%; height: 24px; border: 1px solid #dddddd; background-color: #f2f2f2;\">Nombre<\/td>\n<td style=\"width: 13.3949%; border: 1px solid #dddddd; background-color: #f2f2f2;\">Espesor (mm)<\/td>\n<td style=\"width: 14.5197%; height: 24px; border: 1px solid #dddddd; background-color: #f2f2f2;\">Pulido<\/td>\n<td style=\"width: 14.4459%; border: 1px solid #dddddd; background-color: #f2f2f2;\">Dimensiones (mm)<\/td>\n<td style=\"width: 15.241%; height: 24px; border: 1px solid #dddddd; background-color: #f2f2f2;\">Peso (g)<\/td>\n<\/tr>\n<tr style=\"height: 24px;\">\n<td style=\"width: 11.1439%; height: 97px; border: 1px solid #dddddd; vertical-align: middle;\" rowspan=\"4\"><span style=\"font-size: 14pt;\"><strong>S170B<\/strong><\/span><\/td>\n<td style=\"width: 13.6163%; height: 24px; border: 1px solid #dddddd;\">Cuchara<\/td>\n<td style=\"width: 13.3949%; border: 1px solid #dddddd;\">2.2<\/td>\n<td style=\"width: 14.5197%; height: 24px; border: 1px solid #dddddd;\">espejo<\/td>\n<td style=\"width: 14.4459%; border: 1px solid #dddddd;\">42*197<\/td>\n<td style=\"width: 15.241%; height: 24px; border: 1px solid #dddddd;\">44.0<\/td>\n<\/tr>\n<tr style=\"height: 18.00pt;\">\n<td style=\"width: 13.6163%; height: 25px; border: 1px solid #dddddd;\">Tenedor de cena<\/td>\n<td style=\"width: 13.3949%; border: 1px solid #dddddd;\">2.2<\/td>\n<td style=\"width: 14.5197%; height: 25px; border: 1px solid #dddddd;\">espejo<\/td>\n<td style=\"width: 14.4459%; border: 1px solid #dddddd;\">26.5*200<\/td>\n<td style=\"width: 15.241%; height: 25px; border: 1px solid #dddddd;\">37.0<\/td>\n<\/tr>\n<tr style=\"height: 18.00pt;\">\n<td style=\"width: 13.6163%; height: 24px; border: 1px solid #dddddd;\">Cuchara de t\u00e9<\/td>\n<td style=\"width: 13.3949%; border: 1px solid #dddddd;\">1.8<\/td>\n<td style=\"width: 14.5197%; height: 24px; border: 1px solid #dddddd;\">espejo<\/td>\n<td style=\"width: 14.4459%; border: 1px solid #dddddd;\">28*135<\/td>\n<td style=\"width: 15.241%; height: 24px; border: 1px solid #dddddd;\">18.5<\/td>\n<\/tr>\n<tr style=\"height: 18.00pt;\">\n<td style=\"width: 13.6163%; height: 24px; border: 1px solid #dddddd;\">Cuchillo<\/td>\n<td style=\"width: 13.3949%; border: 1px solid #dddddd;\">5.0<\/td>\n<td style=\"width: 14.5197%; height: 24px; border: 1px solid #dddddd;\">espejo<\/td>\n<td style=\"width: 14.4459%; border: 1px solid #dddddd;\">20*224<\/td>\n<td style=\"width: 15.241%; height: 24px; border: 1px solid #dddddd;\">75.0<\/td>\n<\/tr>\n<\/tbody>\n<\/table>\n<p>&nbsp;<\/p>\n<p class=\"translation-block\">Eleve su oferta con la serie de cubiertos S170B de IDEAL Cutlery, donde el dise\u00f1o sofisticado se une a la resistencia comercial. Esta colecci\u00f3n presenta un <b>patr\u00f3n de diamante\/cruzado<\/b> llamativo y de textura profunda, elegantemente prensado en los mangos de cada pieza, que proporciona un agarre seguro y un atractivo visual brillante que capta la luz. Las zonas de la cabeza y la hoja pulidas a espejo realzan su est\u00e9tica moderna y de alta gama.<\/p>\n<p>Un juego de mesa de cuatro piezas ideal para cenas refinadas o juegos completos de venta al por menor, que incluye:<\/p>\n<ol start=\"1\">\n<li class=\"translation-block\"><b>Cuchillo de cena:<\/b> Tiene una hoja lisa y limpia con un filo finamente dentado para cortar sin esfuerzo.<\/li>\n<li class=\"translation-block\"><b>Cuchara\/cuchara de mesa:<\/b> Cuenco grande de contorno suave perfecto para platos principales y sopas.<\/li>\n<li class=\"translation-block\"><b>Tenedor de Cena \/ Tenedor de Mesa:<\/b> Cuatro p\u00faas robustas y bien espaciadas que equilibran funcionalidad y estilo.<\/li>\n<li class=\"translation-block\"><b>Cuchara \/ Tenedor de postre (tama\u00f1o peque\u00f1o):<\/b> Un utensilio vers\u00e1til y m\u00e1s peque\u00f1o, presentado aqu\u00ed en tama\u00f1o mini tenedor o cuchara de t\u00e9, perfecto para postres, aperitivos o caf\u00e9\/t\u00e9.<\/li>\n<\/ol>\n<h2><span style=\"font-size: 16pt;\"><b>Caracter\u00edsticas principales y especificaciones:<\/b><\/span><\/h2>\n<ul>\n<li class=\"translation-block\"><b>Excelencia de materiales:<\/b> Fabricados con acero inoxidable de alta calidad, ofrecemos grados de material personalizables, incluidos <b>18\/10 (Premium), 18\/0 y 13\/0<\/b>, lo que garantiza una durabilidad y una resistencia a la oxidaci\u00f3n excelentes, adaptadas a las necesidades espec\u00edficas de su mercado.<\/li>\n<li class=\"translation-block\"><b>Acabado distintivo:<\/b> Los mangos cuentan con un exclusivo patr\u00f3n de diamante\/cruz en relieve, complementado con un brillante pulido de espejo en la cabeza\/cuchilla para un aspecto premium de doble textura.<\/li>\n<li><b>Opciones de color personalizadas (revestimiento PVD):<\/b> M\u00e1s all\u00e1 del cl\u00e1sico acero inoxidable plateado, apostamos por los avanzados <b>Revestimiento PVD (deposici\u00f3n f\u00edsica de vapor)<\/b> para un acabado de color duradero y de tendencia, incluyendo:\n<ul>\n<li><b>Oro rosa<\/b><\/li>\n<li><b>Negro<\/b> (Mate o brillante)<\/li>\n<li><b>Tonos de color personalizados<\/b> en consonancia con su marca o sus colecciones de temporada.<\/li>\n<\/ul>\n<\/li>\n<li class=\"translation-block\"><b>Calidad comercial:<\/b> Dise\u00f1ados tanto para la distribuci\u00f3n mayorista\/minorista como para el suministro directo al sector de la hosteler\u00eda, la restauraci\u00f3n y el catering, nuestros cubiertos est\u00e1n fabricados para un uso frecuente y un lavado de vajilla comercial.<\/li>\n<\/ul>\n<p>&nbsp;<\/p>\n<h2 class=\"translation-block\"><strong><span style=\"font-size: 16pt\">Personalizaci\u00f3n B2B <\/span><\/strong><span style=\"font-size: 16pt\"><b>y <\/b><\/span><strong><span style=\"font-size: 16pt\">Servicios OEM\/ODM (hechos a medida para su \u00e9xito)<\/span><\/strong>.<\/h2>\n<p class=\"translation-block\">Como su socio B2B de confianza, <b>IDEAL Cutlery<\/b> se especializa en proporcionar soluciones OEM\/ODM flexibles y completas. Entendemos que cada cliente tiene requisitos \u00fanicos.<\/p>\n<h2><span style=\"font-size: 16pt;\"><b>Capacidad total de personalizaci\u00f3n:<\/b><\/span><\/h2>\n<ul>\n<li class=\"translation-block\"><b>Forma y dise\u00f1o:<\/b> Modificar dise\u00f1os existentes o desarrollar modelos totalmente nuevos.<\/li>\n<li class=\"translation-block\"><b>Proceso y artesan\u00eda:<\/b> Personalizaci\u00f3n de acabados (por ejemplo, satinado, mate, doble acabado) y patrones de asas.<\/li>\n<li class=\"translation-block\"><b>Grado del material:<\/b> Acero inoxidable 18\/10, 18\/0 o 13\/0 a elegir.<\/li>\n<li class=\"translation-block\"><b>Color y acabado:<\/b> Revestimiento de PVD en oro rosa, negro o cualquier color personalizado.<\/li>\n<li class=\"translation-block\"><b>Composici\u00f3n y cantidad de juegos:<\/b> Configure la combinaci\u00f3n de juegos perfecta (por ejemplo, 4 piezas, 16 piezas, 24 piezas) para necesidades de servicio al por menor o al por mayor.<\/li>\n<li class=\"translation-block\"><b>Embalaje:<\/b> Soluciones de embalaje a medida (cajas de regalo, bandejas de PVC, embalaje a granel) con el logotipo y el dise\u00f1o de su marca.<\/li>\n<li class=\"translation-block\"><b>Logotipo y marca:<\/b> Grabado o marcado por l\u00e1ser del logotipo de su empresa en las asas.<\/li>\n<\/ul>\n<p>&nbsp;<\/p>\n<p class=\"translation-block\"><b>As\u00f3ciese con<a href=\"\/es\/contact-us\/\" target=\"_self\"> IDEAL Cutlery<\/a> para obtener soluciones de cuberter\u00eda personalizables y de alta calidad dise\u00f1adas para satisfacer las demandas de su mercado global.<\/b><\/p>","protected":false},"excerpt":{"rendered":"<p>&nbsp; \u25b8 PRODUCT PARAMETERS Item No: Name Thickness(mm) Polishing Dimensions(mm) Weight(g) S170B Dinner spoon 2.2 mirror 42*197 44.0 Dinner fork 2.2 mirror 26.5*200 37.0 Tea spoon 1.8 mirror 28*135 18.5 Dinner knife 5.0 mirror 20*224 75.0 &nbsp; Elevate your offerings with the S170B Cutlery Series from IDEAL Cutlery, where sophisticated design meets commercial-grade resilience. This [&hellip;]<\/p>","protected":false},"featured_media":3545,"comment_status":"open","ping_status":"closed","template":"","meta":{"_seopress_robots_primary_cat":"","_seopress_titles_title":"","_seopress_titles_desc":"","_seopress_robots_index":""},"product_brand":[],"product_cat":[75],"product_tag":[],"class_list":{"0":"post-3554","1":"product","2":"type-product","3":"status-publish","4":"has-post-thumbnail","6":"product_cat-srange","8":"first","9":"instock","10":"featured","11":"virtual","12":"purchasable","13":"product-type-simple"},"_links":{"self":[{"href":"https:\/\/www.cutlery.net.cn\/es\/wp-json\/wp\/v2\/product\/3554","targetHints":{"allow":["GET"]}}],"collection":[{"href":"https:\/\/www.cutlery.net.cn\/es\/wp-json\/wp\/v2\/product"}],"about":[{"href":"https:\/\/www.cutlery.net.cn\/es\/wp-json\/wp\/v2\/types\/product"}],"replies":[{"embeddable":true,"href":"https:\/\/www.cutlery.net.cn\/es\/wp-json\/wp\/v2\/comments?post=3554"}],"wp:featuredmedia":[{"embeddable":true,"href":"https:\/\/www.cutlery.net.cn\/es\/wp-json\/wp\/v2\/media\/3545"}],"wp:attachment":[{"href":"https:\/\/www.cutlery.net.cn\/es\/wp-json\/wp\/v2\/media?parent=3554"}],"wp:term":[{"taxonomy":"product_brand","embeddable":true,"href":"https:\/\/www.cutlery.net.cn\/es\/wp-json\/wp\/v2\/product_brand?post=3554"},{"taxonomy":"product_cat","embeddable":true,"href":"https:\/\/www.cutlery.net.cn\/es\/wp-json\/wp\/v2\/product_cat?post=3554"},{"taxonomy":"product_tag","embeddable":true,"href":"https:\/\/www.cutlery.net.cn\/es\/wp-json\/wp\/v2\/product_tag?post=3554"}],"curies":[{"name":"wp","href":"https:\/\/api.w.org\/{rel}","templated":true}]}}