{"id":3550,"date":"2025-10-24T10:11:01","date_gmt":"2025-10-24T10:11:01","guid":{"rendered":"https:\/\/www.gdjiexun.cn\/?post_type=product&#038;p=3550"},"modified":"2025-11-17T02:47:19","modified_gmt":"2025-11-17T02:47:19","slug":"new-arrivals-black-matte-cutlery-wedding-silverware-stainless-steel-spoons-and-forks-set-restaurant-flatware-set","status":"publish","type":"product","link":"https:\/\/www.cutlery.net.cn\/es\/producto\/new-arrivals-black-matte-cutlery-wedding-silverware-stainless-steel-spoons-and-forks-set-restaurant-flatware-set\/","title":{"rendered":"Nuevas Llegadas Negro Mate Cubiertos Boda Cubiertos de Acero Inoxidable Cucharas y Tenedores Set Restaurante Cubiertos Set"},"content":{"rendered":"<p><img fetchpriority=\"high\" decoding=\"async\" class=\"size-full wp-image-3540 aligncenter\" src=\"https:\/\/www.gdjiexun.cn\/wp-content\/uploads\/2025\/10\/S049-IDEA-Cutlery.webp\" alt=\"Nuevas Llegadas Negro Mate Cubiertos Boda Cubiertos de Acero Inoxidable Cucharas y Tenedores Set Restaurante Cubiertos Set\" width=\"700\" height=\"700\" srcset=\"https:\/\/www.cutlery.net.cn\/wp-content\/uploads\/2025\/10\/S049-IDEA-Cutlery.webp 700w, https:\/\/www.cutlery.net.cn\/wp-content\/uploads\/2025\/10\/S049-IDEA-Cutlery-300x300.webp 300w, https:\/\/www.cutlery.net.cn\/wp-content\/uploads\/2025\/10\/S049-IDEA-Cutlery-150x150.webp 150w, https:\/\/www.cutlery.net.cn\/wp-content\/uploads\/2025\/10\/S049-IDEA-Cutlery-600x600.webp 600w, https:\/\/www.cutlery.net.cn\/wp-content\/uploads\/2025\/10\/S049-IDEA-Cutlery-100x100.webp 100w\" sizes=\"(max-width: 700px) 100vw, 700px\" \/><\/p>\n<p>&nbsp;<\/p>\n<h2 style=\"color: #eb9363;\"><span style=\"font-size: 16pt;\">PAR\u00c1METROS DEL PRODUCTO<\/span><\/h2>\n<table style=\"height: 121px; width: 100%; border-collapse: collapse; border-style: solid; border-color: #dddddd;\" border=\"1\">\n<tbody>\n<tr style=\"height: 24px;\">\n<td style=\"width: 11.1439%; height: 24px; border: 1px solid #dddddd; background-color: #f2f2f2;\">N\u00ba de art\u00edculo<\/td>\n<td style=\"width: 13.6163%; height: 24px; border: 1px solid #dddddd; background-color: #f2f2f2;\">Nombre<\/td>\n<td style=\"width: 13.3949%; border: 1px solid #dddddd; background-color: #f2f2f2;\">Espesor (mm)<\/td>\n<td style=\"width: 14.5197%; height: 24px; border: 1px solid #dddddd; background-color: #f2f2f2;\">Pulido<\/td>\n<td style=\"width: 14.4459%; border: 1px solid #dddddd; background-color: #f2f2f2;\">Dimensiones (mm)<\/td>\n<td style=\"width: 15.241%; height: 24px; border: 1px solid #dddddd; background-color: #f2f2f2;\">Peso (g)<\/td>\n<\/tr>\n<tr style=\"height: 24px;\">\n<td style=\"width: 11.1439%; height: 97px; border: 1px solid #dddddd; vertical-align: middle;\" rowspan=\"8\"><span style=\"font-size: 14pt;\"><strong>S049<\/strong><\/span><\/td>\n<td style=\"width: 13.6163%; height: 24px; border: 1px solid #dddddd;\">Cuchara<\/td>\n<td style=\"width: 13.3949%; border: 1px solid #dddddd;\">7.0<\/td>\n<td style=\"width: 14.5197%; height: 24px; border: 1px solid #dddddd;\">espejo<\/td>\n<td style=\"width: 14.4459%; border: 1px solid #dddddd;\">43*195<\/td>\n<td style=\"width: 15.241%; height: 24px; border: 1px solid #dddddd;\">71.0<\/td>\n<\/tr>\n<tr style=\"height: 18.00pt;\">\n<td style=\"width: 13.6163%; height: 25px; border: 1px solid #dddddd;\">Tenedor de cena<\/td>\n<td style=\"width: 13.3949%; border: 1px solid #dddddd;\">7.0<\/td>\n<td style=\"width: 14.5197%; height: 25px; border: 1px solid #dddddd;\">espejo<\/td>\n<td style=\"width: 14.4459%; border: 1px solid #dddddd;\">25*193<\/td>\n<td style=\"width: 15.241%; height: 25px; border: 1px solid #dddddd;\">58.0<\/td>\n<\/tr>\n<tr style=\"height: 18.00pt;\">\n<td style=\"width: 13.6163%; height: 24px; border: 1px solid #dddddd;\">Cuchara de t\u00e9<\/td>\n<td style=\"width: 13.3949%; border: 1px solid #dddddd;\">5.5<\/td>\n<td style=\"width: 14.5197%; height: 24px; border: 1px solid #dddddd;\">espejo<\/td>\n<td style=\"width: 14.4459%; border: 1px solid #dddddd;\">31*138<\/td>\n<td style=\"width: 15.241%; height: 24px; border: 1px solid #dddddd;\">28.0<\/td>\n<\/tr>\n<tr style=\"height: 18.00pt;\">\n<td style=\"width: 13.6163%; border: 1px solid #dddddd;\">Tenedor para tartas<\/td>\n<td style=\"width: 13.3949%; border: 1px solid #dddddd;\">5.5<\/td>\n<td style=\"width: 14.5197%; border: 1px solid #dddddd;\">espejo<\/td>\n<td style=\"width: 14.4459%; border: 1px solid #dddddd;\">22.5*141<\/td>\n<td style=\"width: 15.241%; border: 1px solid #dddddd;\">24.0<\/td>\n<\/tr>\n<tr style=\"height: 18.00pt;\">\n<td style=\"width: 13.6163%; border: 1px solid #dddddd;\">Cuchillo<\/td>\n<td style=\"width: 13.3949%; border: 1px solid #dddddd;\">8.0<\/td>\n<td style=\"width: 14.5197%; border: 1px solid #dddddd;\">espejo<\/td>\n<td style=\"width: 14.4459%; border: 1px solid #dddddd;\">10*221<\/td>\n<td style=\"width: 15.241%; border: 1px solid #dddddd;\">70.0<\/td>\n<\/tr>\n<tr style=\"height: 18.00pt;\">\n<td style=\"width: 13.6163%; border: 1px solid #dddddd;\">Cuchara de caf\u00e9<\/td>\n<td style=\"width: 13.3949%; border: 1px solid #dddddd;\">4.0<\/td>\n<td style=\"width: 14.5197%; border: 1px solid #dddddd;\">espejo<\/td>\n<td style=\"width: 14.4459%; border: 1px solid #dddddd;\">22*114<\/td>\n<td style=\"width: 15.241%; border: 1px solid #dddddd;\">15.0<\/td>\n<\/tr>\n<tr style=\"height: 18.00pt;\">\n<td style=\"width: 13.6163%; border: 1px solid #dddddd;\">Tenedor de postre<\/td>\n<td style=\"width: 13.3949%; border: 1px solid #dddddd;\">6.5<\/td>\n<td style=\"width: 14.5197%; border: 1px solid #dddddd;\">espejo<\/td>\n<td style=\"width: 14.4459%; border: 1px solid #dddddd;\">23*181<\/td>\n<td style=\"width: 15.241%; border: 1px solid #dddddd;\">49.0<\/td>\n<\/tr>\n<tr style=\"height: 18.00pt;\">\n<td style=\"width: 13.6163%; height: 24px; border: 1px solid #dddddd;\">Cuchillo de postre<\/td>\n<td style=\"width: 13.3949%; border: 1px solid #dddddd;\">7.5<\/td>\n<td style=\"width: 14.5197%; height: 24px; border: 1px solid #dddddd;\">espejo<\/td>\n<td style=\"width: 14.4459%; border: 1px solid #dddddd;\">9.5*199<\/td>\n<td style=\"width: 15.241%; height: 24px; border: 1px solid #dddddd;\">58.0<\/td>\n<\/tr>\n<\/tbody>\n<\/table>\n<p>&nbsp;<\/p>\n<p>Una refinada y contempor\u00e1nea cuberter\u00eda de 4 piezas con mangos rectos y finos y un acabado unificado en negro mate. Dise\u00f1ado para un tacto equilibrado y una durabilidad diaria, este juego est\u00e1 pensado para hoteles, restaurantes, hosteler\u00eda y marcas privadas que buscan una soluci\u00f3n de vajilla elegante y moderna. Las opciones de material incluyen acero inoxidable 18\/10, 18\/0 y 13\/0; hay disponibles revestimientos decorativos de PVD como oro rosa y negro, o tonos personalizados. Se ofrecen servicios OEM y ODM.<\/p>\n<p>&nbsp;<\/p>\n<h2><strong><span style=\"font-size: 16pt;\">Caracter\u00edsticas principales<\/span><\/strong><\/h2>\n<ul>\n<li data-start=\"978\" data-end=\"1117\">\n<p data-start=\"980\" data-end=\"1117\" class=\"translation-block\"><strong data-start=\"980\" data-end=\"1003\">Silueta minimalista:<\/strong> asas rectas de bordes cuadrados con esquinas suavemente biseladas para un agarre c\u00f3modo y un lenguaje visual moderno.<\/p>\n<\/li>\n<li data-start=\"1118\" data-end=\"1247\">\n<p data-start=\"1120\" data-end=\"1247\" class=\"translation-block\"><strong data-start=\"1120\" data-end=\"1144\">Ergonom\u00eda equilibrada:<\/strong> perfil delgado con peso bien distribuido para un manejo sin esfuerzo tanto en servicio chapado como informal.<\/p>\n<\/li>\n<li data-start=\"1248\" data-end=\"1336\">\n<p data-start=\"1250\" data-end=\"1336\" class=\"translation-block\"><strong data-start=\"1250\" data-end=\"1269\">Geometr\u00eda de la cuchara:<\/strong> cuencos redondeados y ligeramente profundos para servir y emplatar con eficacia.<\/p>\n<\/li>\n<li data-start=\"1337\" data-end=\"1491\">\n<p data-start=\"1339\" data-end=\"1491\" class=\"translation-block\"><strong data-start=\"1339\" data-end=\"1363\">Dise\u00f1o de tenedor y cuchillo:<\/strong> p\u00faas espaciadas uniformemente para una perforaci\u00f3n limpia; cuchillo con un filo discreto para un corte eficaz conservando una l\u00ednea de hoja elegante.<\/p>\n<\/li>\n<li data-start=\"1492\" data-end=\"1619\">\n<p data-start=\"1494\" data-end=\"1619\" class=\"translation-block\"><strong data-start=\"1494\" data-end=\"1513\">Opciones de acabado:<\/strong> negro mate mostrado aqu\u00ed; tambi\u00e9n disponible en pulido espejo, satinado\/cepillado, granallado y otros acabados.<\/p>\n<\/li>\n<li data-start=\"1620\" data-end=\"1758\">\n<p data-start=\"1622\" data-end=\"1758\" class=\"translation-block\"><strong data-start=\"1622\" data-end=\"1637\">Durabilidad:<\/strong> dise\u00f1ada para un uso repetido en el servicio alimentario; revestimientos procesados para cumplir las normas de contacto con alimentos y desgaste cuando se especifica.<\/p>\n<\/li>\n<\/ul>\n<p>&nbsp;<\/p>\n<h2><span style=\"font-size: 16pt;\"><strong>Materiales y revestimientos<\/strong><\/span><\/h2>\n<ul>\n<li data-start=\"2062\" data-end=\"2207\">\n<p data-start=\"2064\" data-end=\"2207\" class=\"translation-block\"><strong data-start=\"2064\" data-end=\"2091\">Grados de acero inoxidable:<\/strong> 18\/10 (premium, mejor resistencia a la corrosi\u00f3n y brillo), 18\/0 (econ\u00f3mico, magn\u00e9tico), 13\/0 (econ\u00f3mico, duradero).<\/p>\n<\/li>\n<li data-start=\"2208\" data-end=\"2419\">\n<p data-start=\"2210\" data-end=\"2419\" class=\"translation-block\"><strong data-start=\"2210\" data-end=\"2234\">Recubrimientos decorativos:<\/strong> PVD disponible en <strong data-start=\"2252\" data-end=\"2265\">oro rosa<\/strong>, <strong data-start=\"2267\" data-end=\"2276\">negro<\/strong>, <strong data-start=\"2278\" data-end=\"2286\">oro<\/strong>, o tonos de color personalizados. El PVD ofrece una adherencia y una resistencia al desgaste superiores a las del chapado convencional cuando se procesa adecuadamente.<\/p>\n<\/li>\n<li data-start=\"2420\" data-end=\"2496\">\n<p data-start=\"2422\" data-end=\"2496\" class=\"translation-block\"><strong data-start=\"2422\" data-end=\"2445\">Tratamientos de superficie:<\/strong> pulido espejo, satinado\/cepillado, mate, granallado.<\/p>\n<\/li>\n<\/ul>\n<p>&nbsp;<\/p>\n<h2><strong><span style=\"font-size: 16pt;\">Configuraci\u00f3n t\u00edpica y especificaciones personalizables<\/span><\/strong><\/h2>\n<ul>\n<li data-start=\"2914\" data-end=\"3019\">\n<p data-start=\"2916\" data-end=\"3019\" class=\"translation-block\"><strong data-start=\"2916\" data-end=\"2942\">Configuraci\u00f3n t\u00edpica:<\/strong> Juego de 4 piezas - 1\u00d7 Cuchillo de cena, 1\u00d7 Tenedor de cena, 1\u00d7 Cuchara de mesa, 1\u00d7 Cucharilla de t\u00e9.<\/p>\n<\/li>\n<li data-start=\"3020\" data-end=\"3149\">\n<p data-start=\"3022\" data-end=\"3149\" class=\"translation-block\"><strong data-start=\"3022\" data-end=\"3045\">Art\u00edculos personalizables:<\/strong> perfil del mango, longitud total, profundidad de la cazoleta, n\u00famero\/longitud de las p\u00faas de la horquilla, estilo del filo de la cuchilla, equilibrio del peso.<\/p>\n<\/li>\n<li data-start=\"3150\" data-end=\"3246\">\n<p data-start=\"3152\" data-end=\"3246\" class=\"translation-block\"><strong data-start=\"3152\" data-end=\"3172\">MOQ &amp; lead time:<\/strong> flexible - presupuestos a medida seg\u00fan especificaci\u00f3n y volumen de pedido.<\/p>\n<\/li>\n<\/ul>\n<p>&nbsp;<\/p>\n<h2><strong><span style=\"font-size: 16pt;\">Recomendaciones de cuidado y uso<\/span><\/strong><\/h2>\n<ul>\n<li data-start=\"3913\" data-end=\"4142\">\n<p data-start=\"3915\" data-end=\"4142\">Para acabados PVD o chapados, siga las recomendaciones de limpieza para prolongar la vida de la superficie: evite los limpiadores abrasivos, utilice detergente suave y un pa\u00f1o suave. El uso del lavavajillas depende del acabado; consulte a IDEAL Cutlery las instrucciones espec\u00edficas para cada acabado.<\/p>\n<\/li>\n<li data-start=\"4143\" data-end=\"4245\">\n<p data-start=\"4145\" data-end=\"4245\">El almacenamiento en ambientes secos y el pulido ocasional para acabados de espejo mantendr\u00e1n la apariencia.<\/p>\n<\/li>\n<\/ul>\n<p class=\"translation-block\"><a href=\"\/es\/contact-us\/\" target=\"_self\"><strong>Contacte con IDEAL Cutlery<\/strong><\/a> para muestras, plazos de entrega, MOQ y presupuestos personalizados. Indique el material deseado (18\/10 | 18\/0 | 13\/0), el acabado (espejo | cepillado | mate | PVD color) y cualquier requisito de logotipo\/embalaje para recibir una propuesta personalizada.<\/p>","protected":false},"excerpt":{"rendered":"<p>&nbsp; \u25b8 PRODUCT PARAMETERS Item No: Name Thickness(mm) Polishing Dimensions(mm) Weight(g) S049 Dinner spoon 7.0 mirror 43*195 71.0 Dinner fork 7.0 mirror 25*193 58.0 Tea spoon 5.5 mirror 31*138 28.0 Cake fork 5.5 mirror 22.5*141 24.0 Dinner knife 8.0 mirror 10*221 70.0 Coffee spoon 4.0 mirror 22*114 15.0 Dessert fork 6.5 mirror 23*181 49.0 Dessert [&hellip;]<\/p>","protected":false},"featured_media":3540,"comment_status":"open","ping_status":"closed","template":"","meta":{"_seopress_robots_primary_cat":"none","_seopress_titles_title":"","_seopress_titles_desc":"","_seopress_robots_index":""},"product_brand":[],"product_cat":[75],"product_tag":[],"class_list":{"0":"post-3550","1":"product","2":"type-product","3":"status-publish","4":"has-post-thumbnail","6":"product_cat-srange","8":"first","9":"instock","10":"featured","11":"virtual","12":"purchasable","13":"product-type-simple"},"_links":{"self":[{"href":"https:\/\/www.cutlery.net.cn\/es\/wp-json\/wp\/v2\/product\/3550","targetHints":{"allow":["GET"]}}],"collection":[{"href":"https:\/\/www.cutlery.net.cn\/es\/wp-json\/wp\/v2\/product"}],"about":[{"href":"https:\/\/www.cutlery.net.cn\/es\/wp-json\/wp\/v2\/types\/product"}],"replies":[{"embeddable":true,"href":"https:\/\/www.cutlery.net.cn\/es\/wp-json\/wp\/v2\/comments?post=3550"}],"wp:featuredmedia":[{"embeddable":true,"href":"https:\/\/www.cutlery.net.cn\/es\/wp-json\/wp\/v2\/media\/3540"}],"wp:attachment":[{"href":"https:\/\/www.cutlery.net.cn\/es\/wp-json\/wp\/v2\/media?parent=3550"}],"wp:term":[{"taxonomy":"product_brand","embeddable":true,"href":"https:\/\/www.cutlery.net.cn\/es\/wp-json\/wp\/v2\/product_brand?post=3550"},{"taxonomy":"product_cat","embeddable":true,"href":"https:\/\/www.cutlery.net.cn\/es\/wp-json\/wp\/v2\/product_cat?post=3550"},{"taxonomy":"product_tag","embeddable":true,"href":"https:\/\/www.cutlery.net.cn\/es\/wp-json\/wp\/v2\/product_tag?post=3550"}],"curies":[{"name":"wp","href":"https:\/\/api.w.org\/{rel}","templated":true}]}}